{"id":2657,"date":"2024-11-06T08:55:29","date_gmt":"2024-11-06T13:55:29","guid":{"rendered":"https:\/\/juanchitoys.com\/?post_type=product&#038;p=2657"},"modified":"2025-06-12T18:32:27","modified_gmt":"2025-06-12T23:32:27","slug":"forbidden-gundam-hg-bandai","status":"publish","type":"product","link":"https:\/\/juanchitoys.com\/index.php\/producto\/forbidden-gundam-hg-bandai\/","title":{"rendered":"FORBIDDEN GUNDAM HG BANDAI"},"content":{"rendered":"<p>EL FORBIDDEN GUNDAM HG DE BANDAI ES UNA MAQUETA A ESCALA 1\/144 DEL IC\u00d3NICO M\u00d3VIL FORBIDDEN GUNDAM, PROVENIENTE DE LA SERIE MOBILE SUIT GUNDAM SEED. ESTE MODELO EN VERSI\u00d3N HIGH GRADE (HG) CUENTA CON DETALLES FIELES A SU DISE\u00d1O ORIGINAL, INCLUYENDO SU ARMAMENTO CARACTER\u00cdSTICO, COMO LA GUADA\u00d1A &#8220;NIDHOGGR&#8221; Y EL ESCUDO GESCHMEIDIG PANZER. ADEM\u00c1S, OFRECE UNA EXCELENTE MOVILIDAD EN SUS ARTICULACIONES PARA RECREAR POSES DIN\u00c1MICAS Y COMBATES.<\/p>\n<p>ESTE KIT ES IDEAL TANTO PARA COLECCIONISTAS COMO PARA FAN\u00c1TICOS DE LA SERIE QUE BUSCAN UNA R\u00c9PLICA DE CALIDAD Y PRECISI\u00d3N.<\/p>\n<p>FICHA TECNICA:<\/p>\n<p>MARCA BANDAI<br \/>\nESCALA 1\/444<br \/>\nLINEA HG SERIES<br \/>\nARTICULABLE<br \/>\nREQUIERE ENSAMBLADO<br \/>\nDETALLES PRECISOS<\/p>\n","protected":false},"excerpt":{"rendered":"<p>EL FORBIDDEN GUNDAM HG DE BANDAI ES UNA MAQUETA A ESCALA 1\/144 DEL IC\u00d3NICO M\u00d3VIL FORBIDDEN GUNDAM, PROVENIENTE DE LA SERIE MOBILE SUIT GUNDAM SEED.<\/p>\n","protected":false},"featured_media":2658,"comment_status":"open","ping_status":"closed","template":"","meta":[],"product_brand":[],"product_cat":[101,89],"product_tag":[35,67],"class_list":{"0":"post-2657","1":"product","2":"type-product","3":"status-publish","4":"has-post-thumbnail","6":"product_cat-gundam-anime","7":"product_cat-novedades","8":"product_tag-bandai","9":"product_tag-plastic-model","11":"first","12":"outofstock","13":"shipping-taxable","14":"purchasable","15":"product-type-simple"},"_links":{"self":[{"href":"https:\/\/juanchitoys.com\/index.php\/wp-json\/wp\/v2\/product\/2657","targetHints":{"allow":["GET"]}}],"collection":[{"href":"https:\/\/juanchitoys.com\/index.php\/wp-json\/wp\/v2\/product"}],"about":[{"href":"https:\/\/juanchitoys.com\/index.php\/wp-json\/wp\/v2\/types\/product"}],"replies":[{"embeddable":true,"href":"https:\/\/juanchitoys.com\/index.php\/wp-json\/wp\/v2\/comments?post=2657"}],"wp:featuredmedia":[{"embeddable":true,"href":"https:\/\/juanchitoys.com\/index.php\/wp-json\/wp\/v2\/media\/2658"}],"wp:attachment":[{"href":"https:\/\/juanchitoys.com\/index.php\/wp-json\/wp\/v2\/media?parent=2657"}],"wp:term":[{"taxonomy":"product_brand","embeddable":true,"href":"https:\/\/juanchitoys.com\/index.php\/wp-json\/wp\/v2\/product_brand?post=2657"},{"taxonomy":"product_cat","embeddable":true,"href":"https:\/\/juanchitoys.com\/index.php\/wp-json\/wp\/v2\/product_cat?post=2657"},{"taxonomy":"product_tag","embeddable":true,"href":"https:\/\/juanchitoys.com\/index.php\/wp-json\/wp\/v2\/product_tag?post=2657"}],"curies":[{"name":"wp","href":"https:\/\/api.w.org\/{rel}","templated":true}]}}