{"id":2648,"date":"2024-11-05T17:17:53","date_gmt":"2024-11-05T22:17:53","guid":{"rendered":"https:\/\/juanchitoys.com\/?post_type=product&#038;p=2648"},"modified":"2025-06-12T18:32:42","modified_gmt":"2025-06-12T23:32:42","slug":"figure-rise-standard-digimon-dukemon-gallantmon-bandai","status":"publish","type":"product","link":"https:\/\/juanchitoys.com\/index.php\/producto\/figure-rise-standard-digimon-dukemon-gallantmon-bandai\/","title":{"rendered":"FIGURE RISE STANDARD DIGIMON DUKEMON GALLANTMON BANDAI"},"content":{"rendered":"<p>LA FIGURA FIGURE RISE STANDARD DIGIMON DUKEMON (GALLANTMON) DE BANDAI CAPTURA AL PODEROSO DIGIMON EN SU FORMA GALLANTMON, DESTACANDO SU IMPONENTE ARMADURA Y ESPADA. ESTE MODELO A ESCALA OFRECE UNA CONSTRUCCI\u00d3N DETALLADA Y ARTICULADA, PERMITIENDO PERSONALIZACI\u00d3N Y POSEABILIDAD. CON COLORES VIBRANTES Y ACABADOS PRECISOS, REPRESENTA FIELMENTE LA ESENCIA DEL PERSONAJE IC\u00d3NICO DE DIGIMON . IDEAL PARA COLECCIONISTAS Y AFICIONADOS, ESTA FIGURA ES PERFECTA PARA AQUELLOS QUE DESEAN REVIVIR LAS EMOCIONANTES BATALLAS DEL UNIVERSO DE DIGIMON .<\/p>\n<p>FICHA TECNICA:<\/p>\n<p>ALTURA 17CM<br \/>\nMARCA BANDAI<br \/>\nLINEA RISE STANDARD<br \/>\nARTICULABLE<\/p>\n","protected":false},"excerpt":{"rendered":"<p>LA FIGURA FIGURE RISE STANDARD DIGIMON DUKEMON (GALLANTMON) DE BANDAI CAPTURA AL PODEROSO DIGIMON EN SU FORMA GALLANTMON, DESTACANDO SU IMPONENTE ARMADURA Y ESPADA. ESTE MODELO A ESCALA OFRECE UNA CONSTRUCCI\u00d3N DETALLADA Y ARTICULADA, PERMITIENDO PERSONALIZACI\u00d3N Y POSEABILIDAD.<\/p>\n","protected":false},"featured_media":2650,"comment_status":"open","ping_status":"closed","template":"","meta":[],"product_brand":[],"product_cat":[63,89],"product_tag":[35,67],"class_list":{"0":"post-2648","1":"product","2":"type-product","3":"status-publish","4":"has-post-thumbnail","6":"product_cat-digimon","7":"product_cat-novedades","8":"product_tag-bandai","9":"product_tag-plastic-model","11":"first","12":"outofstock","13":"shipping-taxable","14":"purchasable","15":"product-type-simple"},"_links":{"self":[{"href":"https:\/\/juanchitoys.com\/index.php\/wp-json\/wp\/v2\/product\/2648","targetHints":{"allow":["GET"]}}],"collection":[{"href":"https:\/\/juanchitoys.com\/index.php\/wp-json\/wp\/v2\/product"}],"about":[{"href":"https:\/\/juanchitoys.com\/index.php\/wp-json\/wp\/v2\/types\/product"}],"replies":[{"embeddable":true,"href":"https:\/\/juanchitoys.com\/index.php\/wp-json\/wp\/v2\/comments?post=2648"}],"wp:featuredmedia":[{"embeddable":true,"href":"https:\/\/juanchitoys.com\/index.php\/wp-json\/wp\/v2\/media\/2650"}],"wp:attachment":[{"href":"https:\/\/juanchitoys.com\/index.php\/wp-json\/wp\/v2\/media?parent=2648"}],"wp:term":[{"taxonomy":"product_brand","embeddable":true,"href":"https:\/\/juanchitoys.com\/index.php\/wp-json\/wp\/v2\/product_brand?post=2648"},{"taxonomy":"product_cat","embeddable":true,"href":"https:\/\/juanchitoys.com\/index.php\/wp-json\/wp\/v2\/product_cat?post=2648"},{"taxonomy":"product_tag","embeddable":true,"href":"https:\/\/juanchitoys.com\/index.php\/wp-json\/wp\/v2\/product_tag?post=2648"}],"curies":[{"name":"wp","href":"https:\/\/api.w.org\/{rel}","templated":true}]}}