{"id":2635,"date":"2024-11-05T16:35:35","date_gmt":"2024-11-05T21:35:35","guid":{"rendered":"https:\/\/juanchitoys.com\/?post_type=product&#038;p=2635"},"modified":"2025-11-18T18:26:58","modified_gmt":"2025-11-18T23:26:58","slug":"giyu-tomioka-masterlise-ichiban-kuji-b","status":"publish","type":"product","link":"https:\/\/juanchitoys.com\/index.php\/producto\/giyu-tomioka-masterlise-ichiban-kuji-b\/","title":{"rendered":"GIYU TOMIOKA MASTERLISE ICHIBAN KUJI B"},"content":{"rendered":"<p>LA FIGURA TOMIOKA ICHIBAN KUJI B REPRESENTA A GIYU TOMIOKA, EL PILAR DEL AGUA DE DEMON SLAYER , EN UNA POSE DIN\u00c1MICA QUE REFLEJA SU DETERMINACI\u00d3N Y PODER. DETALLADAMENTE ESCULPIDA, MUESTRA SU UNIFORME DISTINTIVO Y SU HAORI, AS\u00cd COMO SU ESPADA LISTA PARA LA ACCI\u00d3N. CON UNA EXPRESI\u00d3N SERIA QUE CAPTA SU CAR\u00c1CTER FUERTE Y PROTECTOR, ESTA FIGURA ES UNA EXCELENTE ADICI\u00d3N PARA LOS FANS DE LA SERIE, OFRECIENDO UNA REPRESENTACI\u00d3N IMPACTANTE Y FIEL DE UNO DE LOS PERSONAJES M\u00c1S QUERIDOS DE DEMON SLAYER .<\/p>\n<p>FICHA TECNICA:<\/p>\n<p>ALTURA 26CM<br \/>\nMARCA BANDAI<br \/>\nLINEA ICHIBAN KUJI<br \/>\nNO ARTICULABLE<\/p>\n","protected":false},"excerpt":{"rendered":"<p>LA FIGURA TOMIOKA ICHIBAN KUJI B REPRESENTA A GIYU TOMIOKA, EL PILAR DEL AGUA DE DEMON SLAYER , EN UNA POSE DIN\u00c1MICA QUE REFLEJA SU DETERMINACI\u00d3N Y PODER. DETALLADAMENTE ESCULPIDA, MUESTRA SU UNIFORME DISTINTIVO Y SU HAORI, AS\u00cd COMO SU ESPADA LISTA PARA LA ACCI\u00d3N.<\/p>\n","protected":false},"featured_media":2637,"comment_status":"open","ping_status":"closed","template":"","meta":[],"product_brand":[],"product_cat":[20,89],"product_tag":[35,39],"class_list":{"0":"post-2635","1":"product","2":"type-product","3":"status-publish","4":"has-post-thumbnail","6":"product_cat-kimetsu-no-yaiba","7":"product_cat-novedades","8":"product_tag-bandai","9":"product_tag-ichiban-kuji","11":"first","12":"outofstock","13":"shipping-taxable","14":"purchasable","15":"product-type-simple"},"_links":{"self":[{"href":"https:\/\/juanchitoys.com\/index.php\/wp-json\/wp\/v2\/product\/2635","targetHints":{"allow":["GET"]}}],"collection":[{"href":"https:\/\/juanchitoys.com\/index.php\/wp-json\/wp\/v2\/product"}],"about":[{"href":"https:\/\/juanchitoys.com\/index.php\/wp-json\/wp\/v2\/types\/product"}],"replies":[{"embeddable":true,"href":"https:\/\/juanchitoys.com\/index.php\/wp-json\/wp\/v2\/comments?post=2635"}],"wp:featuredmedia":[{"embeddable":true,"href":"https:\/\/juanchitoys.com\/index.php\/wp-json\/wp\/v2\/media\/2637"}],"wp:attachment":[{"href":"https:\/\/juanchitoys.com\/index.php\/wp-json\/wp\/v2\/media?parent=2635"}],"wp:term":[{"taxonomy":"product_brand","embeddable":true,"href":"https:\/\/juanchitoys.com\/index.php\/wp-json\/wp\/v2\/product_brand?post=2635"},{"taxonomy":"product_cat","embeddable":true,"href":"https:\/\/juanchitoys.com\/index.php\/wp-json\/wp\/v2\/product_cat?post=2635"},{"taxonomy":"product_tag","embeddable":true,"href":"https:\/\/juanchitoys.com\/index.php\/wp-json\/wp\/v2\/product_tag?post=2635"}],"curies":[{"name":"wp","href":"https:\/\/api.w.org\/{rel}","templated":true}]}}