{"id":263,"date":"2024-06-06T12:16:20","date_gmt":"2024-06-06T17:16:20","guid":{"rendered":"https:\/\/juanchitoys.com\/?post_type=product&#038;p=263"},"modified":"2025-01-23T17:32:31","modified_gmt":"2025-01-23T22:32:31","slug":"aoi-kanzaki","status":"publish","type":"product","link":"https:\/\/juanchitoys.com\/index.php\/producto\/aoi-kanzaki\/","title":{"rendered":"AOI KANZAKI"},"content":{"rendered":"<p>AOI EST\u00c1 HECHA DE MATERIALES DE ALTA CALIDAD, COMO PVC Y ABS. LA FIGURA CAPTURA EL DISE\u00d1O Y LA APARIENCIA DEL PERSONAJE CON GRAN DETALLE Y PRECISI\u00d3N, CON UNA PINTURA Y ACABADO DE EXCELENTE CALIDAD. EL COLOR PREDOMINANTE DE LA FIGURA ES UNA TONALIDAD SEPIA, D\u00c1NDOLE UN ASPECTO VINTAGE Y ELEGANTE.<\/p>\n<p>FICHA TECNICA:<br \/>\n* KIMETSU NO YAIBA: BANDAI SPIRITS &#8211; AOI VERSION SEPIA A<br \/>\n* MATERIAL: PVC<br \/>\n* TAMA\u00d1O 14 CM DE ALTO<br \/>\n* ORIGEN JAPON<\/p>\n","protected":false},"excerpt":{"rendered":"<p>AOI EST\u00c1 HECHA DE MATERIALES DE ALTA CALIDAD, COMO PVC Y ABS. LA FIGURA CAPTURA EL DISE\u00d1O Y LA APARIENCIA DEL PERSONAJE CON GRAN DETALLE Y PRECISI\u00d3N, CON UNA PINTURA Y ACABADO DE EXCELENTE CALIDAD<\/p>\n","protected":false},"featured_media":265,"comment_status":"open","ping_status":"closed","template":"","meta":[],"product_brand":[],"product_cat":[20],"product_tag":[35,47],"class_list":{"0":"post-263","1":"product","2":"type-product","3":"status-publish","4":"has-post-thumbnail","6":"product_cat-kimetsu-no-yaiba","7":"product_tag-bandai","8":"product_tag-sepia","10":"first","11":"instock","12":"shipping-taxable","13":"purchasable","14":"product-type-simple"},"_links":{"self":[{"href":"https:\/\/juanchitoys.com\/index.php\/wp-json\/wp\/v2\/product\/263","targetHints":{"allow":["GET"]}}],"collection":[{"href":"https:\/\/juanchitoys.com\/index.php\/wp-json\/wp\/v2\/product"}],"about":[{"href":"https:\/\/juanchitoys.com\/index.php\/wp-json\/wp\/v2\/types\/product"}],"replies":[{"embeddable":true,"href":"https:\/\/juanchitoys.com\/index.php\/wp-json\/wp\/v2\/comments?post=263"}],"wp:featuredmedia":[{"embeddable":true,"href":"https:\/\/juanchitoys.com\/index.php\/wp-json\/wp\/v2\/media\/265"}],"wp:attachment":[{"href":"https:\/\/juanchitoys.com\/index.php\/wp-json\/wp\/v2\/media?parent=263"}],"wp:term":[{"taxonomy":"product_brand","embeddable":true,"href":"https:\/\/juanchitoys.com\/index.php\/wp-json\/wp\/v2\/product_brand?post=263"},{"taxonomy":"product_cat","embeddable":true,"href":"https:\/\/juanchitoys.com\/index.php\/wp-json\/wp\/v2\/product_cat?post=263"},{"taxonomy":"product_tag","embeddable":true,"href":"https:\/\/juanchitoys.com\/index.php\/wp-json\/wp\/v2\/product_tag?post=263"}],"curies":[{"name":"wp","href":"https:\/\/api.w.org\/{rel}","templated":true}]}}