{"id":2620,"date":"2024-11-05T16:16:29","date_gmt":"2024-11-05T21:16:29","guid":{"rendered":"https:\/\/juanchitoys.com\/?post_type=product&#038;p=2620"},"modified":"2025-06-12T18:33:11","modified_gmt":"2025-06-12T23:33:11","slug":"tengen-uzui-sega-figurizma","status":"publish","type":"product","link":"https:\/\/juanchitoys.com\/index.php\/producto\/tengen-uzui-sega-figurizma\/","title":{"rendered":"TENGEN UZUI SEGA FIGURIZMA"},"content":{"rendered":"<p>LA FIGURA TENGEN UZUI SEGA FIGURIZMA PRESENTA AL EXTRAVAGANTE PILAR DEL SONIDO DE DEMON SLAYER EN UNA POSE PODEROSA QUE REFLEJA SU CARISMA Y FUERZA. CON UN NIVEL DE DETALLE QUE RESALTA SU MUSCULATURA, VESTIMENTA CARACTER\u00cdSTICA Y LAS CINTAS EN SU FRENTE, ESTA FIGURA CAPTURA LA PERSONALIDAD VIBRANTE Y AUDAZ DE TENGEN. ES IDEAL PARA LOS FAN\u00c1TICOS DE LA SERIE, A\u00d1ADIENDO DINAMISMO Y ESTILO A CUALQUIER COLECCI\u00d3N CON ESTA INTERPRETACI\u00d3N DEL IC\u00d3NICO CAZADOR DE DEMONIOS.<\/p>\n<p>FICHA TECNICA:<\/p>\n<p>ALTURA 16CM<br \/>\nMARCA SEGA<br \/>\nLINEA FIGURIZMA<br \/>\nNO ARTICULABLE<\/p>\n","protected":false},"excerpt":{"rendered":"<p>LA FIGURA TENGEN UZUI SEGA FIGURIZMA PRESENTA AL EXTRAVAGANTE PILAR DEL SONIDO DE DEMON SLAYER EN UNA POSE PODEROSA QUE REFLEJA SU CARISMA Y FUERZA.<\/p>\n","protected":false},"featured_media":2621,"comment_status":"open","ping_status":"closed","template":"","meta":[],"product_brand":[],"product_cat":[20,89],"product_tag":[51,45],"class_list":{"0":"post-2620","1":"product","2":"type-product","3":"status-publish","4":"has-post-thumbnail","6":"product_cat-kimetsu-no-yaiba","7":"product_cat-novedades","8":"product_tag-figurizma","9":"product_tag-sega","11":"first","12":"outofstock","13":"shipping-taxable","14":"purchasable","15":"product-type-simple"},"_links":{"self":[{"href":"https:\/\/juanchitoys.com\/index.php\/wp-json\/wp\/v2\/product\/2620","targetHints":{"allow":["GET"]}}],"collection":[{"href":"https:\/\/juanchitoys.com\/index.php\/wp-json\/wp\/v2\/product"}],"about":[{"href":"https:\/\/juanchitoys.com\/index.php\/wp-json\/wp\/v2\/types\/product"}],"replies":[{"embeddable":true,"href":"https:\/\/juanchitoys.com\/index.php\/wp-json\/wp\/v2\/comments?post=2620"}],"wp:featuredmedia":[{"embeddable":true,"href":"https:\/\/juanchitoys.com\/index.php\/wp-json\/wp\/v2\/media\/2621"}],"wp:attachment":[{"href":"https:\/\/juanchitoys.com\/index.php\/wp-json\/wp\/v2\/media?parent=2620"}],"wp:term":[{"taxonomy":"product_brand","embeddable":true,"href":"https:\/\/juanchitoys.com\/index.php\/wp-json\/wp\/v2\/product_brand?post=2620"},{"taxonomy":"product_cat","embeddable":true,"href":"https:\/\/juanchitoys.com\/index.php\/wp-json\/wp\/v2\/product_cat?post=2620"},{"taxonomy":"product_tag","embeddable":true,"href":"https:\/\/juanchitoys.com\/index.php\/wp-json\/wp\/v2\/product_tag?post=2620"}],"curies":[{"name":"wp","href":"https:\/\/api.w.org\/{rel}","templated":true}]}}