{"id":2616,"date":"2024-11-05T16:11:25","date_gmt":"2024-11-05T21:11:25","guid":{"rendered":"https:\/\/juanchitoys.com\/?post_type=product&#038;p=2616"},"modified":"2026-01-06T14:55:23","modified_gmt":"2026-01-06T19:55:23","slug":"tanjiro-kamado-noodle-stopper","status":"publish","type":"product","link":"https:\/\/juanchitoys.com\/index.php\/producto\/tanjiro-kamado-noodle-stopper\/","title":{"rendered":"TANJIRO KAMADO NOODLE STOPPER"},"content":{"rendered":"<p>LA FIGURA TANJIRO KAMADO NOODLE STOPPER CAPTURADA AL PROTAGONISTA DE DEMON SLAYER EN UNA POSE ARRODILLADA , PERFECTA PARA COLOCAR SOBRE EL BORDE DE UN RECIPIENTE DE RAMEN O EN UNA REPISA. TANJIRO LUCE SU CARACTER\u00cdSTICO UNIFORME DE CAZADOR Y SU HAORI A CUADROS VERDES Y NEGROS, CON UNA EXPRESI\u00d3N DECIDIDA Y DETALLADA QUE REFLEJA SU VALENT\u00cdA. ESTA FIGURA PR\u00c1CTICA Y DECORATIVA ES IDEAL PARA LOS FANS DE LA SERIE, A\u00d1ADIENDO UN TOQUE ESPECIAL A CUALQUIER ESPACIO O COLECCI\u00d3N DE DEMON SLAYER .<\/p>\n<p>FICHA TECNICA:<\/p>\n<p>ALTURA 9CM<br \/>\nMARCA FURYU<br \/>\nLINEA NOODLES STOPPER<br \/>\nNO ARTICULABLE<\/p>\n","protected":false},"excerpt":{"rendered":"<p>LA FIGURA TANJIRO KAMADO NOODLE STOPPER CAPTURADA AL PROTAGONISTA DE DEMON SLAYER EN UNA POSE ARRODILLADA , PERFECTA PARA COLOCAR SOBRE EL BORDE DE UN RECIPIENTE DE RAMEN O EN UNA REPISA.<\/p>\n","protected":false},"featured_media":2619,"comment_status":"open","ping_status":"closed","template":"","meta":[],"product_brand":[],"product_cat":[20,89],"product_tag":[57],"class_list":{"0":"post-2616","1":"product","2":"type-product","3":"status-publish","4":"has-post-thumbnail","6":"product_cat-kimetsu-no-yaiba","7":"product_cat-novedades","8":"product_tag-furyu","10":"first","11":"outofstock","12":"shipping-taxable","13":"purchasable","14":"product-type-simple"},"_links":{"self":[{"href":"https:\/\/juanchitoys.com\/index.php\/wp-json\/wp\/v2\/product\/2616","targetHints":{"allow":["GET"]}}],"collection":[{"href":"https:\/\/juanchitoys.com\/index.php\/wp-json\/wp\/v2\/product"}],"about":[{"href":"https:\/\/juanchitoys.com\/index.php\/wp-json\/wp\/v2\/types\/product"}],"replies":[{"embeddable":true,"href":"https:\/\/juanchitoys.com\/index.php\/wp-json\/wp\/v2\/comments?post=2616"}],"wp:featuredmedia":[{"embeddable":true,"href":"https:\/\/juanchitoys.com\/index.php\/wp-json\/wp\/v2\/media\/2619"}],"wp:attachment":[{"href":"https:\/\/juanchitoys.com\/index.php\/wp-json\/wp\/v2\/media?parent=2616"}],"wp:term":[{"taxonomy":"product_brand","embeddable":true,"href":"https:\/\/juanchitoys.com\/index.php\/wp-json\/wp\/v2\/product_brand?post=2616"},{"taxonomy":"product_cat","embeddable":true,"href":"https:\/\/juanchitoys.com\/index.php\/wp-json\/wp\/v2\/product_cat?post=2616"},{"taxonomy":"product_tag","embeddable":true,"href":"https:\/\/juanchitoys.com\/index.php\/wp-json\/wp\/v2\/product_tag?post=2616"}],"curies":[{"name":"wp","href":"https:\/\/api.w.org\/{rel}","templated":true}]}}