{"id":2602,"date":"2024-11-05T15:29:00","date_gmt":"2024-11-05T20:29:00","guid":{"rendered":"https:\/\/juanchitoys.com\/?post_type=product&#038;p=2602"},"modified":"2025-11-18T18:27:08","modified_gmt":"2025-11-18T23:27:08","slug":"slime-rimuru-tempest-formal-wear-espresto","status":"publish","type":"product","link":"https:\/\/juanchitoys.com\/index.php\/producto\/slime-rimuru-tempest-formal-wear-espresto\/","title":{"rendered":"SLIME RIMURU TEMPEST FORMAL WEAR ESPRESTO"},"content":{"rendered":"<p>LA FIGURA SLIME RIMURU TEMPEST FORMAL WEAR ESPRESTO MUESTRA AL PROTAGONISTA DE THAT TIME I GOT REINCARNATED AS A SLIME EN UN ELEGANTE ATUENDO FORMAL. RIMURU EST\u00c1 VESTIDO CON UN TRAJE C\u00d3MODO, QUE A\u00d1ADE UN TOQUE DE DISTINCI\u00d3N A SU IMAGEN HABITUALMENTE RELAJADA. CON ACABADOS DETALLADOS EN EL TRAJE Y UNA EXPRESI\u00d3N SERENA, ESTA FIGURA CAPTURA LA ESENCIA NOBLE DEL PERSONAJE, OFRECIENDO UNA VERSI\u00d3N \u00daNICA Y ESTILIZADA DE RIMURU PARA LOS FAN\u00c1TICOS DE LA SERIE.<\/p>\n<p>FICHA TECNICA:<\/p>\n<p>ALTURA 20CM<br \/>\nMARCA BANDAI<br \/>\nLINEA ESPRESTO<br \/>\nNO ARTICULABLE<\/p>\n","protected":false},"excerpt":{"rendered":"<p>LA FIGURA SLIME RIMURU TEMPEST FORMAL WEAR ESPRESTO MUESTRA AL PROTAGONISTA DE THAT TIME I GOT REINCARNATED AS A SLIME EN UN ELEGANTE ATUENDO FORMAL. RIMURU EST\u00c1 VESTIDO CON UN TRAJE C\u00d3MODO, QUE A\u00d1ADE UN TOQUE DE DISTINCI\u00d3N A SU IMAGEN HABITUALMENTE RELAJADA. CON ACABADOS DETALLADOS EN EL TRAJE Y UNA EXPRESI\u00d3N SERENA<\/p>\n","protected":false},"featured_media":2606,"comment_status":"open","ping_status":"closed","template":"","meta":[],"product_brand":[],"product_cat":[33,89],"product_tag":[35,99],"class_list":{"0":"post-2602","1":"product","2":"type-product","3":"status-publish","4":"has-post-thumbnail","6":"product_cat-variados","7":"product_cat-novedades","8":"product_tag-bandai","9":"product_tag-espresto","11":"first","12":"outofstock","13":"shipping-taxable","14":"purchasable","15":"product-type-simple"},"_links":{"self":[{"href":"https:\/\/juanchitoys.com\/index.php\/wp-json\/wp\/v2\/product\/2602","targetHints":{"allow":["GET"]}}],"collection":[{"href":"https:\/\/juanchitoys.com\/index.php\/wp-json\/wp\/v2\/product"}],"about":[{"href":"https:\/\/juanchitoys.com\/index.php\/wp-json\/wp\/v2\/types\/product"}],"replies":[{"embeddable":true,"href":"https:\/\/juanchitoys.com\/index.php\/wp-json\/wp\/v2\/comments?post=2602"}],"wp:featuredmedia":[{"embeddable":true,"href":"https:\/\/juanchitoys.com\/index.php\/wp-json\/wp\/v2\/media\/2606"}],"wp:attachment":[{"href":"https:\/\/juanchitoys.com\/index.php\/wp-json\/wp\/v2\/media?parent=2602"}],"wp:term":[{"taxonomy":"product_brand","embeddable":true,"href":"https:\/\/juanchitoys.com\/index.php\/wp-json\/wp\/v2\/product_brand?post=2602"},{"taxonomy":"product_cat","embeddable":true,"href":"https:\/\/juanchitoys.com\/index.php\/wp-json\/wp\/v2\/product_cat?post=2602"},{"taxonomy":"product_tag","embeddable":true,"href":"https:\/\/juanchitoys.com\/index.php\/wp-json\/wp\/v2\/product_tag?post=2602"}],"curies":[{"name":"wp","href":"https:\/\/api.w.org\/{rel}","templated":true}]}}