{"id":2588,"date":"2024-11-05T14:38:27","date_gmt":"2024-11-05T19:38:27","guid":{"rendered":"https:\/\/juanchitoys.com\/?post_type=product&#038;p=2588"},"modified":"2026-01-08T15:27:18","modified_gmt":"2026-01-08T20:27:18","slug":"rob-lucci-awakening-ver-king-of-artist-bandai","status":"publish","type":"product","link":"https:\/\/juanchitoys.com\/index.php\/producto\/rob-lucci-awakening-ver-king-of-artist-bandai\/","title":{"rendered":"ROB LUCCI (AWAKENING VER.) KING OF ARTIST BANDAI"},"content":{"rendered":"<p>LA FIGURA &#8220;ROB LUCCI (AWAKENING VER.) KING OF ARTIST&#8221; DE BANDAI PRESENTA AL POPULAR PERSONAJE DE ONE PIECE EN SU FORMA DE DESPERTAR. CON UN DISE\u00d1O DIN\u00c1MICO Y DETALLADO, CAPTURA LA ESENCIA DEL PODEROSO LUCHADOR Y SU ELEGANTE ATUENDO, INCLUYENDO SU VESTIMENTA DISTINTIVA Y SU CARACTER\u00cdSTICA MIRADA DESAFIANTE. LA FIGURA DESTACA POR SU ARTICULACI\u00d3N Y POSE, PERMITIENDO DIVERSAS OPCIONES DE VISUALIZACI\u00d3N. ES UNA PIEZA IMPRESCINDIBLE PARA LOS FAN\u00c1TICOS DE ONE PIECE Y COLECCIONISTAS, REFLEJANDO TANTO LA FUERZA COMO LA PERSONALIDAD DEL PERSONAJE EN UN ACABADO IMPRESIONANTE.<\/p>\n<p>FICHA TECNICA:<\/p>\n<p>-ALTURA 19 CM<br \/>\n-MARCA BANDAI<br \/>\n-LINEA KING OF ARTIST<br \/>\n-NO ARTICULABLE<\/p>\n","protected":false},"excerpt":{"rendered":"<p>LA FIGURA &#8220;ROB LUCCI (AWAKENING VER.) KING OF ARTIST&#8221; DE BANDAI PRESENTA AL POPULAR PERSONAJE DE ONE PIECE EN SU FORMA DE DESPERTAR. CON UN DISE\u00d1O DIN\u00c1MICO Y DETALLADO, CAPTURA LA ESENCIA DEL PODEROSO LUCHADOR Y SU ELEGANTE ATUENDO, INCLUYENDO SU VESTIMENTA DISTINTIVA Y SU CARACTER\u00cdSTICA MIRADA DESAFIANTE. LA FIGURA DESTACA POR SU ARTICULACI\u00d3N Y POSE<\/p>\n","protected":false},"featured_media":2592,"comment_status":"open","ping_status":"closed","template":"","meta":[],"product_brand":[],"product_cat":[19,89],"product_tag":[35,95],"class_list":{"0":"post-2588","1":"product","2":"type-product","3":"status-publish","4":"has-post-thumbnail","6":"product_cat-one-piece","7":"product_cat-novedades","8":"product_tag-bandai","9":"product_tag-king-of-artist","11":"first","12":"outofstock","13":"shipping-taxable","14":"purchasable","15":"product-type-simple"},"_links":{"self":[{"href":"https:\/\/juanchitoys.com\/index.php\/wp-json\/wp\/v2\/product\/2588","targetHints":{"allow":["GET"]}}],"collection":[{"href":"https:\/\/juanchitoys.com\/index.php\/wp-json\/wp\/v2\/product"}],"about":[{"href":"https:\/\/juanchitoys.com\/index.php\/wp-json\/wp\/v2\/types\/product"}],"replies":[{"embeddable":true,"href":"https:\/\/juanchitoys.com\/index.php\/wp-json\/wp\/v2\/comments?post=2588"}],"wp:featuredmedia":[{"embeddable":true,"href":"https:\/\/juanchitoys.com\/index.php\/wp-json\/wp\/v2\/media\/2592"}],"wp:attachment":[{"href":"https:\/\/juanchitoys.com\/index.php\/wp-json\/wp\/v2\/media?parent=2588"}],"wp:term":[{"taxonomy":"product_brand","embeddable":true,"href":"https:\/\/juanchitoys.com\/index.php\/wp-json\/wp\/v2\/product_brand?post=2588"},{"taxonomy":"product_cat","embeddable":true,"href":"https:\/\/juanchitoys.com\/index.php\/wp-json\/wp\/v2\/product_cat?post=2588"},{"taxonomy":"product_tag","embeddable":true,"href":"https:\/\/juanchitoys.com\/index.php\/wp-json\/wp\/v2\/product_tag?post=2588"}],"curies":[{"name":"wp","href":"https:\/\/api.w.org\/{rel}","templated":true}]}}