{"id":2566,"date":"2024-11-05T14:01:53","date_gmt":"2024-11-05T19:01:53","guid":{"rendered":"https:\/\/juanchitoys.com\/?post_type=product&#038;p=2566"},"modified":"2025-06-12T18:34:16","modified_gmt":"2025-06-12T23:34:16","slug":"nezuko-ichiban-kuji-b","status":"publish","type":"product","link":"https:\/\/juanchitoys.com\/index.php\/producto\/nezuko-ichiban-kuji-b\/","title":{"rendered":"NEZUKO ICHIBAN KUJI B"},"content":{"rendered":"<p>LA FIGURA NEZUKO ICHIBAN KUJI B ES UNA HERMOSA REPRESENTACI\u00d3N DE NEZUKO KAMADO, UN PERSONAJE CENTRAL DE \u201cDEMON SLAYER: KIMETSU NO YAIBA\u201d. CAPTURA SU ESENCIA ENCANTADORA Y PODEROSA EN UNA POSE DIN\u00c1MICA QUE RESALTA SU AGILIDAD Y DETERMINACI\u00d3N. LA FIGURA MUESTRA SU CABELLO DISTINTIVO LARGO Y OSCURO, AS\u00cd COMO SU ELEGANTE YUKATA, CON DETALLES METICULOSOS QUE REFLEJAN SU NATURALEZA TANTO DULCE COMO FUERTE. CON UN ACABADO DE ALTA CALIDAD Y COLORES VIBRANTES, ESTA PIEZA ES PERFECTA PARA LOS FAN\u00c1TICOS Y COLECCIONISTAS QUE DESEAN A\u00d1ADIR UN TOQUE ESPECIA<\/p>\n<p>FICHA TECNICA:<\/p>\n<p>-ALTURA 9 CM<br \/>\n-MARCA BANDAI<br \/>\n-LINEA ICHIBAN KUJI B<br \/>\n-NO ARTICULABLE<\/p>\n","protected":false},"excerpt":{"rendered":"<p>LA FIGURA NEZUKO ICHIBAN KUJI B ES UNA HERMOSA REPRESENTACI\u00d3N DE NEZUKO KAMADO, UN PERSONAJE CENTRAL DE \u201cDEMON SLAYER: KIMETSU NO YAIBA\u201d. CAPTURA SU ESENCIA ENCANTADORA Y PODEROSA EN UNA POSE DIN\u00c1MICA QUE RESALTA SU AGILIDAD Y DETERMINACI\u00d3N.<\/p>\n","protected":false},"featured_media":2568,"comment_status":"open","ping_status":"closed","template":"","meta":[],"product_brand":[],"product_cat":[20,89],"product_tag":[35,39],"class_list":{"0":"post-2566","1":"product","2":"type-product","3":"status-publish","4":"has-post-thumbnail","6":"product_cat-kimetsu-no-yaiba","7":"product_cat-novedades","8":"product_tag-bandai","9":"product_tag-ichiban-kuji","11":"first","12":"outofstock","13":"shipping-taxable","14":"purchasable","15":"product-type-simple"},"_links":{"self":[{"href":"https:\/\/juanchitoys.com\/index.php\/wp-json\/wp\/v2\/product\/2566","targetHints":{"allow":["GET"]}}],"collection":[{"href":"https:\/\/juanchitoys.com\/index.php\/wp-json\/wp\/v2\/product"}],"about":[{"href":"https:\/\/juanchitoys.com\/index.php\/wp-json\/wp\/v2\/types\/product"}],"replies":[{"embeddable":true,"href":"https:\/\/juanchitoys.com\/index.php\/wp-json\/wp\/v2\/comments?post=2566"}],"wp:featuredmedia":[{"embeddable":true,"href":"https:\/\/juanchitoys.com\/index.php\/wp-json\/wp\/v2\/media\/2568"}],"wp:attachment":[{"href":"https:\/\/juanchitoys.com\/index.php\/wp-json\/wp\/v2\/media?parent=2566"}],"wp:term":[{"taxonomy":"product_brand","embeddable":true,"href":"https:\/\/juanchitoys.com\/index.php\/wp-json\/wp\/v2\/product_brand?post=2566"},{"taxonomy":"product_cat","embeddable":true,"href":"https:\/\/juanchitoys.com\/index.php\/wp-json\/wp\/v2\/product_cat?post=2566"},{"taxonomy":"product_tag","embeddable":true,"href":"https:\/\/juanchitoys.com\/index.php\/wp-json\/wp\/v2\/product_tag?post=2566"}],"curies":[{"name":"wp","href":"https:\/\/api.w.org\/{rel}","templated":true}]}}