{"id":2563,"date":"2024-11-05T13:58:35","date_gmt":"2024-11-05T18:58:35","guid":{"rendered":"https:\/\/juanchitoys.com\/?post_type=product&#038;p=2563"},"modified":"2025-06-12T18:34:23","modified_gmt":"2025-06-12T23:34:23","slug":"monkey-d-luffy-grandista","status":"publish","type":"product","link":"https:\/\/juanchitoys.com\/index.php\/producto\/monkey-d-luffy-grandista\/","title":{"rendered":"MONKEY D. LUFFY GRANDISTA"},"content":{"rendered":"<p>LA FIGURA MONKEY D. LUFFY GRANDISTA ES UNA IMPRESIONANTE REPRESENTACI\u00d3N DEL IC\u00d3NICO PROTAGONISTA DE &#8220;ONE PIECE&#8221;. ESTA FIGURA DESTACA POR SU GRAN TAMA\u00d1O Y ATENCI\u00d3N AL DETALLE, CAPTURANDO A LUFFY EN UNA POSE DIN\u00c1MICA QUE REFLEJA SU ESP\u00cdRITU AVENTURERO Y VALIENTE. CON SU CARACTER\u00cdSTICO ATUENDO DE PIRATA, INCLUYENDO SU SOMBRERO DE PAJA, LA FIGURA MUESTRA TANTO SU DETERMINACI\u00d3N COMO SU CARISMA. LOS ACABADOS DE ALTA CALIDAD Y LOS COLORES VIBRANTES HACEN DE ESTA PIEZA UN EXCELENTE COMPLEMENTO PARA CUALQUIER COLECCI\u00d3N, CELEBRANDO LA ESENCIA DE LUFFY COMO EL FUTURO.<\/p>\n<p>FICHA TECNICA:<\/p>\n<p>-ALTURA 21 CM<br \/>\n-MARCA BANDAI<br \/>\n-LINEA GANDRISTA<br \/>\n-NO ARTICULABLE<\/p>\n","protected":false},"excerpt":{"rendered":"<p>LA FIGURA MONKEY D. LUFFY GRANDISTA ES UNA IMPRESIONANTE REPRESENTACI\u00d3N DEL IC\u00d3NICO PROTAGONISTA DE &#8220;ONE PIECE&#8221;. ESTA FIGURA DESTACA POR SU GRAN TAMA\u00d1O Y ATENCI\u00d3N AL DETALLE, CAPTURANDO A LUFFY EN UNA POSE DIN\u00c1MICA QUE REFLEJA SU ESP\u00cdRITU AVENTURERO Y VALIENTE<\/p>\n","protected":false},"featured_media":2565,"comment_status":"open","ping_status":"closed","template":"","meta":[],"product_brand":[],"product_cat":[19,89],"product_tag":[35,56],"class_list":{"0":"post-2563","1":"product","2":"type-product","3":"status-publish","4":"has-post-thumbnail","6":"product_cat-one-piece","7":"product_cat-novedades","8":"product_tag-bandai","9":"product_tag-grandista","11":"first","12":"outofstock","13":"shipping-taxable","14":"purchasable","15":"product-type-simple"},"_links":{"self":[{"href":"https:\/\/juanchitoys.com\/index.php\/wp-json\/wp\/v2\/product\/2563","targetHints":{"allow":["GET"]}}],"collection":[{"href":"https:\/\/juanchitoys.com\/index.php\/wp-json\/wp\/v2\/product"}],"about":[{"href":"https:\/\/juanchitoys.com\/index.php\/wp-json\/wp\/v2\/types\/product"}],"replies":[{"embeddable":true,"href":"https:\/\/juanchitoys.com\/index.php\/wp-json\/wp\/v2\/comments?post=2563"}],"wp:featuredmedia":[{"embeddable":true,"href":"https:\/\/juanchitoys.com\/index.php\/wp-json\/wp\/v2\/media\/2565"}],"wp:attachment":[{"href":"https:\/\/juanchitoys.com\/index.php\/wp-json\/wp\/v2\/media?parent=2563"}],"wp:term":[{"taxonomy":"product_brand","embeddable":true,"href":"https:\/\/juanchitoys.com\/index.php\/wp-json\/wp\/v2\/product_brand?post=2563"},{"taxonomy":"product_cat","embeddable":true,"href":"https:\/\/juanchitoys.com\/index.php\/wp-json\/wp\/v2\/product_cat?post=2563"},{"taxonomy":"product_tag","embeddable":true,"href":"https:\/\/juanchitoys.com\/index.php\/wp-json\/wp\/v2\/product_tag?post=2563"}],"curies":[{"name":"wp","href":"https:\/\/api.w.org\/{rel}","templated":true}]}}