{"id":2552,"date":"2024-11-05T13:08:13","date_gmt":"2024-11-05T18:08:13","guid":{"rendered":"https:\/\/juanchitoys.com\/?post_type=product&#038;p=2552"},"modified":"2025-06-12T18:33:52","modified_gmt":"2025-06-12T23:33:52","slug":"mitsuri-maximatic-bandai","status":"publish","type":"product","link":"https:\/\/juanchitoys.com\/index.php\/producto\/mitsuri-maximatic-bandai\/","title":{"rendered":"MITSURI  MAXIMATIC BANDAI"},"content":{"rendered":"<p>LA FIGURA MITSURI MAXIMIC DE BANDAI ES UNA HERMOSA REPRESENTACI\u00d3N DE MITSURI KANROJI, UNO DE LOS PERSONAJES M\u00c1S QUERIDOS DE &#8220;DEMON SLAYER: KIMETSU NO YAIBA&#8221;. CAPTURA SU ESENCIA VIBRANTE CON UN DISE\u00d1O QUE DESTACA SU CARACTER\u00cdSTICO CABELLO ROSA Y VERDE, AS\u00cd COMO SU ELEGANTE VESTIMENTA DE CAZADORA DE DEMONIOS. LA FIGURA MUESTRA A MITSURI EN UNA POSE DIN\u00c1MICA, REFLEJANDO SU AGILIDAD Y FUERZA EN COMBATE. CON DETALLES METICULOSOS Y UN ACABADO DE ALTA CALIDAD, ESTA PIEZA ES IDEAL PARA LOS FAN\u00c1TICOS Y COLECCIONISTAS QUE DESEAN A\u00d1ADIR UN TOQUE DE BELLEZA.<\/p>\n<p>FICHA TECNICA:<\/p>\n<p>-ALTURA 14 CM<br \/>\n-MARCA BANDAI<br \/>\n-LINEA MAXIMATIC<br \/>\n-NO ARTICULABLE<\/p>\n","protected":false},"excerpt":{"rendered":"<p>LA FIGURA MITSURI MAXIMIC DE BANDAI ES UNA HERMOSA REPRESENTACI\u00d3N DE MITSURI KANROJI, UNO DE LOS PERSONAJES M\u00c1S QUERIDOS DE &#8220;DEMON SLAYER: KIMETSU NO YAIBA&#8221;. CAPTURA SU ESENCIA VIBRANTE CON UN DISE\u00d1O QUE DESTACA SU CARACTER\u00cdSTICO CABELLO ROSA Y VERDE, AS\u00cd COMO SU ELEGANTE VESTIMENTA DE CAZADORA DE DEMONIOS<\/p>\n","protected":false},"featured_media":2555,"comment_status":"open","ping_status":"closed","template":"","meta":[],"product_brand":[],"product_cat":[20,89],"product_tag":[35,44],"class_list":{"0":"post-2552","1":"product","2":"type-product","3":"status-publish","4":"has-post-thumbnail","6":"product_cat-kimetsu-no-yaiba","7":"product_cat-novedades","8":"product_tag-bandai","9":"product_tag-maximatic","11":"first","12":"outofstock","13":"shipping-taxable","14":"purchasable","15":"product-type-simple"},"_links":{"self":[{"href":"https:\/\/juanchitoys.com\/index.php\/wp-json\/wp\/v2\/product\/2552","targetHints":{"allow":["GET"]}}],"collection":[{"href":"https:\/\/juanchitoys.com\/index.php\/wp-json\/wp\/v2\/product"}],"about":[{"href":"https:\/\/juanchitoys.com\/index.php\/wp-json\/wp\/v2\/types\/product"}],"replies":[{"embeddable":true,"href":"https:\/\/juanchitoys.com\/index.php\/wp-json\/wp\/v2\/comments?post=2552"}],"wp:featuredmedia":[{"embeddable":true,"href":"https:\/\/juanchitoys.com\/index.php\/wp-json\/wp\/v2\/media\/2555"}],"wp:attachment":[{"href":"https:\/\/juanchitoys.com\/index.php\/wp-json\/wp\/v2\/media?parent=2552"}],"wp:term":[{"taxonomy":"product_brand","embeddable":true,"href":"https:\/\/juanchitoys.com\/index.php\/wp-json\/wp\/v2\/product_brand?post=2552"},{"taxonomy":"product_cat","embeddable":true,"href":"https:\/\/juanchitoys.com\/index.php\/wp-json\/wp\/v2\/product_cat?post=2552"},{"taxonomy":"product_tag","embeddable":true,"href":"https:\/\/juanchitoys.com\/index.php\/wp-json\/wp\/v2\/product_tag?post=2552"}],"curies":[{"name":"wp","href":"https:\/\/api.w.org\/{rel}","templated":true}]}}