{"id":2545,"date":"2024-11-05T13:00:58","date_gmt":"2024-11-05T18:00:58","guid":{"rendered":"https:\/\/juanchitoys.com\/?post_type=product&#038;p=2545"},"modified":"2025-11-19T13:26:51","modified_gmt":"2025-11-19T18:26:51","slug":"luffy-gear-4-snakeman-king-of-artist","status":"publish","type":"product","link":"https:\/\/juanchitoys.com\/index.php\/producto\/luffy-gear-4-snakeman-king-of-artist\/","title":{"rendered":"LUFFY GEAR 4 SNAKEMAN KING OF ARTIST"},"content":{"rendered":"<p>LA FIGURA LUFFY GEAR 4 SNAKEMAN KING OF ARTIST ES UNA IMPRESIONANTE REPRESENTACI\u00d3N DE MONKEY D. LUFFY EN SU FORMA DE SNAKEMAN, UNA DE SUS TRANSFORMACIONES M\u00c1S PODEROSAS EN &#8220;ONE PIECE&#8221;. CAPTURA A LUFFY EN UNA POSE DIN\u00c1MICA Y \u00c1GIL, MOSTRANDO SU HABILIDAD Y VELOCIDAD EN COMBATE. LA FIGURA RESALTA SU MUSCULATURA ESTILIZADA, SU DISTINTIVO ATUENDO Y LA EXPRESI\u00d3N FEROZ EN SU ROSTRO, REFLEJANDO LA INTENSIDAD DE LA ACCI\u00d3N. CON UN DISE\u00d1O DETALLADO Y COLORES VIBRANTES, ESTA FIGURA ES PERFECTA PARA LOS FAN\u00c1TICOS Y COLECCIONISTAS QUE DESEAN CELEBRAR LA EVOLUCI\u00d3N Y LA FUERZA DE LUFFY<\/p>\n<p>FICHA TECNICA:<\/p>\n<p>-ALTURA 15 CM<br \/>\n-MARCA BANDAI<br \/>\n-LINEA KING OF ARTIST<br \/>\n-NO ARTICULABLE<\/p>\n","protected":false},"excerpt":{"rendered":"<p>LA FIGURA LUFFY GEAR 4 SNAKEMAN KING OF ARTIST ES UNA IMPRESIONANTE REPRESENTACI\u00d3N DE MONKEY D. LUFFY EN SU FORMA DE SNAKEMAN, UNA DE SUS TRANSFORMACIONES M\u00c1S PODEROSAS EN &#8220;ONE PIECE&#8221;. CAPTURA A LUFFY EN UNA POSE DIN\u00c1MICA Y \u00c1GIL, MOSTRANDO SU HABILIDAD Y VELOCIDAD EN COMBATE.<\/p>\n","protected":false},"featured_media":2551,"comment_status":"open","ping_status":"closed","template":"","meta":[],"product_brand":[],"product_cat":[19,89,69],"product_tag":[35,95],"class_list":{"0":"post-2545","1":"product","2":"type-product","3":"status-publish","4":"has-post-thumbnail","6":"product_cat-one-piece","7":"product_cat-novedades","8":"product_cat-proximos-en-llegar","9":"product_tag-bandai","10":"product_tag-king-of-artist","12":"first","13":"outofstock","14":"shipping-taxable","15":"purchasable","16":"product-type-simple"},"_links":{"self":[{"href":"https:\/\/juanchitoys.com\/index.php\/wp-json\/wp\/v2\/product\/2545","targetHints":{"allow":["GET"]}}],"collection":[{"href":"https:\/\/juanchitoys.com\/index.php\/wp-json\/wp\/v2\/product"}],"about":[{"href":"https:\/\/juanchitoys.com\/index.php\/wp-json\/wp\/v2\/types\/product"}],"replies":[{"embeddable":true,"href":"https:\/\/juanchitoys.com\/index.php\/wp-json\/wp\/v2\/comments?post=2545"}],"wp:featuredmedia":[{"embeddable":true,"href":"https:\/\/juanchitoys.com\/index.php\/wp-json\/wp\/v2\/media\/2551"}],"wp:attachment":[{"href":"https:\/\/juanchitoys.com\/index.php\/wp-json\/wp\/v2\/media?parent=2545"}],"wp:term":[{"taxonomy":"product_brand","embeddable":true,"href":"https:\/\/juanchitoys.com\/index.php\/wp-json\/wp\/v2\/product_brand?post=2545"},{"taxonomy":"product_cat","embeddable":true,"href":"https:\/\/juanchitoys.com\/index.php\/wp-json\/wp\/v2\/product_cat?post=2545"},{"taxonomy":"product_tag","embeddable":true,"href":"https:\/\/juanchitoys.com\/index.php\/wp-json\/wp\/v2\/product_tag?post=2545"}],"curies":[{"name":"wp","href":"https:\/\/api.w.org\/{rel}","templated":true}]}}