{"id":2538,"date":"2024-11-05T12:58:12","date_gmt":"2024-11-05T17:58:12","guid":{"rendered":"https:\/\/juanchitoys.com\/?post_type=product&#038;p=2538"},"modified":"2025-11-18T18:27:28","modified_gmt":"2025-11-18T23:27:28","slug":"luffy-gear-4-king-of-artist","status":"publish","type":"product","link":"https:\/\/juanchitoys.com\/index.php\/producto\/luffy-gear-4-king-of-artist\/","title":{"rendered":"LUFFY GEAR 4 KING OF ARTIST"},"content":{"rendered":"<p>LA FIGURA LUFFY GEAR 4 KING OF ARTIST ES UNA IMPACTANTE REPRESENTACI\u00d3N DE MONKEY D. LUFFY EN SU FORMA DE GEAR FOURTH, CAPTURANDO SU PODEROSA ESENCIA Y ESP\u00cdRITU AVENTURERO. PRESENTA A LUFFY EN UNA POSE DIN\u00c1MICA Y EN\u00c9RGICA, CON DETALLES METICULOSOS QUE RESALTAN SU MUSCULATURA Y SU CARACTER\u00cdSTICO ATUENDO DE COMBATE. SU EXPRESI\u00d3N DESAFIANTE Y LOS COLORES VIBRANTES DE LA FIGURA REFLEJAN LA INTENSIDAD DE LAS BATALLAS EN &#8220;ONE PIECE&#8221;. ESTA FIGURA ES IDEAL PARA LOS COLECCIONISTAS Y FAN\u00c1TICOS DE LA SERIE, SIMBOLIZANDO LA FUERZA Y \u200b\u200bDETERMINACI\u00d3N DE LUFFY<\/p>\n<p>FICHA TECNICA:<\/p>\n<p>-ALTURA 14 CM<br \/>\n-MARCA BANDAI<br \/>\n-LINEA KING OF ARTIST<br \/>\n-NO ARTICULABLE<\/p>\n","protected":false},"excerpt":{"rendered":"<p>LA FIGURA LUFFY GEAR 4 KING OF ARTIST ES UNA IMPACTANTE REPRESENTACI\u00d3N DE MONKEY D. LUFFY EN SU FORMA DE GEAR FOURTH, CAPTURANDO SU PODEROSA ESENCIA Y ESP\u00cdRITU AVENTURERO. PRESENTA A LUFFY EN UNA POSE DIN\u00c1MICA Y EN\u00c9RGICA, CON DETALLES METICULOSOS QUE RESALTAN SU MUSCULATURA Y SU CARACTER\u00cdSTICO ATUENDO DE COMBATE.<\/p>\n","protected":false},"featured_media":2541,"comment_status":"open","ping_status":"closed","template":"","meta":[],"product_brand":[],"product_cat":[19,89],"product_tag":[35,95],"class_list":{"0":"post-2538","1":"product","2":"type-product","3":"status-publish","4":"has-post-thumbnail","6":"product_cat-one-piece","7":"product_cat-novedades","8":"product_tag-bandai","9":"product_tag-king-of-artist","11":"first","12":"outofstock","13":"shipping-taxable","14":"purchasable","15":"product-type-simple"},"_links":{"self":[{"href":"https:\/\/juanchitoys.com\/index.php\/wp-json\/wp\/v2\/product\/2538","targetHints":{"allow":["GET"]}}],"collection":[{"href":"https:\/\/juanchitoys.com\/index.php\/wp-json\/wp\/v2\/product"}],"about":[{"href":"https:\/\/juanchitoys.com\/index.php\/wp-json\/wp\/v2\/types\/product"}],"replies":[{"embeddable":true,"href":"https:\/\/juanchitoys.com\/index.php\/wp-json\/wp\/v2\/comments?post=2538"}],"wp:featuredmedia":[{"embeddable":true,"href":"https:\/\/juanchitoys.com\/index.php\/wp-json\/wp\/v2\/media\/2541"}],"wp:attachment":[{"href":"https:\/\/juanchitoys.com\/index.php\/wp-json\/wp\/v2\/media?parent=2538"}],"wp:term":[{"taxonomy":"product_brand","embeddable":true,"href":"https:\/\/juanchitoys.com\/index.php\/wp-json\/wp\/v2\/product_brand?post=2538"},{"taxonomy":"product_cat","embeddable":true,"href":"https:\/\/juanchitoys.com\/index.php\/wp-json\/wp\/v2\/product_cat?post=2538"},{"taxonomy":"product_tag","embeddable":true,"href":"https:\/\/juanchitoys.com\/index.php\/wp-json\/wp\/v2\/product_tag?post=2538"}],"curies":[{"name":"wp","href":"https:\/\/api.w.org\/{rel}","templated":true}]}}