{"id":2525,"date":"2024-11-05T12:42:24","date_gmt":"2024-11-05T17:42:24","guid":{"rendered":"https:\/\/juanchitoys.com\/?post_type=product&#038;p=2525"},"modified":"2026-01-06T14:55:32","modified_gmt":"2026-01-06T19:55:32","slug":"katsuki-bakugo-ichiban-kuji-c-masterlise-bandai","status":"publish","type":"product","link":"https:\/\/juanchitoys.com\/index.php\/producto\/katsuki-bakugo-ichiban-kuji-c-masterlise-bandai\/","title":{"rendered":"KATSUKI BAKUGO ICHIBAN KUJI C MASTERLISE BANDAI"},"content":{"rendered":"<p>LA FIGURA KATSUKI BAKUGO ICHIBAN KUJI C MASTERLISE ES UNA IMPRESIONANTE REPRESENTACI\u00d3N DEL POPULAR PERSONAJE DE &#8220;MY HERO ACADEMIA&#8221;. CAPTURA A BAKUGO EN UNA POSE DIN\u00c1MICA Y LLENA DE ENERG\u00cdA, MOSTRANDO SU CARACTER\u00cdSTICO CABELLO DESORDENADO Y SU INTENSA EXPRESI\u00d3N DE DETERMINACI\u00d3N. SU TRAJE DE H\u00c9ROE EST\u00c1 DETALLADAMENTE DISE\u00d1ADO, RESALTANDO SU ESTILO EXPLOSIVO Y LOS ELEMENTOS DE SU PECULIARIDAD, LA EXPLOSI\u00d3N. ESTA FIGURA, CON ACABADOS DE ALTA CALIDAD Y UN DISE\u00d1O ATRACTIVO, ES IDEAL PARA LOS COLECCIONISTAS Y FAN\u00c1TICOS DE LA SERIE QUE DESEAN A\u00d1ADIR UN TOQUE DE ACCI\u00d3N.<\/p>\n<p>FICHA TECNICA:<\/p>\n<p>-ALTURA 24 CM<br \/>\n-MARCA BANDAI<br \/>\n-LINEA ICHIBAN KUJI<br \/>\n-NO ARTICULABLE<\/p>\n","protected":false},"excerpt":{"rendered":"<p>LA FIGURA KATSUKI BAKUGO ICHIBAN KUJI C MASTERLISE ES UNA IMPRESIONANTE REPRESENTACI\u00d3N DEL POPULAR PERSONAJE DE &#8220;MY HERO ACADEMIA&#8221;. CAPTURA A BAKUGO EN UNA POSE DIN\u00c1MICA Y LLENA DE ENERG\u00cdA, MOSTRANDO SU CARACTER\u00cdSTICO CABELLO DESORDENADO Y SU INTENSA EXPRESI\u00d3N DE DETERMINACI\u00d3N.<\/p>\n","protected":false},"featured_media":2528,"comment_status":"open","ping_status":"closed","template":"","meta":[],"product_brand":[],"product_cat":[21,89],"product_tag":[35,39],"class_list":{"0":"post-2525","1":"product","2":"type-product","3":"status-publish","4":"has-post-thumbnail","6":"product_cat-my-hero-academia","7":"product_cat-novedades","8":"product_tag-bandai","9":"product_tag-ichiban-kuji","11":"first","12":"outofstock","13":"shipping-taxable","14":"purchasable","15":"product-type-simple"},"_links":{"self":[{"href":"https:\/\/juanchitoys.com\/index.php\/wp-json\/wp\/v2\/product\/2525","targetHints":{"allow":["GET"]}}],"collection":[{"href":"https:\/\/juanchitoys.com\/index.php\/wp-json\/wp\/v2\/product"}],"about":[{"href":"https:\/\/juanchitoys.com\/index.php\/wp-json\/wp\/v2\/types\/product"}],"replies":[{"embeddable":true,"href":"https:\/\/juanchitoys.com\/index.php\/wp-json\/wp\/v2\/comments?post=2525"}],"wp:featuredmedia":[{"embeddable":true,"href":"https:\/\/juanchitoys.com\/index.php\/wp-json\/wp\/v2\/media\/2528"}],"wp:attachment":[{"href":"https:\/\/juanchitoys.com\/index.php\/wp-json\/wp\/v2\/media?parent=2525"}],"wp:term":[{"taxonomy":"product_brand","embeddable":true,"href":"https:\/\/juanchitoys.com\/index.php\/wp-json\/wp\/v2\/product_brand?post=2525"},{"taxonomy":"product_cat","embeddable":true,"href":"https:\/\/juanchitoys.com\/index.php\/wp-json\/wp\/v2\/product_cat?post=2525"},{"taxonomy":"product_tag","embeddable":true,"href":"https:\/\/juanchitoys.com\/index.php\/wp-json\/wp\/v2\/product_tag?post=2525"}],"curies":[{"name":"wp","href":"https:\/\/api.w.org\/{rel}","templated":true}]}}