{"id":2507,"date":"2024-11-05T12:28:17","date_gmt":"2024-11-05T17:28:17","guid":{"rendered":"https:\/\/juanchitoys.com\/?post_type=product&#038;p=2507"},"modified":"2025-11-18T18:27:38","modified_gmt":"2025-11-18T23:27:38","slug":"hatsune-miku-alice-ver-taito-amp-luminasta","status":"publish","type":"product","link":"https:\/\/juanchitoys.com\/index.php\/producto\/hatsune-miku-alice-ver-taito-amp-luminasta\/","title":{"rendered":"HATSUNE MIKU ALICE VER TAITO AMP LUMINASTA"},"content":{"rendered":"<p>LA FIGURA HATSUNE MIKU ALICE VER DE TAITO AMP LUMINASTA ES UNA REPRESENTACI\u00d3N ENCANTADORA DE LA POPULAR VOCALOID, INSPIRADA EN EL TEMA DE ALICIA EN EL PA\u00cdS DE LAS MARAVILLAS. ESTA FIGURA DESTACA POR SU DISE\u00d1O COLORIDO Y M\u00c1GICO, CON MIKU VESTIDA CON UN VESTIDO DE ESTILO DE CUENTO DE HADAS Y COMPLEMENTOS QUE EVOCAN LA FANTAS\u00cdA. SU EXPRESI\u00d3N ALEGRE Y SU CABELLO IC\u00d3NICO, CON DETALLES LUMINOSOS, A\u00d1ADEN UN TOQUE ENCANTADOR A LA PIEZA. IDEAL PARA LOS FAN\u00c1TICOS DE HATSUNE MIKU Y LOS COLECCIONISTAS, ESTA FIGURA CAPTURA LA ESENCIA L\u00daDICA Y CREATIVA DEL PERSONAJE EN UN ESTILO VISUAL ATRACTIVO<\/p>\n<p>FICHA TECNICA:<\/p>\n<p>-ALTURA 18 CM<br \/>\n-MARCA TAITO<br \/>\n-LINEA ARTIST MASTERPIECE<br \/>\n-NO ARTICULABLE<\/p>\n","protected":false},"excerpt":{"rendered":"<p>LA FIGURA HATSUNE MIKU ALICE VER DE TAITO AMP LUMINASTA ES UNA REPRESENTACI\u00d3N ENCANTADORA DE LA POPULAR VOCALOID, INSPIRADA EN EL TEMA DE ALICIA EN EL PA\u00cdS DE LAS MARAVILLAS. ESTA FIGURA DESTACA POR SU DISE\u00d1O COLORIDO Y M\u00c1GICO, CON MIKU VESTIDA CON UN VESTIDO DE ESTILO DE CUENTO DE HADAS Y COMPLEMENTOS QUE EVOCAN LA FANTAS\u00cdA.<\/p>\n","protected":false},"featured_media":2509,"comment_status":"open","ping_status":"closed","template":"","meta":[],"product_brand":[],"product_cat":[92,89],"product_tag":[43],"class_list":{"0":"post-2507","1":"product","2":"type-product","3":"status-publish","4":"has-post-thumbnail","6":"product_cat-hatsune-miku","7":"product_cat-novedades","8":"product_tag-taito","10":"first","11":"outofstock","12":"shipping-taxable","13":"purchasable","14":"product-type-simple"},"_links":{"self":[{"href":"https:\/\/juanchitoys.com\/index.php\/wp-json\/wp\/v2\/product\/2507","targetHints":{"allow":["GET"]}}],"collection":[{"href":"https:\/\/juanchitoys.com\/index.php\/wp-json\/wp\/v2\/product"}],"about":[{"href":"https:\/\/juanchitoys.com\/index.php\/wp-json\/wp\/v2\/types\/product"}],"replies":[{"embeddable":true,"href":"https:\/\/juanchitoys.com\/index.php\/wp-json\/wp\/v2\/comments?post=2507"}],"wp:featuredmedia":[{"embeddable":true,"href":"https:\/\/juanchitoys.com\/index.php\/wp-json\/wp\/v2\/media\/2509"}],"wp:attachment":[{"href":"https:\/\/juanchitoys.com\/index.php\/wp-json\/wp\/v2\/media?parent=2507"}],"wp:term":[{"taxonomy":"product_brand","embeddable":true,"href":"https:\/\/juanchitoys.com\/index.php\/wp-json\/wp\/v2\/product_brand?post=2507"},{"taxonomy":"product_cat","embeddable":true,"href":"https:\/\/juanchitoys.com\/index.php\/wp-json\/wp\/v2\/product_cat?post=2507"},{"taxonomy":"product_tag","embeddable":true,"href":"https:\/\/juanchitoys.com\/index.php\/wp-json\/wp\/v2\/product_tag?post=2507"}],"curies":[{"name":"wp","href":"https:\/\/api.w.org\/{rel}","templated":true}]}}