{"id":2502,"date":"2024-11-05T12:20:24","date_gmt":"2024-11-05T17:20:24","guid":{"rendered":"https:\/\/juanchitoys.com\/?post_type=product&#038;p=2502"},"modified":"2025-02-22T10:28:10","modified_gmt":"2025-02-22T15:28:10","slug":"fisher-tiger-dxf-the-grandline-bandai","status":"publish","type":"product","link":"https:\/\/juanchitoys.com\/index.php\/producto\/fisher-tiger-dxf-the-grandline-bandai\/","title":{"rendered":"FISHER TIGER DXF THE GRANDLINE BANDAI"},"content":{"rendered":"<p>FISHER TIGER DXF DE BANDAI ES UNA FIGURA IMPRESIONANTE DEL POPULAR ANIME &#8220;ONE PIECE&#8221;. REPRESENTA A FISHER TIGER, UN PERSONAJE CARISM\u00c1TICO Y VALIENTE, CONOCIDO POR SU LIDERAZGO Y ESP\u00cdRITU REVOLUCIONARIO. LA FIGURA CAPTURA SU POSE DIN\u00c1MICA Y SU CARACTER\u00cdSTICA APARIENCIA, QUE INCLUYE SU DISTINTIVO CABELLO Y ATUENDO INSPIRADO EN LOS PIRATAS. CON DETALLES METICULOSOS Y UN ACABADO DE ALTA CALIDAD, ESTA FIGURA ES UN HOMENAJE A SU LEGADO YA SU LUCHA POR LA LIBERTAD, HACIENDO DE ELLA UNA PIEZA DESTACADA PARA LOS COLECCIONISTAS Y FAN\u00c1TICOS DE LA SERIE.<\/p>\n<p>FICHA TECNICA:<\/p>\n<p>-ALTURA 17 CM<br \/>\n-MARCA BANDAI<br \/>\n-LINEA DXF<br \/>\n-NO ARTICULABLE<\/p>\n","protected":false},"excerpt":{"rendered":"<p>FISHER TIGER DXF DE BANDAI ES UNA FIGURA IMPRESIONANTE DEL POPULAR ANIME &#8220;ONE PIECE&#8221;. REPRESENTA A FISHER TIGER, UN PERSONAJE CARISM\u00c1TICO Y VALIENTE, CONOCIDO POR SU LIDERAZGO Y ESP\u00cdRITU REVOLUCIONARIO<\/p>\n","protected":false},"featured_media":2503,"comment_status":"open","ping_status":"closed","template":"","meta":[],"product_brand":[],"product_cat":[19,89],"product_tag":[35,38],"class_list":{"0":"post-2502","1":"product","2":"type-product","3":"status-publish","4":"has-post-thumbnail","6":"product_cat-one-piece","7":"product_cat-novedades","8":"product_tag-bandai","9":"product_tag-dxf","11":"first","12":"instock","13":"shipping-taxable","14":"purchasable","15":"product-type-simple"},"_links":{"self":[{"href":"https:\/\/juanchitoys.com\/index.php\/wp-json\/wp\/v2\/product\/2502","targetHints":{"allow":["GET"]}}],"collection":[{"href":"https:\/\/juanchitoys.com\/index.php\/wp-json\/wp\/v2\/product"}],"about":[{"href":"https:\/\/juanchitoys.com\/index.php\/wp-json\/wp\/v2\/types\/product"}],"replies":[{"embeddable":true,"href":"https:\/\/juanchitoys.com\/index.php\/wp-json\/wp\/v2\/comments?post=2502"}],"wp:featuredmedia":[{"embeddable":true,"href":"https:\/\/juanchitoys.com\/index.php\/wp-json\/wp\/v2\/media\/2503"}],"wp:attachment":[{"href":"https:\/\/juanchitoys.com\/index.php\/wp-json\/wp\/v2\/media?parent=2502"}],"wp:term":[{"taxonomy":"product_brand","embeddable":true,"href":"https:\/\/juanchitoys.com\/index.php\/wp-json\/wp\/v2\/product_brand?post=2502"},{"taxonomy":"product_cat","embeddable":true,"href":"https:\/\/juanchitoys.com\/index.php\/wp-json\/wp\/v2\/product_cat?post=2502"},{"taxonomy":"product_tag","embeddable":true,"href":"https:\/\/juanchitoys.com\/index.php\/wp-json\/wp\/v2\/product_tag?post=2502"}],"curies":[{"name":"wp","href":"https:\/\/api.w.org\/{rel}","templated":true}]}}