{"id":2475,"date":"2024-11-05T10:46:30","date_gmt":"2024-11-05T15:46:30","guid":{"rendered":"https:\/\/juanchitoys.com\/?post_type=product&#038;p=2475"},"modified":"2025-02-22T10:28:16","modified_gmt":"2025-02-22T15:28:16","slug":"arlong-dxf-the-grandline-bandai","status":"publish","type":"product","link":"https:\/\/juanchitoys.com\/index.php\/producto\/arlong-dxf-the-grandline-bandai\/","title":{"rendered":"ARLONG DXF THE GRANDLINE BANDAI"},"content":{"rendered":"<p>BANDAI NOS TRAE ESTA INCREIBLE FIGURA DE ARLONG QUE TIENE UN FUERTE ODIO HACIA LOS HUMANOS DEBIDO A LAS INJUSTICIAS SUFRIDAS POR SU RAZA, LO QUE LO LLEVA A ACTUAR CON GRAN BRUTALIDAD. ES CONOCIDO POR SU GRAN FUERZA F\u00cdSICA, SU HABILIDAD PARA COMBATIR Y SU INTELIGENCIA ESTRAT\u00c9GICA. A LO LARGO DE SU HISTORIA EN ONE PIECE , SE ENFRENTA A LUFFY Y SU TRIPULACI\u00d3N, SIENDO UNO<\/p>\n<p>FICHA TECNICA:<\/p>\n<p>-ALTURA 17 CM<br \/>\n-MARCA BANDAI<br \/>\n-LINEA DXF<br \/>\n-NO ARTICULABLE<\/p>\n","protected":false},"excerpt":{"rendered":"<p>BANDAI NOS TRAE ESTA INCREIBLE FIGURA DE ARLONG QUE TIENE UN FUERTE ODIO HACIA LOS HUMANOS DEBIDO A LAS INJUSTICIAS SUFRIDAS POR SU RAZA, LO QUE LO LLEVA A ACTUAR CON GRAN BRUTALIDAD<\/p>\n","protected":false},"featured_media":2476,"comment_status":"open","ping_status":"closed","template":"","meta":[],"product_brand":[],"product_cat":[19,89],"product_tag":[35,38],"class_list":{"0":"post-2475","1":"product","2":"type-product","3":"status-publish","4":"has-post-thumbnail","6":"product_cat-one-piece","7":"product_cat-novedades","8":"product_tag-bandai","9":"product_tag-dxf","11":"first","12":"instock","13":"shipping-taxable","14":"purchasable","15":"product-type-simple"},"_links":{"self":[{"href":"https:\/\/juanchitoys.com\/index.php\/wp-json\/wp\/v2\/product\/2475","targetHints":{"allow":["GET"]}}],"collection":[{"href":"https:\/\/juanchitoys.com\/index.php\/wp-json\/wp\/v2\/product"}],"about":[{"href":"https:\/\/juanchitoys.com\/index.php\/wp-json\/wp\/v2\/types\/product"}],"replies":[{"embeddable":true,"href":"https:\/\/juanchitoys.com\/index.php\/wp-json\/wp\/v2\/comments?post=2475"}],"wp:featuredmedia":[{"embeddable":true,"href":"https:\/\/juanchitoys.com\/index.php\/wp-json\/wp\/v2\/media\/2476"}],"wp:attachment":[{"href":"https:\/\/juanchitoys.com\/index.php\/wp-json\/wp\/v2\/media?parent=2475"}],"wp:term":[{"taxonomy":"product_brand","embeddable":true,"href":"https:\/\/juanchitoys.com\/index.php\/wp-json\/wp\/v2\/product_brand?post=2475"},{"taxonomy":"product_cat","embeddable":true,"href":"https:\/\/juanchitoys.com\/index.php\/wp-json\/wp\/v2\/product_cat?post=2475"},{"taxonomy":"product_tag","embeddable":true,"href":"https:\/\/juanchitoys.com\/index.php\/wp-json\/wp\/v2\/product_tag?post=2475"}],"curies":[{"name":"wp","href":"https:\/\/api.w.org\/{rel}","templated":true}]}}