{"id":2471,"date":"2024-11-04T13:39:10","date_gmt":"2024-11-04T18:39:10","guid":{"rendered":"https:\/\/juanchitoys.com\/?post_type=product&#038;p=2471"},"modified":"2025-11-19T13:26:59","modified_gmt":"2025-11-19T18:26:59","slug":"akaza-vibration-stars-bandai","status":"publish","type":"product","link":"https:\/\/juanchitoys.com\/index.php\/producto\/akaza-vibration-stars-bandai\/","title":{"rendered":"AKAZA VIBRATION STARS BANDAI"},"content":{"rendered":"<p>EL &#8220;DEMON SLAYER: KIMETSU NO YAIBA VIBRATION STARS AKAZA&#8221; ES UNA FIGURA COLECCIONABLE QUE CAPTURA LA ESENCIA DEL POPULAR PERSONAJE AKAZA DE LA SERIE. CON UN DISE\u00d1O DIN\u00c1MICO Y DETALLADO, LA FIGURA MUESTRA A AKAZA EN UNA POSE DE ACCI\u00d3N, RESALTANDO SU IMPONENTE PRESENCIA COMO UNO DE LOS DEMONIOS M\u00c1S PODEROSOS. SU VESTIMENTA Y DETALLES FACIALES EST\u00c1N CUIDADOSAMENTE ESCULPIDOS, REFLEJANDO SU ESTILO DISTINTIVO Y HABILIDADES DE COMBATE.<br \/>\nFICHA TECNICA:<\/p>\n<p>-TAMA\u00d1O: 15 CM<br \/>\n-MARCA: BANDAI<br \/>\n-LINEA: VIBRATION STARS<br \/>\n-NO ARTICULABLE<\/p>\n","protected":false},"excerpt":{"rendered":"<p>EL &#8220;DEMON SLAYER: KIMETSU NO YAIBA VIBRATION STARS AKAZA&#8221; ES UNA FIGURA COLECCIONABLE QUE CAPTURA LA ESENCIA DEL POPULAR PERSONAJE AKAZA DE LA SERIE. CON UN DISE\u00d1O DIN\u00c1MICO Y DETALLADO, LA FIGURA MUESTRA A AKAZA EN UNA POSE DE ACCI\u00d3N, RESALTANDO SU IMPONENTE PRESENCIA COMO UNO DE LOS DEMONIOS M\u00c1S PODEROSOS.<\/p>\n","protected":false},"featured_media":2473,"comment_status":"open","ping_status":"closed","template":"","meta":[],"product_brand":[],"product_cat":[20,89],"product_tag":[35,48],"class_list":{"0":"post-2471","1":"product","2":"type-product","3":"status-publish","4":"has-post-thumbnail","6":"product_cat-kimetsu-no-yaiba","7":"product_cat-novedades","8":"product_tag-bandai","9":"product_tag-vibration-stars","11":"first","12":"outofstock","13":"shipping-taxable","14":"purchasable","15":"product-type-simple"},"_links":{"self":[{"href":"https:\/\/juanchitoys.com\/index.php\/wp-json\/wp\/v2\/product\/2471","targetHints":{"allow":["GET"]}}],"collection":[{"href":"https:\/\/juanchitoys.com\/index.php\/wp-json\/wp\/v2\/product"}],"about":[{"href":"https:\/\/juanchitoys.com\/index.php\/wp-json\/wp\/v2\/types\/product"}],"replies":[{"embeddable":true,"href":"https:\/\/juanchitoys.com\/index.php\/wp-json\/wp\/v2\/comments?post=2471"}],"wp:featuredmedia":[{"embeddable":true,"href":"https:\/\/juanchitoys.com\/index.php\/wp-json\/wp\/v2\/media\/2473"}],"wp:attachment":[{"href":"https:\/\/juanchitoys.com\/index.php\/wp-json\/wp\/v2\/media?parent=2471"}],"wp:term":[{"taxonomy":"product_brand","embeddable":true,"href":"https:\/\/juanchitoys.com\/index.php\/wp-json\/wp\/v2\/product_brand?post=2471"},{"taxonomy":"product_cat","embeddable":true,"href":"https:\/\/juanchitoys.com\/index.php\/wp-json\/wp\/v2\/product_cat?post=2471"},{"taxonomy":"product_tag","embeddable":true,"href":"https:\/\/juanchitoys.com\/index.php\/wp-json\/wp\/v2\/product_tag?post=2471"}],"curies":[{"name":"wp","href":"https:\/\/api.w.org\/{rel}","templated":true}]}}