{"id":2465,"date":"2024-10-30T18:58:45","date_gmt":"2024-10-30T23:58:45","guid":{"rendered":"https:\/\/juanchitoys.com\/?post_type=product&#038;p=2465"},"modified":"2025-06-12T18:34:56","modified_gmt":"2025-06-12T23:34:56","slug":"monkey-d-luffy-gear-5-wcf-bandai","status":"publish","type":"product","link":"https:\/\/juanchitoys.com\/index.php\/producto\/monkey-d-luffy-gear-5-wcf-bandai\/","title":{"rendered":"MONKEY D. LUFFY GEAR 5 WCF BANDAI"},"content":{"rendered":"<p>LA FIGURA DE MONKEY D. LUFFY GEAR 5 DE BANDAI DE LA L\u00cdNEA WCF (WORLD COLLECTIBLE FIGURE) CAPTURA LA ESENCIA DEL IC\u00d3NICO PROTAGONISTA DE &#8220;ONE PIECE&#8221; EN SU FORMA M\u00c1S PODEROSA. CON UN DISE\u00d1O VIBRANTE Y DIN\u00c1MICO, LA FIGURA MUESTRA A LUFFY EN ACCI\u00d3N, DESTACANDO SU ENERG\u00cdA Y ESTILO CARACTER\u00cdSTICO. IDEAL PARA COLECCIONISTAS Y FANS DE LA SERIE, ESTA FIGURA COMPACTA COMBINA DETALLES ELABORADOS Y UN ACABADO ATRACTIVO, CONVIRTI\u00c9NDOLA EN UN EXCELENTE A\u00d1ADIDO PARA CUALQUIER COLECCI\u00d3N DE &#8220;ONE PIECE&#8221;. \u00a1UN MUST-HAVE PARA LOS AMANTES DEL ANIME!<\/p>\n<p>FICHA TECNICA:<br \/>\nALTURA 13 CM<br \/>\nLINEA: WCF<br \/>\nMARCA: BANDAI<\/p>\n","protected":false},"excerpt":{"rendered":"<p>LA FIGURA DE MONKEY D. LUFFY GEAR 5 DE BANDAI DE LA L\u00cdNEA WCF (WORLD COLLECTIBLE FIGURE) CAPTURA LA ESENCIA DEL IC\u00d3NICO PROTAGONISTA DE &#8220;ONE PIECE&#8221; EN SU FORMA M\u00c1S PODEROSA.<\/p>\n","protected":false},"featured_media":2468,"comment_status":"open","ping_status":"closed","template":"","meta":[],"product_brand":[],"product_cat":[19,89],"product_tag":[35,96],"class_list":{"0":"post-2465","1":"product","2":"type-product","3":"status-publish","4":"has-post-thumbnail","6":"product_cat-one-piece","7":"product_cat-novedades","8":"product_tag-bandai","9":"product_tag-wcf","11":"first","12":"outofstock","13":"shipping-taxable","14":"purchasable","15":"product-type-simple"},"_links":{"self":[{"href":"https:\/\/juanchitoys.com\/index.php\/wp-json\/wp\/v2\/product\/2465","targetHints":{"allow":["GET"]}}],"collection":[{"href":"https:\/\/juanchitoys.com\/index.php\/wp-json\/wp\/v2\/product"}],"about":[{"href":"https:\/\/juanchitoys.com\/index.php\/wp-json\/wp\/v2\/types\/product"}],"replies":[{"embeddable":true,"href":"https:\/\/juanchitoys.com\/index.php\/wp-json\/wp\/v2\/comments?post=2465"}],"wp:featuredmedia":[{"embeddable":true,"href":"https:\/\/juanchitoys.com\/index.php\/wp-json\/wp\/v2\/media\/2468"}],"wp:attachment":[{"href":"https:\/\/juanchitoys.com\/index.php\/wp-json\/wp\/v2\/media?parent=2465"}],"wp:term":[{"taxonomy":"product_brand","embeddable":true,"href":"https:\/\/juanchitoys.com\/index.php\/wp-json\/wp\/v2\/product_brand?post=2465"},{"taxonomy":"product_cat","embeddable":true,"href":"https:\/\/juanchitoys.com\/index.php\/wp-json\/wp\/v2\/product_cat?post=2465"},{"taxonomy":"product_tag","embeddable":true,"href":"https:\/\/juanchitoys.com\/index.php\/wp-json\/wp\/v2\/product_tag?post=2465"}],"curies":[{"name":"wp","href":"https:\/\/api.w.org\/{rel}","templated":true}]}}