{"id":2463,"date":"2024-10-30T18:26:19","date_gmt":"2024-10-30T23:26:19","guid":{"rendered":"https:\/\/juanchitoys.com\/?post_type=product&#038;p=2463"},"modified":"2025-11-18T18:27:53","modified_gmt":"2025-11-18T23:27:53","slug":"model-kit-pokemon-charmander-bandai","status":"publish","type":"product","link":"https:\/\/juanchitoys.com\/index.php\/producto\/model-kit-pokemon-charmander-bandai\/","title":{"rendered":"MODEL KIT POKEMON CHARMANDER  BANDAI"},"content":{"rendered":"<p>EL MODEL KIT DE CHARMANDER DE BANDAI ES UN SET DE ENSAMBLAJE QUE PERMITE A LOS FANS DE POK\u00c9MON CONSTRUIR SU PROPIA FIGURA DEL QUERIDO POK\u00c9MON DE TIPO FUEGO. ESTE KIT INCLUYE PIEZAS DETALLADAS QUE REPRESENTAN A CHARMANDER EN UNA POSE DIN\u00c1MICA, CON UNA ATENCI\u00d3N ESPECIAL A LOS COLORES Y DETALLES CARACTER\u00cdSTICOS. IDEAL PARA COLECCIONISTAS Y ENTUSIASTAS DEL MODELISMO, OFRECE UNA EXPERIENCIA DIVERTIDA Y CREATIVA, Y UNA VEZ MONTADO, SE CONVIERTE EN UNA PIEZA DECORATIVA PERFECTA PARA CUALQUIER COLECCI\u00d3N. \u00a1PERFECTO PARA REVIVIR LA NOSTALGIA DE LA SERIE!<\/p>\n<p>FICHA TECNICA:<br \/>\nALTURA 8.7 CM APROX<br \/>\nLINEA: MODEL KIT<br \/>\nMARCA: BANDAI<br \/>\nREQUIERE ENSAMBLE<\/p>\n","protected":false},"excerpt":{"rendered":"<p>EL MODEL KIT DE CHARMANDER DE BANDAI ES UN SET DE ENSAMBLAJE QUE PERMITE A LOS FANS DE POK\u00c9MON CONSTRUIR SU PROPIA FIGURA DEL QUERIDO POK\u00c9MON DE TIPO FUEGO.<\/p>\n","protected":false},"featured_media":1776,"comment_status":"open","ping_status":"closed","template":"","meta":[],"product_brand":[],"product_cat":[91,89],"product_tag":[35,67],"class_list":{"0":"post-2463","1":"product","2":"type-product","3":"status-publish","4":"has-post-thumbnail","6":"product_cat-pokemon","7":"product_cat-novedades","8":"product_tag-bandai","9":"product_tag-plastic-model","11":"first","12":"outofstock","13":"shipping-taxable","14":"purchasable","15":"product-type-simple"},"_links":{"self":[{"href":"https:\/\/juanchitoys.com\/index.php\/wp-json\/wp\/v2\/product\/2463","targetHints":{"allow":["GET"]}}],"collection":[{"href":"https:\/\/juanchitoys.com\/index.php\/wp-json\/wp\/v2\/product"}],"about":[{"href":"https:\/\/juanchitoys.com\/index.php\/wp-json\/wp\/v2\/types\/product"}],"replies":[{"embeddable":true,"href":"https:\/\/juanchitoys.com\/index.php\/wp-json\/wp\/v2\/comments?post=2463"}],"wp:featuredmedia":[{"embeddable":true,"href":"https:\/\/juanchitoys.com\/index.php\/wp-json\/wp\/v2\/media\/1776"}],"wp:attachment":[{"href":"https:\/\/juanchitoys.com\/index.php\/wp-json\/wp\/v2\/media?parent=2463"}],"wp:term":[{"taxonomy":"product_brand","embeddable":true,"href":"https:\/\/juanchitoys.com\/index.php\/wp-json\/wp\/v2\/product_brand?post=2463"},{"taxonomy":"product_cat","embeddable":true,"href":"https:\/\/juanchitoys.com\/index.php\/wp-json\/wp\/v2\/product_cat?post=2463"},{"taxonomy":"product_tag","embeddable":true,"href":"https:\/\/juanchitoys.com\/index.php\/wp-json\/wp\/v2\/product_tag?post=2463"}],"curies":[{"name":"wp","href":"https:\/\/api.w.org\/{rel}","templated":true}]}}