{"id":2462,"date":"2024-10-30T17:45:07","date_gmt":"2024-10-30T22:45:07","guid":{"rendered":"https:\/\/juanchitoys.com\/?post_type=product&#038;p=2462"},"modified":"2025-06-12T18:35:04","modified_gmt":"2025-06-12T23:35:04","slug":"model-kit-pokemon-pikachu-03-bandai","status":"publish","type":"product","link":"https:\/\/juanchitoys.com\/index.php\/producto\/model-kit-pokemon-pikachu-03-bandai\/","title":{"rendered":"MODEL KIT POKEMON PIKACHU 03 BANDAI"},"content":{"rendered":"<p>ESTE INCRE\u00cdBLE KIT CAPTURA LA ESENCIA DEL POK\u00c9MON M\u00c1S IC\u00d3NICO Y OFRECE UNA EXPERIENCIA DE CONSTRUCCI\u00d3N F\u00c1CIL Y EMOCIONANTE. CON PIEZAS MOLDEADAS EN COLOR, ESTE KIT NO REQUIERE PEGAMENTO NI PINTURA, \u00a1HACIENDO QUE LA CREACI\u00d3N DE TU PIKACHU SEA S\u00daPER R\u00c1PIDA Y DIVERTIDA!<\/p>\n<p>A\u00d1ADE A PIKACHU EN POSE DE BATALLA A TU COLECCI\u00d3N Y MUESTRA CON ORGULLO TU HABILIDAD DE ENTRENADOR Y CONSTRUCTOR.<\/p>\n<p>FICHA TECNICA:<br \/>\nALTURA 7.5 CM APROX<br \/>\nLINEA: MODEL KIT<br \/>\nMARCA: BANDAI<br \/>\nREQUIERE ENSAMBLE<\/p>\n","protected":false},"excerpt":{"rendered":"<p>ESTE INCRE\u00cdBLE KIT CAPTURA LA ESENCIA DEL POK\u00c9MON M\u00c1S IC\u00d3NICO Y OFRECE UNA EXPERIENCIA DE CONSTRUCCI\u00d3N F\u00c1CIL Y EMOCIONANTE.<\/p>\n","protected":false},"featured_media":1816,"comment_status":"open","ping_status":"closed","template":"","meta":[],"product_brand":[],"product_cat":[91,89],"product_tag":[35,67],"class_list":{"0":"post-2462","1":"product","2":"type-product","3":"status-publish","4":"has-post-thumbnail","6":"product_cat-pokemon","7":"product_cat-novedades","8":"product_tag-bandai","9":"product_tag-plastic-model","11":"first","12":"outofstock","13":"shipping-taxable","14":"purchasable","15":"product-type-simple"},"_links":{"self":[{"href":"https:\/\/juanchitoys.com\/index.php\/wp-json\/wp\/v2\/product\/2462","targetHints":{"allow":["GET"]}}],"collection":[{"href":"https:\/\/juanchitoys.com\/index.php\/wp-json\/wp\/v2\/product"}],"about":[{"href":"https:\/\/juanchitoys.com\/index.php\/wp-json\/wp\/v2\/types\/product"}],"replies":[{"embeddable":true,"href":"https:\/\/juanchitoys.com\/index.php\/wp-json\/wp\/v2\/comments?post=2462"}],"wp:featuredmedia":[{"embeddable":true,"href":"https:\/\/juanchitoys.com\/index.php\/wp-json\/wp\/v2\/media\/1816"}],"wp:attachment":[{"href":"https:\/\/juanchitoys.com\/index.php\/wp-json\/wp\/v2\/media?parent=2462"}],"wp:term":[{"taxonomy":"product_brand","embeddable":true,"href":"https:\/\/juanchitoys.com\/index.php\/wp-json\/wp\/v2\/product_brand?post=2462"},{"taxonomy":"product_cat","embeddable":true,"href":"https:\/\/juanchitoys.com\/index.php\/wp-json\/wp\/v2\/product_cat?post=2462"},{"taxonomy":"product_tag","embeddable":true,"href":"https:\/\/juanchitoys.com\/index.php\/wp-json\/wp\/v2\/product_tag?post=2462"}],"curies":[{"name":"wp","href":"https:\/\/api.w.org\/{rel}","templated":true}]}}