{"id":2444,"date":"2024-10-15T08:24:36","date_gmt":"2024-10-15T13:24:36","guid":{"rendered":"https:\/\/juanchitoys.com\/?post_type=product&#038;p=2444"},"modified":"2025-11-18T18:28:08","modified_gmt":"2025-11-18T23:28:08","slug":"dragon-ball-z-cooler-match-makers","status":"publish","type":"product","link":"https:\/\/juanchitoys.com\/index.php\/producto\/dragon-ball-z-cooler-match-makers\/","title":{"rendered":"DRAGON BALL Z COOLER MATCH MAKERS"},"content":{"rendered":"<p>LA FIGURA COOLER MATCH MAKERS DE DRAGON BALL Z PRESENTA AL PODEROSO HERMANO DE FREEZER EN SU FORMA FINAL. ESTE COLECCIONABLE CAPTURA A COOLER EN UNA POSE AMENAZANTE, CON SU DISE\u00d1O ALIEN\u00cdGENA CARACTER\u00cdSTICO Y SU ARMADURA BLANCA Y P\u00daRPURA. LA SERIE MATCH MAKERS DESTACA POR SUS FIGURAS ALTAMENTE DETALLADAS Y DIN\u00c1MICAS, LO QUE CONVIERTE A ESTA REPRESENTACI\u00d3N DE COOLER EN UNA EXCELENTE ADICI\u00d3N PARA LOS FAN\u00c1TICOS DE LA SAGA Y LOS COLECCIONISTAS.<\/p>\n<p>FICHA TECNICA:<br \/>\n-ALTURA 17 CM<br \/>\n-LINEA MATCH MAKERS<br \/>\n-MARCA BANDAI<br \/>\n-ORIGEN JAPON<\/p>\n","protected":false},"excerpt":{"rendered":"<p>LA FIGURA COOLER MATCH MAKERS DE DRAGON BALL Z PRESENTA AL PODEROSO HERMANO DE FREEZER EN SU FORMA FINAL. ESTE COLECCIONABLE CAPTURA A COOLER EN UNA POSE AMENAZANTE<\/p>\n","protected":false},"featured_media":2448,"comment_status":"open","ping_status":"closed","template":"","meta":[],"product_brand":[],"product_cat":[18,89],"product_tag":[35,41],"class_list":{"0":"post-2444","1":"product","2":"type-product","3":"status-publish","4":"has-post-thumbnail","6":"product_cat-dragon-ball","7":"product_cat-novedades","8":"product_tag-bandai","9":"product_tag-match-makers","11":"first","12":"outofstock","13":"shipping-taxable","14":"purchasable","15":"product-type-simple"},"_links":{"self":[{"href":"https:\/\/juanchitoys.com\/index.php\/wp-json\/wp\/v2\/product\/2444","targetHints":{"allow":["GET"]}}],"collection":[{"href":"https:\/\/juanchitoys.com\/index.php\/wp-json\/wp\/v2\/product"}],"about":[{"href":"https:\/\/juanchitoys.com\/index.php\/wp-json\/wp\/v2\/types\/product"}],"replies":[{"embeddable":true,"href":"https:\/\/juanchitoys.com\/index.php\/wp-json\/wp\/v2\/comments?post=2444"}],"wp:featuredmedia":[{"embeddable":true,"href":"https:\/\/juanchitoys.com\/index.php\/wp-json\/wp\/v2\/media\/2448"}],"wp:attachment":[{"href":"https:\/\/juanchitoys.com\/index.php\/wp-json\/wp\/v2\/media?parent=2444"}],"wp:term":[{"taxonomy":"product_brand","embeddable":true,"href":"https:\/\/juanchitoys.com\/index.php\/wp-json\/wp\/v2\/product_brand?post=2444"},{"taxonomy":"product_cat","embeddable":true,"href":"https:\/\/juanchitoys.com\/index.php\/wp-json\/wp\/v2\/product_cat?post=2444"},{"taxonomy":"product_tag","embeddable":true,"href":"https:\/\/juanchitoys.com\/index.php\/wp-json\/wp\/v2\/product_tag?post=2444"}],"curies":[{"name":"wp","href":"https:\/\/api.w.org\/{rel}","templated":true}]}}