{"id":2428,"date":"2024-10-14T08:46:24","date_gmt":"2024-10-14T13:46:24","guid":{"rendered":"https:\/\/juanchitoys.com\/?post_type=product&#038;p=2428"},"modified":"2026-01-06T14:55:49","modified_gmt":"2026-01-06T19:55:49","slug":"dragon-ball-gt-son-goku-super-saiyan-match-makers","status":"publish","type":"product","link":"https:\/\/juanchitoys.com\/index.php\/producto\/dragon-ball-gt-son-goku-super-saiyan-match-makers\/","title":{"rendered":"DRAGON BALL GT SON GOKU SUPER SAIYAN MATCH MAKERS"},"content":{"rendered":"<p>LA FIGURA DRAGON BALL GT SON GOKU SUPER SAIYAN MUESTRA AL IC\u00d3NICO H\u00c9ROE EN SU FORMA DE SUPER SAIYAN DURANTE LA SAGA GT. CON DETALLES VIBRANTES EN SU CABELLO DORADO, EXPRESI\u00d3N INTENSA Y VESTIMENTA CL\u00c1SICA, ESTA FIGURA CAPTURA LA ENERG\u00cdA Y DETERMINACI\u00d3N DE GOKU EN PLENA BATALLA, SIENDO UNA PIEZA IMPRESCINDIBLE PARA LOS FANS DE DRAGON BALL GT.<\/p>\n<p>&#8211; ALTURA 15 CM<br \/>\n&#8211; LINEA MATCH MAKERS<br \/>\n&#8211; MARCA BANDAI<br \/>\n&#8211; NO ARTICULABLE<br \/>\n&#8211; ORIGEN JAPON<\/p>\n","protected":false},"excerpt":{"rendered":"<p>LA FIGURA DRAGON BALL GT SON GOKU SUPER SAIYAN MUESTRA AL IC\u00d3NICO H\u00c9ROE EN SU FORMA DE SUPER SAIYAN DURANTE LA SAGA GT. CON DETALLES VIBRANTES EN SU CABELLO DORADO, EXPRESI\u00d3N INTENSA Y VESTIMENTA CL\u00c1SICA, ESTA FIGURA CAPTURA LA ENERG\u00cdA Y DETERMINACI\u00d3N DE GOKU EN PLENA BATALLA, SIENDO UNA PIEZA IMPRESCINDIBLE PARA LOS FANS DE DRAGON BALL GT.<\/p>\n","protected":false},"featured_media":2432,"comment_status":"open","ping_status":"closed","template":"","meta":[],"product_brand":[],"product_cat":[18,89],"product_tag":[35,41],"class_list":{"0":"post-2428","1":"product","2":"type-product","3":"status-publish","4":"has-post-thumbnail","6":"product_cat-dragon-ball","7":"product_cat-novedades","8":"product_tag-bandai","9":"product_tag-match-makers","11":"first","12":"outofstock","13":"shipping-taxable","14":"purchasable","15":"product-type-simple"},"_links":{"self":[{"href":"https:\/\/juanchitoys.com\/index.php\/wp-json\/wp\/v2\/product\/2428","targetHints":{"allow":["GET"]}}],"collection":[{"href":"https:\/\/juanchitoys.com\/index.php\/wp-json\/wp\/v2\/product"}],"about":[{"href":"https:\/\/juanchitoys.com\/index.php\/wp-json\/wp\/v2\/types\/product"}],"replies":[{"embeddable":true,"href":"https:\/\/juanchitoys.com\/index.php\/wp-json\/wp\/v2\/comments?post=2428"}],"wp:featuredmedia":[{"embeddable":true,"href":"https:\/\/juanchitoys.com\/index.php\/wp-json\/wp\/v2\/media\/2432"}],"wp:attachment":[{"href":"https:\/\/juanchitoys.com\/index.php\/wp-json\/wp\/v2\/media?parent=2428"}],"wp:term":[{"taxonomy":"product_brand","embeddable":true,"href":"https:\/\/juanchitoys.com\/index.php\/wp-json\/wp\/v2\/product_brand?post=2428"},{"taxonomy":"product_cat","embeddable":true,"href":"https:\/\/juanchitoys.com\/index.php\/wp-json\/wp\/v2\/product_cat?post=2428"},{"taxonomy":"product_tag","embeddable":true,"href":"https:\/\/juanchitoys.com\/index.php\/wp-json\/wp\/v2\/product_tag?post=2428"}],"curies":[{"name":"wp","href":"https:\/\/api.w.org\/{rel}","templated":true}]}}