{"id":2421,"date":"2024-10-14T08:40:52","date_gmt":"2024-10-14T13:40:52","guid":{"rendered":"https:\/\/juanchitoys.com\/?post_type=product&#038;p=2421"},"modified":"2025-11-18T18:28:16","modified_gmt":"2025-11-18T23:28:16","slug":"2421","status":"publish","type":"product","link":"https:\/\/juanchitoys.com\/index.php\/producto\/2421\/","title":{"rendered":"DRAGON BALL GT SUPER ANDROIDE 17 MATCH MAKERS"},"content":{"rendered":"<p>LA FIGURA ANDROIDE 17 MATCH MAKERS DE BANPRESTO CAPTURA AL PODEROSO PERSONAJE DE DRAGON BALL Z EN UNA POSTURA DE COMBATE, LISTA PARA LA ACCI\u00d3N. CON DETALLES PRECISOS EN SU VESTIMENTA Y UNA EXPRESI\u00d3N SERIA, ESTA FIGURA RESALTA LA FUERZA Y DETERMINACI\u00d3N DE ANDROIDE 17. ES IDEAL PARA LOS FAN\u00c1TICOS QUE BUSCAN COLECCIONAR A LOS PERSONAJES M\u00c1S IC\u00d3NICOS DE LA SERIE.<\/p>\n<p>&#8211; ALTURA 16 CM<br \/>\n&#8211; LINEA MATCH MAKERS<br \/>\n&#8211; MARCA BANDAI<br \/>\n&#8211; NO ARTICULABLE<br \/>\n&#8211; ORIGEN JAPON<\/p>\n","protected":false},"excerpt":{"rendered":"<p>LA FIGURA ANDROIDE 17 MATCH MAKERS DE BANPRESTO CAPTURA AL PODEROSO PERSONAJE DE DRAGON BALL Z EN UNA POSTURA DE COMBATE, LISTA PARA LA ACCI\u00d3N. CON DETALLES PRECISOS EN SU VESTIMENTA Y UNA EXPRESI\u00d3N SERIA, ESTA FIGURA RESALTA LA FUERZA Y DETERMINACI\u00d3N DE ANDROIDE 17. ES IDEAL PARA LOS FAN\u00c1TICOS QUE BUSCAN COLECCIONAR A LOS PERSONAJES M\u00c1S IC\u00d3NICOS DE LA SERIE.<\/p>\n","protected":false},"featured_media":2423,"comment_status":"open","ping_status":"closed","template":"","meta":[],"product_brand":[],"product_cat":[18,89],"product_tag":[35,41],"class_list":{"0":"post-2421","1":"product","2":"type-product","3":"status-publish","4":"has-post-thumbnail","6":"product_cat-dragon-ball","7":"product_cat-novedades","8":"product_tag-bandai","9":"product_tag-match-makers","11":"first","12":"outofstock","13":"shipping-taxable","14":"purchasable","15":"product-type-simple"},"_links":{"self":[{"href":"https:\/\/juanchitoys.com\/index.php\/wp-json\/wp\/v2\/product\/2421","targetHints":{"allow":["GET"]}}],"collection":[{"href":"https:\/\/juanchitoys.com\/index.php\/wp-json\/wp\/v2\/product"}],"about":[{"href":"https:\/\/juanchitoys.com\/index.php\/wp-json\/wp\/v2\/types\/product"}],"replies":[{"embeddable":true,"href":"https:\/\/juanchitoys.com\/index.php\/wp-json\/wp\/v2\/comments?post=2421"}],"wp:featuredmedia":[{"embeddable":true,"href":"https:\/\/juanchitoys.com\/index.php\/wp-json\/wp\/v2\/media\/2423"}],"wp:attachment":[{"href":"https:\/\/juanchitoys.com\/index.php\/wp-json\/wp\/v2\/media?parent=2421"}],"wp:term":[{"taxonomy":"product_brand","embeddable":true,"href":"https:\/\/juanchitoys.com\/index.php\/wp-json\/wp\/v2\/product_brand?post=2421"},{"taxonomy":"product_cat","embeddable":true,"href":"https:\/\/juanchitoys.com\/index.php\/wp-json\/wp\/v2\/product_cat?post=2421"},{"taxonomy":"product_tag","embeddable":true,"href":"https:\/\/juanchitoys.com\/index.php\/wp-json\/wp\/v2\/product_tag?post=2421"}],"curies":[{"name":"wp","href":"https:\/\/api.w.org\/{rel}","templated":true}]}}