{"id":2406,"date":"2024-10-14T07:44:54","date_gmt":"2024-10-14T12:44:54","guid":{"rendered":"https:\/\/juanchitoys.com\/?post_type=product&#038;p=2406"},"modified":"2025-06-14T11:11:40","modified_gmt":"2025-06-14T16:11:40","slug":"chopper-sofvimates-bandai","status":"publish","type":"product","link":"https:\/\/juanchitoys.com\/index.php\/producto\/chopper-sofvimates-bandai\/","title":{"rendered":"CHOPPER SOFVIMATES BANDAI"},"content":{"rendered":"<p>LA FIGURA CHOPPER SOFVIMATES DE BANDAI PRESENTA AL ADORABLE M\u00c9DICO DE LOS MUGIWARA EN SU CL\u00c1SICO ESTILO CHIBI. HECHA DE UN MATERIAL SUAVE, ESTA FIGURA CAPTURA LA ESENCIA TIERNA Y CARISM\u00c1TICA DE TONY TONY CHOPPER CON DETALLES SIMPLES PERO ENCANTADORES, IDEAL PARA LOS FANS QUE BUSCAN UNA REPRESENTACI\u00d3N ACCESIBLE Y COLECCIONABLE DEL PERSONAJE DE ONE PIECE.<\/p>\n<p>&#8211; ALTURA 10 CM<br \/>\n&#8211; LINEA SOFVIMATES<br \/>\n&#8211; MARCA BANDAI<br \/>\n&#8211; NO ARTICULABLE<br \/>\n&#8211; ORIGEN JAPON<\/p>\n","protected":false},"excerpt":{"rendered":"<p>LA FIGURA CHOPPER SOFVIMATES DE BANDAI PRESENTA AL ADORABLE M\u00c9DICO DE LOS MUGIWARA EN SU CL\u00c1SICO ESTILO CHIBI.<\/p>\n","protected":false},"featured_media":2409,"comment_status":"open","ping_status":"closed","template":"","meta":[],"product_brand":[],"product_cat":[19,89],"product_tag":[35,93],"class_list":{"0":"post-2406","1":"product","2":"type-product","3":"status-publish","4":"has-post-thumbnail","6":"product_cat-one-piece","7":"product_cat-novedades","8":"product_tag-bandai","9":"product_tag-sofvimates","11":"first","12":"outofstock","13":"shipping-taxable","14":"purchasable","15":"product-type-simple"},"_links":{"self":[{"href":"https:\/\/juanchitoys.com\/index.php\/wp-json\/wp\/v2\/product\/2406","targetHints":{"allow":["GET"]}}],"collection":[{"href":"https:\/\/juanchitoys.com\/index.php\/wp-json\/wp\/v2\/product"}],"about":[{"href":"https:\/\/juanchitoys.com\/index.php\/wp-json\/wp\/v2\/types\/product"}],"replies":[{"embeddable":true,"href":"https:\/\/juanchitoys.com\/index.php\/wp-json\/wp\/v2\/comments?post=2406"}],"wp:featuredmedia":[{"embeddable":true,"href":"https:\/\/juanchitoys.com\/index.php\/wp-json\/wp\/v2\/media\/2409"}],"wp:attachment":[{"href":"https:\/\/juanchitoys.com\/index.php\/wp-json\/wp\/v2\/media?parent=2406"}],"wp:term":[{"taxonomy":"product_brand","embeddable":true,"href":"https:\/\/juanchitoys.com\/index.php\/wp-json\/wp\/v2\/product_brand?post=2406"},{"taxonomy":"product_cat","embeddable":true,"href":"https:\/\/juanchitoys.com\/index.php\/wp-json\/wp\/v2\/product_cat?post=2406"},{"taxonomy":"product_tag","embeddable":true,"href":"https:\/\/juanchitoys.com\/index.php\/wp-json\/wp\/v2\/product_tag?post=2406"}],"curies":[{"name":"wp","href":"https:\/\/api.w.org\/{rel}","templated":true}]}}