{"id":2401,"date":"2024-10-14T07:37:40","date_gmt":"2024-10-14T12:37:40","guid":{"rendered":"https:\/\/juanchitoys.com\/?post_type=product&#038;p=2401"},"modified":"2025-01-24T12:07:03","modified_gmt":"2025-01-24T17:07:03","slug":"eustass-kid-figuarts-zero-2","status":"publish","type":"product","link":"https:\/\/juanchitoys.com\/index.php\/producto\/eustass-kid-figuarts-zero-2\/","title":{"rendered":"EUSTASS KID FIGUARTS ZERO"},"content":{"rendered":"<p>LA FIGURA EUSTASS KID FIGUARTS ZERO DE BANDAI CAPTURA AL PODEROSO PIRATA DE ONE PIECE EN UNA POSE \u00c9PICA, DESTACANDO SU BRAZO MEC\u00c1NICO Y SU INTENSA EXPRESI\u00d3N DE COMBATE. CON DETALLES FINOS Y EFECTOS VISUALES QUE RECREAN SU PODER MAGN\u00c9TICO, ESTA FIGURA ES UNA REPRESENTACI\u00d3N FIEL Y DIN\u00c1MICA DE KID, PERFECTA PARA LOS COLECCIONISTAS Y FAN\u00c1TICOS DE LA SERIE.<br \/>\nFICHA TECNICA:<\/p>\n<p>&#8211; ALTURA 16 CM<br \/>\n&#8211; LINEA FIGUARTS ZERO<br \/>\n&#8211; MARCA BANDAI<br \/>\n&#8211; NO ARTICULABLE<br \/>\n&#8211; ORIGEN JAPON<\/p>\n","protected":false},"excerpt":{"rendered":"<p>LA FIGURA EUSTASS KID FIGUARTS ZERO DE BANDAI CAPTURA AL PODEROSO PIRATA DE ONE PIECE EN UNA POSE \u00c9PICA, DESTACANDO SU BRAZO MEC\u00c1NICO Y SU INTENSA EXPRESI\u00d3N DE COMBATE.<\/p>\n","protected":false},"featured_media":2405,"comment_status":"open","ping_status":"closed","template":"","meta":[],"product_brand":[],"product_cat":[19,89],"product_tag":[35,83],"class_list":{"0":"post-2401","1":"product","2":"type-product","3":"status-publish","4":"has-post-thumbnail","6":"product_cat-one-piece","7":"product_cat-novedades","8":"product_tag-bandai","9":"product_tag-figuarts-zero","11":"first","12":"instock","13":"shipping-taxable","14":"purchasable","15":"product-type-simple"},"_links":{"self":[{"href":"https:\/\/juanchitoys.com\/index.php\/wp-json\/wp\/v2\/product\/2401","targetHints":{"allow":["GET"]}}],"collection":[{"href":"https:\/\/juanchitoys.com\/index.php\/wp-json\/wp\/v2\/product"}],"about":[{"href":"https:\/\/juanchitoys.com\/index.php\/wp-json\/wp\/v2\/types\/product"}],"replies":[{"embeddable":true,"href":"https:\/\/juanchitoys.com\/index.php\/wp-json\/wp\/v2\/comments?post=2401"}],"wp:featuredmedia":[{"embeddable":true,"href":"https:\/\/juanchitoys.com\/index.php\/wp-json\/wp\/v2\/media\/2405"}],"wp:attachment":[{"href":"https:\/\/juanchitoys.com\/index.php\/wp-json\/wp\/v2\/media?parent=2401"}],"wp:term":[{"taxonomy":"product_brand","embeddable":true,"href":"https:\/\/juanchitoys.com\/index.php\/wp-json\/wp\/v2\/product_brand?post=2401"},{"taxonomy":"product_cat","embeddable":true,"href":"https:\/\/juanchitoys.com\/index.php\/wp-json\/wp\/v2\/product_cat?post=2401"},{"taxonomy":"product_tag","embeddable":true,"href":"https:\/\/juanchitoys.com\/index.php\/wp-json\/wp\/v2\/product_tag?post=2401"}],"curies":[{"name":"wp","href":"https:\/\/api.w.org\/{rel}","templated":true}]}}