{"id":2390,"date":"2024-10-14T07:31:16","date_gmt":"2024-10-14T12:31:16","guid":{"rendered":"https:\/\/juanchitoys.com\/?post_type=product&#038;p=2390"},"modified":"2025-01-24T12:07:13","modified_gmt":"2025-01-24T17:07:13","slug":"portgas-d-ace-strong-world-figuarts-zero","status":"publish","type":"product","link":"https:\/\/juanchitoys.com\/index.php\/producto\/portgas-d-ace-strong-world-figuarts-zero\/","title":{"rendered":"PORTGAS-D-ACE STRONG WORLD FIGUARTS ZERO"},"content":{"rendered":"<p>LA FIGURA PORTGAS D. ACE STRONG WORLD FIGUARTS ZERO ES UNA DETALLADA REPRESENTACI\u00d3N DEL PERSONAJE DE ONE PIECE, ELABORADA POR BANDAI.<\/p>\n<p>ESTA FIGURA CAPTURA A ACE EN UNA POSE DIN\u00c1MICA, CON EFECTOS DE FUEGO TRANSL\u00daCIDOS, DESTACANDO SU HABILIDAD DE LA FRUTA MERA MERA. LA CALIDAD DE LOS ACABADOS, SU EXPRESI\u00d3N DESAFIANTE Y EL DINAMISMO DE LOS DETALLES HACEN DE ESTA FIGURA UNA PIEZA INDISPENSABLE PARA LOS FANS DE LA SERIE.<\/p>\n<p>FICHA TECNICA:<\/p>\n<p>&#8211; ALTURA 15 CM<br \/>\n&#8211; LINEA FIGUARTS ZERO<br \/>\n&#8211; MARCA BANDAI<br \/>\n&#8211; NO ARTICULABLE<br \/>\n&#8211; ORIGEN JAPON<\/p>\n","protected":false},"excerpt":{"rendered":"<p>LA FIGURA PORTGAS D. ACE STRONG WORLD FIGUARTS ZERO ES UNA DETALLADA REPRESENTACI\u00d3N DEL PERSONAJE DE ONE PIECE, ELABORADA POR BANDAI.<\/p>\n","protected":false},"featured_media":2398,"comment_status":"open","ping_status":"closed","template":"","meta":[],"product_brand":[],"product_cat":[19,89],"product_tag":[35,83],"class_list":{"0":"post-2390","1":"product","2":"type-product","3":"status-publish","4":"has-post-thumbnail","6":"product_cat-one-piece","7":"product_cat-novedades","8":"product_tag-bandai","9":"product_tag-figuarts-zero","11":"first","12":"instock","13":"shipping-taxable","14":"purchasable","15":"product-type-simple"},"_links":{"self":[{"href":"https:\/\/juanchitoys.com\/index.php\/wp-json\/wp\/v2\/product\/2390","targetHints":{"allow":["GET"]}}],"collection":[{"href":"https:\/\/juanchitoys.com\/index.php\/wp-json\/wp\/v2\/product"}],"about":[{"href":"https:\/\/juanchitoys.com\/index.php\/wp-json\/wp\/v2\/types\/product"}],"replies":[{"embeddable":true,"href":"https:\/\/juanchitoys.com\/index.php\/wp-json\/wp\/v2\/comments?post=2390"}],"wp:featuredmedia":[{"embeddable":true,"href":"https:\/\/juanchitoys.com\/index.php\/wp-json\/wp\/v2\/media\/2398"}],"wp:attachment":[{"href":"https:\/\/juanchitoys.com\/index.php\/wp-json\/wp\/v2\/media?parent=2390"}],"wp:term":[{"taxonomy":"product_brand","embeddable":true,"href":"https:\/\/juanchitoys.com\/index.php\/wp-json\/wp\/v2\/product_brand?post=2390"},{"taxonomy":"product_cat","embeddable":true,"href":"https:\/\/juanchitoys.com\/index.php\/wp-json\/wp\/v2\/product_cat?post=2390"},{"taxonomy":"product_tag","embeddable":true,"href":"https:\/\/juanchitoys.com\/index.php\/wp-json\/wp\/v2\/product_tag?post=2390"}],"curies":[{"name":"wp","href":"https:\/\/api.w.org\/{rel}","templated":true}]}}