{"id":2386,"date":"2024-10-13T21:18:36","date_gmt":"2024-10-14T02:18:36","guid":{"rendered":"https:\/\/juanchitoys.com\/?post_type=product&#038;p=2386"},"modified":"2025-11-18T18:28:25","modified_gmt":"2025-11-18T23:28:25","slug":"my-dress-up-darling-celestial-vivi-marin-kitagawa","status":"publish","type":"product","link":"https:\/\/juanchitoys.com\/index.php\/producto\/my-dress-up-darling-celestial-vivi-marin-kitagawa\/","title":{"rendered":"MY DRESS UP DARLING &#8211; CELESTIAL VIVI &#8211; MARIN   KITAGAWA"},"content":{"rendered":"<p>LA FIGURA MARIN KITAGAWA CELESTIAL VIVI DE MY DRESS-UP DARLING CAPTURA A LA ENCANTADORA PROTAGONISTA EN UNO DE SUS TRAJES M\u00c1S LLAMATIVOS. CON UNA ALTURA APROXIMADA DE 20 CM, MARIN APARECE CON SU COSPLAY DE CELESTIAL VIVI, MOSTRANDO UNA POSE DIN\u00c1MICA Y ALEGRE QUE REFLEJA SU PASI\u00d3N POR EL COSPLAY. LOS DETALLES EN SU ROPA Y ACCESORIOS, JUNTO CON EL ACABADO DE ALTA CALIDAD, HACEN DE ESTA FIGURA UNA PIEZA IMPRESCINDIBLE PARA LOS FAN\u00c1TICOS DE LA SERIE Y COLECCIONISTAS QUE APRECIAN EL DISE\u00d1O Y LA VIVACIDAD DEL PERSONAJE.<\/p>\n<p>FICHA TECNICA:<br \/>\n&#8211; ALTURA 20 CM<br \/>\n&#8211; LINEA CELESTIAL VIVI<br \/>\n&#8211; MARCA BANDAI<br \/>\n&#8211; ORIGEN JAPON<\/p>\n","protected":false},"excerpt":{"rendered":"<p>LA FIGURA MARIN KITAGAWA CELESTIAL VIVI DE MY DRESS-UP DARLING CAPTURA A LA ENCANTADORA PROTAGONISTA EN UNO DE SUS TRAJES M\u00c1S LLAMATIVOS. CON UNA ALTURA APROXIMADA DE 20 CM, MARIN APARECE CON SU COSPLAY DE CELESTIAL VIVI, MOSTRANDO UNA POSE DIN\u00c1MICA Y ALEGRE QUE REFLEJA SU PASI\u00d3N POR EL COSPLAY<\/p>\n","protected":false},"featured_media":2387,"comment_status":"open","ping_status":"closed","template":"","meta":[],"product_brand":[],"product_cat":[89,33],"product_tag":[35],"class_list":{"0":"post-2386","1":"product","2":"type-product","3":"status-publish","4":"has-post-thumbnail","6":"product_cat-novedades","7":"product_cat-variados","8":"product_tag-bandai","10":"first","11":"outofstock","12":"shipping-taxable","13":"purchasable","14":"product-type-simple"},"_links":{"self":[{"href":"https:\/\/juanchitoys.com\/index.php\/wp-json\/wp\/v2\/product\/2386","targetHints":{"allow":["GET"]}}],"collection":[{"href":"https:\/\/juanchitoys.com\/index.php\/wp-json\/wp\/v2\/product"}],"about":[{"href":"https:\/\/juanchitoys.com\/index.php\/wp-json\/wp\/v2\/types\/product"}],"replies":[{"embeddable":true,"href":"https:\/\/juanchitoys.com\/index.php\/wp-json\/wp\/v2\/comments?post=2386"}],"wp:featuredmedia":[{"embeddable":true,"href":"https:\/\/juanchitoys.com\/index.php\/wp-json\/wp\/v2\/media\/2387"}],"wp:attachment":[{"href":"https:\/\/juanchitoys.com\/index.php\/wp-json\/wp\/v2\/media?parent=2386"}],"wp:term":[{"taxonomy":"product_brand","embeddable":true,"href":"https:\/\/juanchitoys.com\/index.php\/wp-json\/wp\/v2\/product_brand?post=2386"},{"taxonomy":"product_cat","embeddable":true,"href":"https:\/\/juanchitoys.com\/index.php\/wp-json\/wp\/v2\/product_cat?post=2386"},{"taxonomy":"product_tag","embeddable":true,"href":"https:\/\/juanchitoys.com\/index.php\/wp-json\/wp\/v2\/product_tag?post=2386"}],"curies":[{"name":"wp","href":"https:\/\/api.w.org\/{rel}","templated":true}]}}