{"id":2379,"date":"2024-10-13T21:08:13","date_gmt":"2024-10-14T02:08:13","guid":{"rendered":"https:\/\/juanchitoys.com\/?post_type=product&#038;p=2379"},"modified":"2025-06-12T18:35:24","modified_gmt":"2025-06-12T23:35:24","slug":"zoro-grandista","status":"publish","type":"product","link":"https:\/\/juanchitoys.com\/index.php\/producto\/zoro-grandista\/","title":{"rendered":"ZORO GRANDISTA"},"content":{"rendered":"<p>LA FIGURA ZORO GRANDISTA DE BANDAI ES UNA IMPRESIONANTE REPRESENTACI\u00d3N A GRAN ESCALA DE RORONOA ZORO, EL MAESTRO ESPADACH\u00cdN DE ONE PIECE. CON UNA ALTURA APROXIMADA DE 22 CM. ESTA FIGURA RESALTA POR SU NIVEL DE DETALLE, DESDE SUS CICATRICES IC\u00d3NICAS HASTA LA PRECISI\u00d3N EN SU ATUENDO CL\u00c1SICO, CON LAS TRES ESPADAS QUE LO CARACTERIZAN. FABRICADA CON MATERIALES DURADEROS Y ACABADOS EXCEPCIONALES, ES PERFECTA PARA COLECCIONISTAS QUE BUSCAN UNA PIEZA DE GRAN TAMA\u00d1O Y CALIDAD DEL INTR\u00c9PIDO GUERRERO DE LA TRIPULACI\u00d3N DE LOS SOMBRERO DE PAJA.<\/p>\n<p>FICHA TECNICA:<br \/>\n&#8211; ALTURA 22 CM<br \/>\n&#8211; LINEA GRANDISTA<br \/>\n&#8211; MARCA BANDAI<br \/>\n&#8211; ORIGEN JAPON<\/p>\n","protected":false},"excerpt":{"rendered":"<p>LA FIGURA ZORO GRANDISTA DE BANDAI ES UNA IMPRESIONANTE REPRESENTACI\u00d3N A GRAN ESCALA DE RORONOA ZORO, EL MAESTRO ESPADACH\u00cdN DE ONE PIECE. CON UNA ALTURA APROXIMADA DE 22 CM.<\/p>\n","protected":false},"featured_media":2384,"comment_status":"open","ping_status":"closed","template":"","meta":[],"product_brand":[],"product_cat":[89,19],"product_tag":[35,56],"class_list":{"0":"post-2379","1":"product","2":"type-product","3":"status-publish","4":"has-post-thumbnail","6":"product_cat-novedades","7":"product_cat-one-piece","8":"product_tag-bandai","9":"product_tag-grandista","11":"first","12":"outofstock","13":"shipping-taxable","14":"purchasable","15":"product-type-simple"},"_links":{"self":[{"href":"https:\/\/juanchitoys.com\/index.php\/wp-json\/wp\/v2\/product\/2379","targetHints":{"allow":["GET"]}}],"collection":[{"href":"https:\/\/juanchitoys.com\/index.php\/wp-json\/wp\/v2\/product"}],"about":[{"href":"https:\/\/juanchitoys.com\/index.php\/wp-json\/wp\/v2\/types\/product"}],"replies":[{"embeddable":true,"href":"https:\/\/juanchitoys.com\/index.php\/wp-json\/wp\/v2\/comments?post=2379"}],"wp:featuredmedia":[{"embeddable":true,"href":"https:\/\/juanchitoys.com\/index.php\/wp-json\/wp\/v2\/media\/2384"}],"wp:attachment":[{"href":"https:\/\/juanchitoys.com\/index.php\/wp-json\/wp\/v2\/media?parent=2379"}],"wp:term":[{"taxonomy":"product_brand","embeddable":true,"href":"https:\/\/juanchitoys.com\/index.php\/wp-json\/wp\/v2\/product_brand?post=2379"},{"taxonomy":"product_cat","embeddable":true,"href":"https:\/\/juanchitoys.com\/index.php\/wp-json\/wp\/v2\/product_cat?post=2379"},{"taxonomy":"product_tag","embeddable":true,"href":"https:\/\/juanchitoys.com\/index.php\/wp-json\/wp\/v2\/product_tag?post=2379"}],"curies":[{"name":"wp","href":"https:\/\/api.w.org\/{rel}","templated":true}]}}