{"id":2374,"date":"2024-10-13T20:57:33","date_gmt":"2024-10-14T01:57:33","guid":{"rendered":"https:\/\/juanchitoys.com\/?post_type=product&#038;p=2374"},"modified":"2025-07-05T10:42:45","modified_gmt":"2025-07-05T15:42:45","slug":"usopp-figuarts-zero-nuevo-mundo","status":"publish","type":"product","link":"https:\/\/juanchitoys.com\/index.php\/producto\/usopp-figuarts-zero-nuevo-mundo\/","title":{"rendered":"USOPP FIGUARTS ZERO NUEVO MUNDO"},"content":{"rendered":"<p>LA FIGURA USOPP FIGUARTS ZERO NUEVO MUNDO CAPTURA AL VALIENTE TIRADOR DE ONE PIECE DESPU\u00c9S DEL SALTO TEMPORAL. CON UNA ALTURA APROXIMADA DE 15 CM, USOPP LUCE SU NUEVO ATUENDO DE EXPLORADOR Y SU CARACTER\u00cdSTICO ARSENAL, INCLUIDO SU PODEROSO KABUTO. LA FIGURA DESTACA POR SU POSE DIN\u00c1MICA Y LA ATENCI\u00d3N AL DETALLE EN SU MUSCULATURA Y ACCESORIOS. HECHA CON MATERIALES DE ALTA CALIDAD, ES UNA EXCELENTE ADICI\u00d3N PARA COLECCIONISTAS Y FAN\u00c1TICOS DE ONE PIECE, QUE BUSCAN TENER AL INGENIOSO Y VALIENTE USOPP EN SU COLECCI\u00d3N.<\/p>\n<p>FICHA TECNICA:<br \/>\n&#8211; ALTURA 16 CM<br \/>\n&#8211; LINEA FIGUARTS ZERO<br \/>\n&#8211; MARCA BANDAI<br \/>\n&#8211; ORIGEN JAPON<\/p>\n","protected":false},"excerpt":{"rendered":"<p>LA FIGURA USOPP FIGUARTS ZERO NUEVO MUNDO CAPTURA AL VALIENTE TIRADOR DE ONE PIECE DESPU\u00c9S DEL SALTO TEMPORAL.<\/p>\n","protected":false},"featured_media":2378,"comment_status":"open","ping_status":"closed","template":"","meta":[],"product_brand":[],"product_cat":[19,89],"product_tag":[35,83],"class_list":{"0":"post-2374","1":"product","2":"type-product","3":"status-publish","4":"has-post-thumbnail","6":"product_cat-one-piece","7":"product_cat-novedades","8":"product_tag-bandai","9":"product_tag-figuarts-zero","11":"first","12":"outofstock","13":"shipping-taxable","14":"purchasable","15":"product-type-simple"},"_links":{"self":[{"href":"https:\/\/juanchitoys.com\/index.php\/wp-json\/wp\/v2\/product\/2374","targetHints":{"allow":["GET"]}}],"collection":[{"href":"https:\/\/juanchitoys.com\/index.php\/wp-json\/wp\/v2\/product"}],"about":[{"href":"https:\/\/juanchitoys.com\/index.php\/wp-json\/wp\/v2\/types\/product"}],"replies":[{"embeddable":true,"href":"https:\/\/juanchitoys.com\/index.php\/wp-json\/wp\/v2\/comments?post=2374"}],"wp:featuredmedia":[{"embeddable":true,"href":"https:\/\/juanchitoys.com\/index.php\/wp-json\/wp\/v2\/media\/2378"}],"wp:attachment":[{"href":"https:\/\/juanchitoys.com\/index.php\/wp-json\/wp\/v2\/media?parent=2374"}],"wp:term":[{"taxonomy":"product_brand","embeddable":true,"href":"https:\/\/juanchitoys.com\/index.php\/wp-json\/wp\/v2\/product_brand?post=2374"},{"taxonomy":"product_cat","embeddable":true,"href":"https:\/\/juanchitoys.com\/index.php\/wp-json\/wp\/v2\/product_cat?post=2374"},{"taxonomy":"product_tag","embeddable":true,"href":"https:\/\/juanchitoys.com\/index.php\/wp-json\/wp\/v2\/product_tag?post=2374"}],"curies":[{"name":"wp","href":"https:\/\/api.w.org\/{rel}","templated":true}]}}