{"id":2353,"date":"2024-10-10T08:57:33","date_gmt":"2024-10-10T13:57:33","guid":{"rendered":"https:\/\/juanchitoys.com\/?post_type=product&#038;p=2353"},"modified":"2024-12-30T10:23:48","modified_gmt":"2024-12-30T15:23:48","slug":"sanji-wano-the-grandline-dxf","status":"publish","type":"product","link":"https:\/\/juanchitoys.com\/index.php\/producto\/sanji-wano-the-grandline-dxf\/","title":{"rendered":"SANJI WANO THE GRANDLINE DXF"},"content":{"rendered":"<p>LA FIGURA SANJI WANO &#8211; THE GRANDLINE DXF DE BANPRESTO MUESTRA AL FAMOSO COCINERO DE LOS SOMBRERO DE PAJA EN SU ATUENDO DE LA SAGA DE WANO EN ONE PIECE. SANJI APARECE CON UN TRAJE TRADICIONAL JAPON\u00c9S, COMBINANDO ELEGANCIA Y SU CARACTER\u00cdSTICO ESTILO DESPREOCUPADO. LOS DETALLES FINOS EN SU ROPA, EXPRESI\u00d3N Y POSTURA DIN\u00c1MICA REFLEJAN SU ACTITUD CONFIADA Y SU HABILIDAD COMO GUERRERO. ESTA FIGURA ES UN EXCELENTE A\u00d1ADIDO PARA LOS COLECCIONISTAS DE ONE PIECE Y SEGUIDORES DEL PERSONAJE.<\/p>\n<p>FICHA TECNICA:<br \/>\n&#8211; ALTURA 17 CM<br \/>\n&#8211; FIGURA NO ARTICULABLE<br \/>\n&#8211; LINEA DXF<br \/>\n&#8211; ORIGEN JAPON<\/p>\n","protected":false},"excerpt":{"rendered":"<p>LA FIGURA SANJI WANO &#8211; THE GRANDLINE DXF DE BANPRESTO MUESTRA AL FAMOSO COCINERO DE LOS SOMBRERO DE PAJA EN SU ATUENDO DE LA SAGA DE WANO EN ONE PIECE. SANJI APARECE CON UN TRAJE TRADICIONAL JAPON\u00c9S<\/p>\n","protected":false},"featured_media":2354,"comment_status":"open","ping_status":"closed","template":"","meta":[],"product_brand":[],"product_cat":[19,89],"product_tag":[35,38],"class_list":{"0":"post-2353","1":"product","2":"type-product","3":"status-publish","4":"has-post-thumbnail","6":"product_cat-one-piece","7":"product_cat-novedades","8":"product_tag-bandai","9":"product_tag-dxf","11":"first","12":"instock","13":"shipping-taxable","14":"purchasable","15":"product-type-simple"},"_links":{"self":[{"href":"https:\/\/juanchitoys.com\/index.php\/wp-json\/wp\/v2\/product\/2353","targetHints":{"allow":["GET"]}}],"collection":[{"href":"https:\/\/juanchitoys.com\/index.php\/wp-json\/wp\/v2\/product"}],"about":[{"href":"https:\/\/juanchitoys.com\/index.php\/wp-json\/wp\/v2\/types\/product"}],"replies":[{"embeddable":true,"href":"https:\/\/juanchitoys.com\/index.php\/wp-json\/wp\/v2\/comments?post=2353"}],"wp:featuredmedia":[{"embeddable":true,"href":"https:\/\/juanchitoys.com\/index.php\/wp-json\/wp\/v2\/media\/2354"}],"wp:attachment":[{"href":"https:\/\/juanchitoys.com\/index.php\/wp-json\/wp\/v2\/media?parent=2353"}],"wp:term":[{"taxonomy":"product_brand","embeddable":true,"href":"https:\/\/juanchitoys.com\/index.php\/wp-json\/wp\/v2\/product_brand?post=2353"},{"taxonomy":"product_cat","embeddable":true,"href":"https:\/\/juanchitoys.com\/index.php\/wp-json\/wp\/v2\/product_cat?post=2353"},{"taxonomy":"product_tag","embeddable":true,"href":"https:\/\/juanchitoys.com\/index.php\/wp-json\/wp\/v2\/product_tag?post=2353"}],"curies":[{"name":"wp","href":"https:\/\/api.w.org\/{rel}","templated":true}]}}