{"id":2339,"date":"2024-10-10T08:18:41","date_gmt":"2024-10-10T13:18:41","guid":{"rendered":"https:\/\/juanchitoys.com\/?post_type=product&#038;p=2339"},"modified":"2025-11-12T19:29:45","modified_gmt":"2025-11-13T00:29:45","slug":"present-mic-the-amazing-heroes-vol-23","status":"publish","type":"product","link":"https:\/\/juanchitoys.com\/index.php\/producto\/present-mic-the-amazing-heroes-vol-23\/","title":{"rendered":"PRESENT MIC  THE AMAZING HEROES VOL 23"},"content":{"rendered":"<p>PRESENT MIC, CONOCIDO COMO HIZASHI YAMADA EN MY HERO ACADEMIA, ES UN H\u00c9ROE PROFESIONAL Y PRESENTADOR DE RADIO CON UNA VOZ POTENTE CAPAZ DE GENERAR ONDAS S\u00d3NICAS DEVASTADORAS. LA FIGURA THE AMAZING HEROES VOL. 23 DE BANPRESTO CAPTURA SU ENERG\u00cdA VIBRANTE, CON SU CARACTER\u00cdSTICO ATUENDO DE CUERO, GAFAS AMARILLAS Y SU IC\u00d3NICA POSE DE LOCUTOR. LOS DETALLES MINUCIOSOS Y LA POSE DIN\u00c1MICA DE LA FIGURA LO PRESENTAN LISTO PARA LA ACCI\u00d3N, REFLEJANDO SU PERSONALIDAD EXTROVERTIDA Y RUIDOSA. UN IMPRESCINDIBLE PARA LOS FANS DEL ANIME Y COLECCIONISTAS DE H\u00c9ROES.<\/p>\n<p>FICHA TECNICA:<br \/>\n&#8211; ALTURA 15 CM<br \/>\n&#8211; FIGURA NO ARTICULABLE<br \/>\n&#8211; LINEA THE EVIL VILLAINS<br \/>\n&#8211; ORIGEN JAPON<\/p>\n","protected":false},"excerpt":{"rendered":"<p>PRESENT MIC, CONOCIDO COMO HIZASHI YAMADA EN MY HERO ACADEMIA, ES UN H\u00c9ROE PROFESIONAL Y PRESENTADOR DE RADIO CON UNA VOZ POTENTE CAPAZ DE GENERAR ONDAS S\u00d3NICAS DEVASTADORAS.<\/p>\n","protected":false},"featured_media":2340,"comment_status":"open","ping_status":"closed","template":"","meta":[],"product_brand":[],"product_cat":[21,89],"product_tag":[35],"class_list":{"0":"post-2339","1":"product","2":"type-product","3":"status-publish","4":"has-post-thumbnail","6":"product_cat-my-hero-academia","7":"product_cat-novedades","8":"product_tag-bandai","10":"first","11":"instock","12":"shipping-taxable","13":"purchasable","14":"product-type-simple"},"_links":{"self":[{"href":"https:\/\/juanchitoys.com\/index.php\/wp-json\/wp\/v2\/product\/2339","targetHints":{"allow":["GET"]}}],"collection":[{"href":"https:\/\/juanchitoys.com\/index.php\/wp-json\/wp\/v2\/product"}],"about":[{"href":"https:\/\/juanchitoys.com\/index.php\/wp-json\/wp\/v2\/types\/product"}],"replies":[{"embeddable":true,"href":"https:\/\/juanchitoys.com\/index.php\/wp-json\/wp\/v2\/comments?post=2339"}],"wp:featuredmedia":[{"embeddable":true,"href":"https:\/\/juanchitoys.com\/index.php\/wp-json\/wp\/v2\/media\/2340"}],"wp:attachment":[{"href":"https:\/\/juanchitoys.com\/index.php\/wp-json\/wp\/v2\/media?parent=2339"}],"wp:term":[{"taxonomy":"product_brand","embeddable":true,"href":"https:\/\/juanchitoys.com\/index.php\/wp-json\/wp\/v2\/product_brand?post=2339"},{"taxonomy":"product_cat","embeddable":true,"href":"https:\/\/juanchitoys.com\/index.php\/wp-json\/wp\/v2\/product_cat?post=2339"},{"taxonomy":"product_tag","embeddable":true,"href":"https:\/\/juanchitoys.com\/index.php\/wp-json\/wp\/v2\/product_tag?post=2339"}],"curies":[{"name":"wp","href":"https:\/\/api.w.org\/{rel}","templated":true}]}}