{"id":2315,"date":"2024-10-08T20:48:17","date_gmt":"2024-10-09T01:48:17","guid":{"rendered":"https:\/\/juanchitoys.com\/?post_type=product&#038;p=2315"},"modified":"2025-11-18T18:28:44","modified_gmt":"2025-11-18T23:28:44","slug":"yotsuba-nakano-movingood","status":"publish","type":"product","link":"https:\/\/juanchitoys.com\/index.php\/producto\/yotsuba-nakano-movingood\/","title":{"rendered":"YOTSUBA NAKANO MOVINGOOD"},"content":{"rendered":"<p>LA FIGURA YOTSUBA NAKANO MOVINGOOD CAPTURA A LA ENCANTADORA QUINTUPLETA DE THE QUINTESSENTIAL QUINTUPLETS EN UNA POSE ALEGRE Y EN\u00c9RGICA. CON SU CARACTER\u00cdSTICO ATUENDO COLORIDO Y UNA EXPRESI\u00d3N RADIANTE, YOTSUBA REFLEJA SU PERSONALIDAD VIBRANTE Y POSITIVA. ESTA FIGURA DESTACA POR SUS DETALLES Y ACABADOS DE ALTA CALIDAD, CONVIRTI\u00c9NDOLA EN UNA PIEZA IDEAL PARA COLECCIONISTAS Y FAN\u00c1TICOS DE LA SERIE.<\/p>\n<p>FICHA TECNICA:<br \/>\n&#8211; ALTURA 15 CM<br \/>\n&#8211; MARCA SEGA<br \/>\n&#8211; LINEA MOVINGOOD<br \/>\n&#8211; ARTICULABLE<br \/>\n&#8211; ORIGEN JAPON<\/p>\n","protected":false},"excerpt":{"rendered":"<p>LA FIGURA YOTSUBA NAKANO MOVINGOOD CAPTURA A LA ENCANTADORA QUINTUPLETA DE THE QUINTESSENTIAL QUINTUPLETS EN UNA POSE ALEGRE Y EN\u00c9RGICA. CON SU CARACTER\u00cdSTICO ATUENDO COLORIDO Y UNA EXPRESI\u00d3N RADIANTE, YOTSUBA REFLEJA SU PERSONALIDAD VIBRANTE Y POSITIVA<\/p>\n","protected":false},"featured_media":2318,"comment_status":"open","ping_status":"closed","template":"","meta":[],"product_brand":[],"product_cat":[66,89],"product_tag":[45],"class_list":{"0":"post-2315","1":"product","2":"type-product","3":"status-publish","4":"has-post-thumbnail","6":"product_cat-quintillizas","7":"product_cat-novedades","8":"product_tag-sega","10":"first","11":"outofstock","12":"shipping-taxable","13":"purchasable","14":"product-type-simple"},"_links":{"self":[{"href":"https:\/\/juanchitoys.com\/index.php\/wp-json\/wp\/v2\/product\/2315","targetHints":{"allow":["GET"]}}],"collection":[{"href":"https:\/\/juanchitoys.com\/index.php\/wp-json\/wp\/v2\/product"}],"about":[{"href":"https:\/\/juanchitoys.com\/index.php\/wp-json\/wp\/v2\/types\/product"}],"replies":[{"embeddable":true,"href":"https:\/\/juanchitoys.com\/index.php\/wp-json\/wp\/v2\/comments?post=2315"}],"wp:featuredmedia":[{"embeddable":true,"href":"https:\/\/juanchitoys.com\/index.php\/wp-json\/wp\/v2\/media\/2318"}],"wp:attachment":[{"href":"https:\/\/juanchitoys.com\/index.php\/wp-json\/wp\/v2\/media?parent=2315"}],"wp:term":[{"taxonomy":"product_brand","embeddable":true,"href":"https:\/\/juanchitoys.com\/index.php\/wp-json\/wp\/v2\/product_brand?post=2315"},{"taxonomy":"product_cat","embeddable":true,"href":"https:\/\/juanchitoys.com\/index.php\/wp-json\/wp\/v2\/product_cat?post=2315"},{"taxonomy":"product_tag","embeddable":true,"href":"https:\/\/juanchitoys.com\/index.php\/wp-json\/wp\/v2\/product_tag?post=2315"}],"curies":[{"name":"wp","href":"https:\/\/api.w.org\/{rel}","templated":true}]}}