{"id":2296,"date":"2024-10-08T20:02:04","date_gmt":"2024-10-09T01:02:04","guid":{"rendered":"https:\/\/juanchitoys.com\/?post_type=product&#038;p=2296"},"modified":"2025-01-23T19:01:28","modified_gmt":"2025-01-24T00:01:28","slug":"re-zero-emilia-luminasta","status":"publish","type":"product","link":"https:\/\/juanchitoys.com\/index.php\/producto\/re-zero-emilia-luminasta\/","title":{"rendered":"RE ZERO EMILIA LUMINASTA"},"content":{"rendered":"<p>EMILIA EST\u00c1 VESTIDA CON UN ENCANTADOR DISFRAZ DE PING\u00dcINO, \u00a1Y SU TERNURA NO CONOCE L\u00cdMITES!<\/p>\n<p>ESTA FIGURA CAPTURA EL ESP\u00cdRITU JUGUET\u00d3N DE EMILIA MIENTRAS DISFRUTA DE UNA DIVERSI\u00d3N INSPIRADA EN LOS PING\u00dcINOS. CADA DETALLE, DESDE SU DISFRAZ HASTA SU EXPRESI\u00d3N, EST\u00c1 BELLAMENTE ELABORADO. ES EL COMPLEMENTO PERFECTO PARA TU COLECCI\u00d3N DE RE-ZERO, YA SEAS UN FAN DESDE HACE MUCHO TIEMPO O RECI\u00c9N EST\u00c9S COMENZANDO TU VIAJE A ESTE MUNDO FANT\u00c1STICO.<\/p>\n<p>SACA UNA SONRISA A TU COLECCI\u00d3N CON EMILIA CON SU DISFRAZ DE PING\u00dcINO. NO PIERDAS LA OPORTUNIDAD DE POSEER ESTA ENTRA\u00d1ABLE FIGURA.<\/p>\n<p>FICHA TECNICA:<br \/>\n&#8211; ALTURA 19 CM<br \/>\n&#8211; LINEA LUMINASTA<br \/>\n&#8211; MARCA SEGA<br \/>\n&#8211; NO ARTICULABLE<br \/>\n&#8211; ORIGEN JAPON<\/p>\n","protected":false},"excerpt":{"rendered":"<p>EMILIA EST\u00c1 VESTIDA CON UN ENCANTADOR DISFRAZ DE PING\u00dcINO, \u00a1Y SU TERNURA NO CONOCE L\u00cdMITES!<\/p>\n","protected":false},"featured_media":2297,"comment_status":"open","ping_status":"closed","template":"","meta":[],"product_brand":[],"product_cat":[89,26],"product_tag":[82,45],"class_list":{"0":"post-2296","1":"product","2":"type-product","3":"status-publish","4":"has-post-thumbnail","6":"product_cat-novedades","7":"product_cat-re-zero","8":"product_tag-luminasta","9":"product_tag-sega","11":"first","12":"instock","13":"shipping-taxable","14":"purchasable","15":"product-type-simple"},"_links":{"self":[{"href":"https:\/\/juanchitoys.com\/index.php\/wp-json\/wp\/v2\/product\/2296","targetHints":{"allow":["GET"]}}],"collection":[{"href":"https:\/\/juanchitoys.com\/index.php\/wp-json\/wp\/v2\/product"}],"about":[{"href":"https:\/\/juanchitoys.com\/index.php\/wp-json\/wp\/v2\/types\/product"}],"replies":[{"embeddable":true,"href":"https:\/\/juanchitoys.com\/index.php\/wp-json\/wp\/v2\/comments?post=2296"}],"wp:featuredmedia":[{"embeddable":true,"href":"https:\/\/juanchitoys.com\/index.php\/wp-json\/wp\/v2\/media\/2297"}],"wp:attachment":[{"href":"https:\/\/juanchitoys.com\/index.php\/wp-json\/wp\/v2\/media?parent=2296"}],"wp:term":[{"taxonomy":"product_brand","embeddable":true,"href":"https:\/\/juanchitoys.com\/index.php\/wp-json\/wp\/v2\/product_brand?post=2296"},{"taxonomy":"product_cat","embeddable":true,"href":"https:\/\/juanchitoys.com\/index.php\/wp-json\/wp\/v2\/product_cat?post=2296"},{"taxonomy":"product_tag","embeddable":true,"href":"https:\/\/juanchitoys.com\/index.php\/wp-json\/wp\/v2\/product_tag?post=2296"}],"curies":[{"name":"wp","href":"https:\/\/api.w.org\/{rel}","templated":true}]}}