{"id":2288,"date":"2024-10-08T19:44:26","date_gmt":"2024-10-09T00:44:26","guid":{"rendered":"https:\/\/juanchitoys.com\/?post_type=product&#038;p=2288"},"modified":"2025-06-12T18:49:54","modified_gmt":"2025-06-12T23:49:54","slug":"izuku-midoriya-ichiban-kuji-f","status":"publish","type":"product","link":"https:\/\/juanchitoys.com\/index.php\/producto\/izuku-midoriya-ichiban-kuji-f\/","title":{"rendered":"IZUKU MIDORIYA ICHIBAN KUJI F"},"content":{"rendered":"<p>LA FIGURA IZUKU MIDORIYA ICHIBAN KUJI F REPRESENTA AL PROTAGONISTA DE MY HERO ACADEMIA EN UNA POSE DIN\u00c1MICA, LISTA PARA LA ACCI\u00d3N. MIDORIYA APARECE CON SU IC\u00d3NICO TRAJE DE H\u00c9ROE, CAPTURANDO LA INTENSIDAD DE SU CAR\u00c1CTER Y DETERMINACI\u00d3N. LOS DETALLES FINOS EN SU EXPRESI\u00d3N Y POSTURA REFLEJAN SU EVOLUCI\u00d3N COMO H\u00c9ROE. CON UN ACABADO DE ALTA CALIDAD, ESTA FIGURA ES UNA EXCELENTE ADICI\u00d3N PARA COLECCIONISTAS Y FAN\u00c1TICOS DE LA SERIE.<\/p>\n<p>FICHA TECNICA:<br \/>\n&#8211; ALTURA 13 CM<br \/>\n&#8211; LINEA ICHIBAN KUJI<br \/>\n&#8211; MARCA BANDAI<br \/>\n&#8211; NO ARTICULABLE<br \/>\n&#8211; ORIGEN JAPON<\/p>\n","protected":false},"excerpt":{"rendered":"<p>LA FIGURA IZUKU MIDORIYA ICHIBAN KUJI F REPRESENTA AL PROTAGONISTA DE MY HERO ACADEMIA EN UNA POSE DIN\u00c1MICA, LISTA PARA LA ACCI\u00d3N. MIDORIYA APARECE CON SU IC\u00d3NICO TRAJE DE H\u00c9ROE, CAPTURANDO LA INTENSIDAD DE SU CAR\u00c1CTER Y DETERMINACI\u00d3N.<\/p>\n","protected":false},"featured_media":2290,"comment_status":"open","ping_status":"closed","template":"","meta":[],"product_brand":[],"product_cat":[21,89],"product_tag":[35,39],"class_list":{"0":"post-2288","1":"product","2":"type-product","3":"status-publish","4":"has-post-thumbnail","6":"product_cat-my-hero-academia","7":"product_cat-novedades","8":"product_tag-bandai","9":"product_tag-ichiban-kuji","11":"first","12":"outofstock","13":"shipping-taxable","14":"purchasable","15":"product-type-simple"},"_links":{"self":[{"href":"https:\/\/juanchitoys.com\/index.php\/wp-json\/wp\/v2\/product\/2288","targetHints":{"allow":["GET"]}}],"collection":[{"href":"https:\/\/juanchitoys.com\/index.php\/wp-json\/wp\/v2\/product"}],"about":[{"href":"https:\/\/juanchitoys.com\/index.php\/wp-json\/wp\/v2\/types\/product"}],"replies":[{"embeddable":true,"href":"https:\/\/juanchitoys.com\/index.php\/wp-json\/wp\/v2\/comments?post=2288"}],"wp:featuredmedia":[{"embeddable":true,"href":"https:\/\/juanchitoys.com\/index.php\/wp-json\/wp\/v2\/media\/2290"}],"wp:attachment":[{"href":"https:\/\/juanchitoys.com\/index.php\/wp-json\/wp\/v2\/media?parent=2288"}],"wp:term":[{"taxonomy":"product_brand","embeddable":true,"href":"https:\/\/juanchitoys.com\/index.php\/wp-json\/wp\/v2\/product_brand?post=2288"},{"taxonomy":"product_cat","embeddable":true,"href":"https:\/\/juanchitoys.com\/index.php\/wp-json\/wp\/v2\/product_cat?post=2288"},{"taxonomy":"product_tag","embeddable":true,"href":"https:\/\/juanchitoys.com\/index.php\/wp-json\/wp\/v2\/product_tag?post=2288"}],"curies":[{"name":"wp","href":"https:\/\/api.w.org\/{rel}","templated":true}]}}