{"id":2263,"date":"2024-10-08T19:12:09","date_gmt":"2024-10-09T00:12:09","guid":{"rendered":"https:\/\/juanchitoys.com\/?post_type=product&#038;p=2263"},"modified":"2025-11-18T18:29:06","modified_gmt":"2025-11-18T23:29:06","slug":"chopper-egghead-sofvimates","status":"publish","type":"product","link":"https:\/\/juanchitoys.com\/index.php\/producto\/chopper-egghead-sofvimates\/","title":{"rendered":"CHOPPER EGGHEAD SOFVIMATES"},"content":{"rendered":"<p>LA FIGURA CHOPPER EGGHEAD SOFVIMATES DE ONE PIECE MUESTRA A TONY TONY CHOPPER EN SU ATUENDO DE LA SAGA EGGHEAD. ESTA FIGURA DE LA L\u00cdNEA SOFVIMATES SE CARACTERIZA POR SU TEXTURA SUAVE Y DISE\u00d1O ADORABLE, CAPTURANDO A CHOPPER EN UN ESTILO ENCANTADOR Y FIEL A SU VERSI\u00d3N EN ESTE ARCO DE LA SERIE. ES UNA PIEZA IDEAL PARA COLECCIONISTAS Y FAN\u00c1TICOS QUE BUSCAN UNA REPRESENTACI\u00d3N \u00daNICA DEL QUERIDO M\u00c9DICO DE LOS SOMBRERO DE PAJA.<\/p>\n<p>FICHA TECNICA:<br \/>\n&#8211; ALTURA 11 CM<br \/>\n&#8211; COLECCI\u00d3N: SOFVIMATES<br \/>\n&#8211; MARCA BANDAI<br \/>\n&#8211; NO ARTICULABLE<br \/>\n&#8211; ORIGEN JAPON<\/p>\n","protected":false},"excerpt":{"rendered":"<p>LA FIGURA CHOPPER EGGHEAD SOFVIMATES DE ONE PIECE MUESTRA A TONY TONY CHOPPER EN SU ATUENDO DE LA SAGA EGGHEAD. ESTA FIGURA DE LA L\u00cdNEA SOFVIMATES SE CARACTERIZA POR SU TEXTURA SUAVE Y DISE\u00d1O ADORABLE, CAPTURANDO A CHOPPER EN UN ESTILO ENCANTADOR Y FIEL A SU VERSI\u00d3N EN ESTE ARCO DE LA SERIE.<\/p>\n","protected":false},"featured_media":2268,"comment_status":"open","ping_status":"closed","template":"","meta":[],"product_brand":[],"product_cat":[19,89],"product_tag":[35,93],"class_list":{"0":"post-2263","1":"product","2":"type-product","3":"status-publish","4":"has-post-thumbnail","6":"product_cat-one-piece","7":"product_cat-novedades","8":"product_tag-bandai","9":"product_tag-sofvimates","11":"first","12":"outofstock","13":"shipping-taxable","14":"purchasable","15":"product-type-simple"},"_links":{"self":[{"href":"https:\/\/juanchitoys.com\/index.php\/wp-json\/wp\/v2\/product\/2263","targetHints":{"allow":["GET"]}}],"collection":[{"href":"https:\/\/juanchitoys.com\/index.php\/wp-json\/wp\/v2\/product"}],"about":[{"href":"https:\/\/juanchitoys.com\/index.php\/wp-json\/wp\/v2\/types\/product"}],"replies":[{"embeddable":true,"href":"https:\/\/juanchitoys.com\/index.php\/wp-json\/wp\/v2\/comments?post=2263"}],"wp:featuredmedia":[{"embeddable":true,"href":"https:\/\/juanchitoys.com\/index.php\/wp-json\/wp\/v2\/media\/2268"}],"wp:attachment":[{"href":"https:\/\/juanchitoys.com\/index.php\/wp-json\/wp\/v2\/media?parent=2263"}],"wp:term":[{"taxonomy":"product_brand","embeddable":true,"href":"https:\/\/juanchitoys.com\/index.php\/wp-json\/wp\/v2\/product_brand?post=2263"},{"taxonomy":"product_cat","embeddable":true,"href":"https:\/\/juanchitoys.com\/index.php\/wp-json\/wp\/v2\/product_cat?post=2263"},{"taxonomy":"product_tag","embeddable":true,"href":"https:\/\/juanchitoys.com\/index.php\/wp-json\/wp\/v2\/product_tag?post=2263"}],"curies":[{"name":"wp","href":"https:\/\/api.w.org\/{rel}","templated":true}]}}