{"id":2233,"date":"2024-10-05T16:55:38","date_gmt":"2024-10-05T21:55:38","guid":{"rendered":"https:\/\/juanchitoys.com\/?post_type=product&#038;p=2233"},"modified":"2026-01-06T14:56:14","modified_gmt":"2026-01-06T19:56:14","slug":"marco-masterlise-whitebeard-pirates-ichiban-kuji-b","status":"publish","type":"product","link":"https:\/\/juanchitoys.com\/index.php\/producto\/marco-masterlise-whitebeard-pirates-ichiban-kuji-b\/","title":{"rendered":"MARCO MASTERLISE WHITEBEARD PIRATES  ICHIBAN KUJI B"},"content":{"rendered":"<p>LA FIGURA MARCO MASTERLISE ICHIBAN KUJI B DE LOS PIRATAS DE BARBABLANCA MUESTRA AL PRIMER COMANDANTE EN TODO SU ESPLENDOR. MARCO APARECE EN UNA POSE DIN\u00c1MICA, CON SUS IC\u00d3NICAS ALAS DE F\u00c9NIX AZUL Y DETALLES MINUCIOSOS EN SU ROPA Y EXPRESI\u00d3N. LA FIGURA CAPTURA PERFECTAMENTE SU HABILIDAD Y ELEGANCIA EN COMBATE, HACIENDO DE ELLA UNA PIEZA ESENCIAL PARA LOS FANS DE ONE PIECE.<\/p>\n<p>FICHA TECNICA:<br \/>\n&#8211; ALTURA 19 CM<br \/>\n&#8211; LINEA ICHIBAN KUJI<br \/>\n&#8211; FIGURA NO ARTICULABLE<br \/>\n-FABRICADO EN PVC<br \/>\n&#8211; ORIGEN JAPON<\/p>\n","protected":false},"excerpt":{"rendered":"<p>LA FIGURA MARCO MASTERLISE ICHIBAN KUJI B DE LOS PIRATAS DE BARBABLANCA MUESTRA AL PRIMER COMANDANTE EN TODO SU ESPLENDOR. MARCO APARECE EN UNA POSE DIN\u00c1MICA, CON SUS IC\u00d3NICAS ALAS DE F\u00c9NIX AZUL Y DETALLES MINUCIOSOS EN SU ROPA Y EXPRESI\u00d3N.<\/p>\n","protected":false},"featured_media":2235,"comment_status":"open","ping_status":"closed","template":"","meta":[],"product_brand":[],"product_cat":[89,19],"product_tag":[35,39],"class_list":{"0":"post-2233","1":"product","2":"type-product","3":"status-publish","4":"has-post-thumbnail","6":"product_cat-novedades","7":"product_cat-one-piece","8":"product_tag-bandai","9":"product_tag-ichiban-kuji","11":"first","12":"outofstock","13":"shipping-taxable","14":"purchasable","15":"product-type-simple"},"_links":{"self":[{"href":"https:\/\/juanchitoys.com\/index.php\/wp-json\/wp\/v2\/product\/2233","targetHints":{"allow":["GET"]}}],"collection":[{"href":"https:\/\/juanchitoys.com\/index.php\/wp-json\/wp\/v2\/product"}],"about":[{"href":"https:\/\/juanchitoys.com\/index.php\/wp-json\/wp\/v2\/types\/product"}],"replies":[{"embeddable":true,"href":"https:\/\/juanchitoys.com\/index.php\/wp-json\/wp\/v2\/comments?post=2233"}],"wp:featuredmedia":[{"embeddable":true,"href":"https:\/\/juanchitoys.com\/index.php\/wp-json\/wp\/v2\/media\/2235"}],"wp:attachment":[{"href":"https:\/\/juanchitoys.com\/index.php\/wp-json\/wp\/v2\/media?parent=2233"}],"wp:term":[{"taxonomy":"product_brand","embeddable":true,"href":"https:\/\/juanchitoys.com\/index.php\/wp-json\/wp\/v2\/product_brand?post=2233"},{"taxonomy":"product_cat","embeddable":true,"href":"https:\/\/juanchitoys.com\/index.php\/wp-json\/wp\/v2\/product_cat?post=2233"},{"taxonomy":"product_tag","embeddable":true,"href":"https:\/\/juanchitoys.com\/index.php\/wp-json\/wp\/v2\/product_tag?post=2233"}],"curies":[{"name":"wp","href":"https:\/\/api.w.org\/{rel}","templated":true}]}}