{"id":2223,"date":"2024-10-05T16:27:03","date_gmt":"2024-10-05T21:27:03","guid":{"rendered":"https:\/\/juanchitoys.com\/?post_type=product&#038;p=2223"},"modified":"2026-01-08T15:28:07","modified_gmt":"2026-01-08T20:28:07","slug":"monkey-d-luffy-gear-5-king-of-artist","status":"publish","type":"product","link":"https:\/\/juanchitoys.com\/index.php\/producto\/monkey-d-luffy-gear-5-king-of-artist\/","title":{"rendered":"MONKEY D LUFFY GEAR 5 KING OF ARTIST"},"content":{"rendered":"<p>LA FIGURA MONKEY D. LUFFY GEAR 5 KING OF ARTIST CAPTURA A LUFFY EN SU TRANSFORMACI\u00d3N M\u00c1S PODEROSA Y LIBRE DE ONE PIECE. CON DETALLES IMPRESIONANTES QUE REFLEJAN SU ESTILO CARICATURESCO Y DESBORDANTE DE ENERG\u00cdA, ESTA FIGURA MUESTRA A LUFFY EN SU FORMA DE GEAR 5, CON UNA EXPRESI\u00d3N JUGUETONA Y SU CARACTER\u00cdSTICO CABELLO BLANCO. ES UNA PIEZA IMPRESCINDIBLE PARA LOS FANS, DESTACANDO LA ESENCIA DEL REY DE LOS PIRATAS EN SU M\u00c1XIMO ESPLENDOR.<\/p>\n<p>FICHA TECNICA:<br \/>\n&#8211; ALTURA 16 CM<br \/>\n&#8211; FIGURA NO ARTICULABLE<br \/>\n-FABRICADO EN PVC<br \/>\n&#8211; ORIGEN JAPON<\/p>\n","protected":false},"excerpt":{"rendered":"<p>LA FIGURA MONKEY D. LUFFY GEAR 5 KING OF ARTIST CAPTURA A LUFFY EN SU TRANSFORMACI\u00d3N M\u00c1S PODEROSA Y LIBRE DE ONE PIECE. CON DETALLES IMPRESIONANTES QUE REFLEJAN SU ESTILO CARICATURESCO Y DESBORDANTE DE ENERG\u00cdA<\/p>\n","protected":false},"featured_media":2224,"comment_status":"open","ping_status":"closed","template":"","meta":[],"product_brand":[],"product_cat":[89,19],"product_tag":[35,95],"class_list":{"0":"post-2223","1":"product","2":"type-product","3":"status-publish","4":"has-post-thumbnail","6":"product_cat-novedades","7":"product_cat-one-piece","8":"product_tag-bandai","9":"product_tag-king-of-artist","11":"first","12":"outofstock","13":"shipping-taxable","14":"purchasable","15":"product-type-simple"},"_links":{"self":[{"href":"https:\/\/juanchitoys.com\/index.php\/wp-json\/wp\/v2\/product\/2223","targetHints":{"allow":["GET"]}}],"collection":[{"href":"https:\/\/juanchitoys.com\/index.php\/wp-json\/wp\/v2\/product"}],"about":[{"href":"https:\/\/juanchitoys.com\/index.php\/wp-json\/wp\/v2\/types\/product"}],"replies":[{"embeddable":true,"href":"https:\/\/juanchitoys.com\/index.php\/wp-json\/wp\/v2\/comments?post=2223"}],"wp:featuredmedia":[{"embeddable":true,"href":"https:\/\/juanchitoys.com\/index.php\/wp-json\/wp\/v2\/media\/2224"}],"wp:attachment":[{"href":"https:\/\/juanchitoys.com\/index.php\/wp-json\/wp\/v2\/media?parent=2223"}],"wp:term":[{"taxonomy":"product_brand","embeddable":true,"href":"https:\/\/juanchitoys.com\/index.php\/wp-json\/wp\/v2\/product_brand?post=2223"},{"taxonomy":"product_cat","embeddable":true,"href":"https:\/\/juanchitoys.com\/index.php\/wp-json\/wp\/v2\/product_cat?post=2223"},{"taxonomy":"product_tag","embeddable":true,"href":"https:\/\/juanchitoys.com\/index.php\/wp-json\/wp\/v2\/product_tag?post=2223"}],"curies":[{"name":"wp","href":"https:\/\/api.w.org\/{rel}","templated":true}]}}