{"id":2205,"date":"2024-10-05T14:37:41","date_gmt":"2024-10-05T19:37:41","guid":{"rendered":"https:\/\/juanchitoys.com\/?post_type=product&#038;p=2205"},"modified":"2025-11-19T13:26:27","modified_gmt":"2025-11-19T18:26:27","slug":"one-piece-sabo-departure-banpresto","status":"publish","type":"product","link":"https:\/\/juanchitoys.com\/index.php\/producto\/one-piece-sabo-departure-banpresto\/","title":{"rendered":"ONE PIECE SABO DEPARTURE BANPRESTO"},"content":{"rendered":"<p>LA FIGURA SABO DEPARTURE DE BANPRESTO CAPTURA AL COMANDANTE REVOLUCIONARIO DE ONE PIECE EN UNA POSE LISTA PARA LA ACCI\u00d3N. SABO APARECE CON SU CARACTER\u00cdSTICO SOMBRERO DE COPA Y SU TUBO DE METAL, LUCIENDO DETALLES MINUCIOSOS EN SU TRAJE Y EXPRESI\u00d3N DETERMINADA. ES UNA PIEZA DESTACADA QUE REFLEJA SU PAPEL CLAVE EN LA SERIE, IDEAL PARA COLECCIONISTAS.<\/p>\n<p>FICHA TECNICA:<br \/>\n&#8211; ALTURA 17 CM<br \/>\n&#8211; FIGURA NO ARTICULABLE<br \/>\n-FABRICADO EN PVC<br \/>\n&#8211; ORIGEN JAPON<\/p>\n","protected":false},"excerpt":{"rendered":"<p>LA FIGURA SABO DEPARTURE DE BANPRESTO CAPTURA AL COMANDANTE REVOLUCIONARIO DE ONE PIECE EN UNA POSE LISTA PARA LA ACCI\u00d3N.<\/p>\n","protected":false},"featured_media":2206,"comment_status":"open","ping_status":"closed","template":"","meta":[],"product_brand":[],"product_cat":[19,89],"product_tag":[52],"class_list":{"0":"post-2205","1":"product","2":"type-product","3":"status-publish","4":"has-post-thumbnail","6":"product_cat-one-piece","7":"product_cat-novedades","8":"product_tag-banpresto","10":"first","11":"outofstock","12":"shipping-taxable","13":"purchasable","14":"product-type-simple"},"_links":{"self":[{"href":"https:\/\/juanchitoys.com\/index.php\/wp-json\/wp\/v2\/product\/2205","targetHints":{"allow":["GET"]}}],"collection":[{"href":"https:\/\/juanchitoys.com\/index.php\/wp-json\/wp\/v2\/product"}],"about":[{"href":"https:\/\/juanchitoys.com\/index.php\/wp-json\/wp\/v2\/types\/product"}],"replies":[{"embeddable":true,"href":"https:\/\/juanchitoys.com\/index.php\/wp-json\/wp\/v2\/comments?post=2205"}],"wp:featuredmedia":[{"embeddable":true,"href":"https:\/\/juanchitoys.com\/index.php\/wp-json\/wp\/v2\/media\/2206"}],"wp:attachment":[{"href":"https:\/\/juanchitoys.com\/index.php\/wp-json\/wp\/v2\/media?parent=2205"}],"wp:term":[{"taxonomy":"product_brand","embeddable":true,"href":"https:\/\/juanchitoys.com\/index.php\/wp-json\/wp\/v2\/product_brand?post=2205"},{"taxonomy":"product_cat","embeddable":true,"href":"https:\/\/juanchitoys.com\/index.php\/wp-json\/wp\/v2\/product_cat?post=2205"},{"taxonomy":"product_tag","embeddable":true,"href":"https:\/\/juanchitoys.com\/index.php\/wp-json\/wp\/v2\/product_tag?post=2205"}],"curies":[{"name":"wp","href":"https:\/\/api.w.org\/{rel}","templated":true}]}}