{"id":2195,"date":"2024-10-05T09:54:37","date_gmt":"2024-10-05T14:54:37","guid":{"rendered":"https:\/\/juanchitoys.com\/?post_type=product&#038;p=2195"},"modified":"2025-06-14T11:13:40","modified_gmt":"2025-06-14T16:13:40","slug":"shanks-dxf-the-grandline-series-red-film-bandai","status":"publish","type":"product","link":"https:\/\/juanchitoys.com\/index.php\/producto\/shanks-dxf-the-grandline-series-red-film-bandai\/","title":{"rendered":"SHANKS  DXF THE GRANDLINE SERIES RED FILM BANDAI"},"content":{"rendered":"<p>LA FIGURA SHANKS DXF RED FILM DE BANDAI REPRESENTA AL FAMOSO PIRATA DE ONE PIECE EN SU VERSI\u00d3N DEL FILM RED. DESTACA POR SU PORTE IMPONENTE, CON DETALLES PRECISOS EN SU CAPA, ESPADA Y EXPRESI\u00d3N SERENA PERO PODEROSA. ESTA FIGURA CAPTURA A LA PERFECCI\u00d3N EL CARISMA Y LA AUTORIDAD DE SHANKS, HACIENDO DE ELLA UNA PIEZA ESENCIAL PARA LOS FANS DE LA SERIE.<\/p>\n<p>FICHA TECNICA:<br \/>\n&#8211; ALTURA 17 CM<br \/>\n&#8211; FIGURA NO ARTICULABLE<br \/>\n-FABRICADO EN PVC<br \/>\n&#8211; ORIGEN JAPON<\/p>\n","protected":false},"excerpt":{"rendered":"<p>LA FIGURA SHANKS DXF RED FILM DE BANDAI REPRESENTA AL FAMOSO PIRATA DE ONE PIECE EN SU VERSI\u00d3N DEL FILM RED. DESTACA POR SU PORTE IMPONENTE, CON DETALLES PRECISOS EN SU CAPA, ESPADA Y EXPRESI\u00d3N SERENA PERO PODEROSA.<\/p>\n","protected":false},"featured_media":2196,"comment_status":"open","ping_status":"closed","template":"","meta":[],"product_brand":[],"product_cat":[19,89],"product_tag":[35,38],"class_list":{"0":"post-2195","1":"product","2":"type-product","3":"status-publish","4":"has-post-thumbnail","6":"product_cat-one-piece","7":"product_cat-novedades","8":"product_tag-bandai","9":"product_tag-dxf","11":"first","12":"outofstock","13":"shipping-taxable","14":"purchasable","15":"product-type-simple"},"_links":{"self":[{"href":"https:\/\/juanchitoys.com\/index.php\/wp-json\/wp\/v2\/product\/2195","targetHints":{"allow":["GET"]}}],"collection":[{"href":"https:\/\/juanchitoys.com\/index.php\/wp-json\/wp\/v2\/product"}],"about":[{"href":"https:\/\/juanchitoys.com\/index.php\/wp-json\/wp\/v2\/types\/product"}],"replies":[{"embeddable":true,"href":"https:\/\/juanchitoys.com\/index.php\/wp-json\/wp\/v2\/comments?post=2195"}],"wp:featuredmedia":[{"embeddable":true,"href":"https:\/\/juanchitoys.com\/index.php\/wp-json\/wp\/v2\/media\/2196"}],"wp:attachment":[{"href":"https:\/\/juanchitoys.com\/index.php\/wp-json\/wp\/v2\/media?parent=2195"}],"wp:term":[{"taxonomy":"product_brand","embeddable":true,"href":"https:\/\/juanchitoys.com\/index.php\/wp-json\/wp\/v2\/product_brand?post=2195"},{"taxonomy":"product_cat","embeddable":true,"href":"https:\/\/juanchitoys.com\/index.php\/wp-json\/wp\/v2\/product_cat?post=2195"},{"taxonomy":"product_tag","embeddable":true,"href":"https:\/\/juanchitoys.com\/index.php\/wp-json\/wp\/v2\/product_tag?post=2195"}],"curies":[{"name":"wp","href":"https:\/\/api.w.org\/{rel}","templated":true}]}}