{"id":2190,"date":"2024-10-05T08:53:15","date_gmt":"2024-10-05T13:53:15","guid":{"rendered":"https:\/\/juanchitoys.com\/?post_type=product&#038;p=2190"},"modified":"2025-11-18T18:29:35","modified_gmt":"2025-11-18T23:29:35","slug":"2190","status":"publish","type":"product","link":"https:\/\/juanchitoys.com\/index.php\/producto\/2190\/","title":{"rendered":"TANJIRO KAMADO MAXIMATIC"},"content":{"rendered":"<p>LA FIGURA TANJIRO MAXIMATIC MUESTRA AL PROTAGONISTA DE DEMON SLAYER EN UNA POSE DE COMBATE IC\u00d3NICA. CON UN NIVEL DE DETALLE SOBRESALIENTE, CAPTURA SU EXPRESI\u00d3N DECIDIDA, EL DINAMISMO DE SU HAORI ONDEANDO AL VIENTO Y SU KATANA EN PLENA ACCI\u00d3N. ES UNA REPRESENTACI\u00d3N FIEL DEL ESP\u00cdRITU LUCHADOR DE TANJIRO, IDEAL PARA LOS COLECCIONISTAS Y FANS DE LA SERIE.<\/p>\n<p>FICHA TENICA:<br \/>\n&#8211; ALTURA 19CM<br \/>\n-LINEA MAXIMATIC<br \/>\n-FIGURA NO ARTICULABLE<br \/>\n-HECHO EN PVC<br \/>\n-ORIGEN JAPON<\/p>\n","protected":false},"excerpt":{"rendered":"<p>LA FIGURA TANJIRO MAXIMATIC MUESTRA AL PROTAGONISTA DE DEMON SLAYER EN UNA POSE DE COMBATE IC\u00d3NICA. CON UN NIVEL DE DETALLE SOBRESALIENTE, CAPTURA SU EXPRESI\u00d3N DECIDIDA, EL DINAMISMO DE SU HAORI ONDEANDO AL VIENTO Y SU KATANA EN PLENA ACCI\u00d3N.<\/p>\n","protected":false},"featured_media":2191,"comment_status":"open","ping_status":"closed","template":"","meta":[],"product_brand":[],"product_cat":[20,89],"product_tag":[35,44],"class_list":{"0":"post-2190","1":"product","2":"type-product","3":"status-publish","4":"has-post-thumbnail","6":"product_cat-kimetsu-no-yaiba","7":"product_cat-novedades","8":"product_tag-bandai","9":"product_tag-maximatic","11":"first","12":"outofstock","13":"shipping-taxable","14":"purchasable","15":"product-type-simple"},"_links":{"self":[{"href":"https:\/\/juanchitoys.com\/index.php\/wp-json\/wp\/v2\/product\/2190","targetHints":{"allow":["GET"]}}],"collection":[{"href":"https:\/\/juanchitoys.com\/index.php\/wp-json\/wp\/v2\/product"}],"about":[{"href":"https:\/\/juanchitoys.com\/index.php\/wp-json\/wp\/v2\/types\/product"}],"replies":[{"embeddable":true,"href":"https:\/\/juanchitoys.com\/index.php\/wp-json\/wp\/v2\/comments?post=2190"}],"wp:featuredmedia":[{"embeddable":true,"href":"https:\/\/juanchitoys.com\/index.php\/wp-json\/wp\/v2\/media\/2191"}],"wp:attachment":[{"href":"https:\/\/juanchitoys.com\/index.php\/wp-json\/wp\/v2\/media?parent=2190"}],"wp:term":[{"taxonomy":"product_brand","embeddable":true,"href":"https:\/\/juanchitoys.com\/index.php\/wp-json\/wp\/v2\/product_brand?post=2190"},{"taxonomy":"product_cat","embeddable":true,"href":"https:\/\/juanchitoys.com\/index.php\/wp-json\/wp\/v2\/product_cat?post=2190"},{"taxonomy":"product_tag","embeddable":true,"href":"https:\/\/juanchitoys.com\/index.php\/wp-json\/wp\/v2\/product_tag?post=2190"}],"curies":[{"name":"wp","href":"https:\/\/api.w.org\/{rel}","templated":true}]}}