{"id":2180,"date":"2024-10-05T08:20:07","date_gmt":"2024-10-05T13:20:07","guid":{"rendered":"https:\/\/juanchitoys.com\/?post_type=product&#038;p=2180"},"modified":"2025-11-18T18:29:54","modified_gmt":"2025-11-18T23:29:54","slug":"chainsaw-man-power-banpresto-vol-4","status":"publish","type":"product","link":"https:\/\/juanchitoys.com\/index.php\/producto\/chainsaw-man-power-banpresto-vol-4\/","title":{"rendered":"CHAINSAW MAN POWER BANPRESTO VOL 4"},"content":{"rendered":"<p>\u00a1DE LA POPULAR SERIE DE ANIME CHAINSAW MAN VIENE UNA NUEVA FIGURA DE POWER COMO PARTE DE LA L\u00cdNEA DE FIGURAS CHAIN SPIRITS! ESTA FIGURA PRESENTA AL PERSONAJE MEMORABLE EN SU ATUENDO Y POSE HABITUALES. ASEG\u00daRATE DE AGREGAR ESTA FIGURA A TU COLECCI\u00d3N CHAINSAW MAN !<\/p>\n<p>FICHA TECNICA:<br \/>\n-ALTURA 16 CM<br \/>\n-DE LA SERIE DE ANIME CHAINSAW MAN.<br \/>\n-PARTE DE LA SERIE CHAIN SPIRITS.<br \/>\n-MUY DETALLADO<br \/>\n-ORIGEN JAPON<\/p>\n","protected":false},"excerpt":{"rendered":"<p>\u00a1DE LA POPULAR SERIE DE ANIME CHAINSAW MAN VIENE UNA NUEVA FIGURA DE POWER COMO PARTE DE LA L\u00cdNEA DE FIGURAS CHAIN SPIRITS! ESTA FIGURA PRESENTA AL PERSONAJE MEMORABLE EN SU ATUENDO Y POSE HABITUALES. ASEG\u00daRATE DE AGREGAR ESTA FIGURA A TU COLECCI\u00d3N CHAINSAW MAN !<\/p>\n","protected":false},"featured_media":2181,"comment_status":"open","ping_status":"closed","template":"","meta":[],"product_brand":[],"product_cat":[62,89],"product_tag":[35,52],"class_list":{"0":"post-2180","1":"product","2":"type-product","3":"status-publish","4":"has-post-thumbnail","6":"product_cat-chainsaw-man","7":"product_cat-novedades","8":"product_tag-bandai","9":"product_tag-banpresto","11":"first","12":"outofstock","13":"shipping-taxable","14":"purchasable","15":"product-type-simple"},"_links":{"self":[{"href":"https:\/\/juanchitoys.com\/index.php\/wp-json\/wp\/v2\/product\/2180","targetHints":{"allow":["GET"]}}],"collection":[{"href":"https:\/\/juanchitoys.com\/index.php\/wp-json\/wp\/v2\/product"}],"about":[{"href":"https:\/\/juanchitoys.com\/index.php\/wp-json\/wp\/v2\/types\/product"}],"replies":[{"embeddable":true,"href":"https:\/\/juanchitoys.com\/index.php\/wp-json\/wp\/v2\/comments?post=2180"}],"wp:featuredmedia":[{"embeddable":true,"href":"https:\/\/juanchitoys.com\/index.php\/wp-json\/wp\/v2\/media\/2181"}],"wp:attachment":[{"href":"https:\/\/juanchitoys.com\/index.php\/wp-json\/wp\/v2\/media?parent=2180"}],"wp:term":[{"taxonomy":"product_brand","embeddable":true,"href":"https:\/\/juanchitoys.com\/index.php\/wp-json\/wp\/v2\/product_brand?post=2180"},{"taxonomy":"product_cat","embeddable":true,"href":"https:\/\/juanchitoys.com\/index.php\/wp-json\/wp\/v2\/product_cat?post=2180"},{"taxonomy":"product_tag","embeddable":true,"href":"https:\/\/juanchitoys.com\/index.php\/wp-json\/wp\/v2\/product_tag?post=2180"}],"curies":[{"name":"wp","href":"https:\/\/api.w.org\/{rel}","templated":true}]}}