{"id":2152,"date":"2024-07-09T10:50:28","date_gmt":"2024-07-09T15:50:28","guid":{"rendered":"https:\/\/juanchitoys.com\/?post_type=product&#038;p=2152"},"modified":"2025-01-23T16:55:56","modified_gmt":"2025-01-23T21:55:56","slug":"tokyo-revengers-tetta-kisaki-bandai","status":"publish","type":"product","link":"https:\/\/juanchitoys.com\/index.php\/producto\/tokyo-revengers-tetta-kisaki-bandai\/","title":{"rendered":"TOKYO REVENGERS TETTA KISAKI BANDAI"},"content":{"rendered":"<p>&#8220;FIGURA TOKYO REVENGERS TETTA KISAKI BANDAI: CAPTURA LA ESENCIA DE TETTA KISAKI CON ESTA FIGURA DETALLADA Y DIN\u00c1MICA. PERFECTA PARA LOS FANS DE TOKYO REVENGERS, ESTA PIEZA ES UN IMPRESCINDIBLE EN CUALQUIER COLECCI\u00d3N, DESTAC\u00c1NDOSE POR SU CALIDAD Y FIDELIDAD AL ANIME.&#8221;<\/p>\n<p>FICHA TECNICA:<br \/>\nTAMA\u00d1O: 15 CM<br \/>\nLINEA BANDAI<br \/>\nFIGURA NO ARTICULABLE<br \/>\nORIGEN JAPON<\/p>\n","protected":false},"excerpt":{"rendered":"<p>&#8220;FIGURA TOKYO REVENGERS TETTA KISAKI BANDAI: CAPTURA LA ESENCIA DE TETTA KISAKI CON ESTA FIGURA DETALLADA Y DIN\u00c1MICA. PERFECTA PARA LOS FANS DE TOKYO REVENGERS, ESTA PIEZA ES UN IMPRESCINDIBLE EN CUALQUIER COLECCI\u00d3N, DESTAC\u00c1NDOSE POR SU CALIDAD Y FIDELIDAD AL ANIME.&#8221;<\/p>\n","protected":false},"featured_media":2153,"comment_status":"open","ping_status":"closed","template":"","meta":[],"product_brand":[],"product_cat":[29,89],"product_tag":[35],"class_list":{"0":"post-2152","1":"product","2":"type-product","3":"status-publish","4":"has-post-thumbnail","6":"product_cat-tokyo-revengers","7":"product_cat-novedades","8":"product_tag-bandai","10":"first","11":"instock","12":"sale","13":"shipping-taxable","14":"purchasable","15":"product-type-simple"},"_links":{"self":[{"href":"https:\/\/juanchitoys.com\/index.php\/wp-json\/wp\/v2\/product\/2152","targetHints":{"allow":["GET"]}}],"collection":[{"href":"https:\/\/juanchitoys.com\/index.php\/wp-json\/wp\/v2\/product"}],"about":[{"href":"https:\/\/juanchitoys.com\/index.php\/wp-json\/wp\/v2\/types\/product"}],"replies":[{"embeddable":true,"href":"https:\/\/juanchitoys.com\/index.php\/wp-json\/wp\/v2\/comments?post=2152"}],"wp:featuredmedia":[{"embeddable":true,"href":"https:\/\/juanchitoys.com\/index.php\/wp-json\/wp\/v2\/media\/2153"}],"wp:attachment":[{"href":"https:\/\/juanchitoys.com\/index.php\/wp-json\/wp\/v2\/media?parent=2152"}],"wp:term":[{"taxonomy":"product_brand","embeddable":true,"href":"https:\/\/juanchitoys.com\/index.php\/wp-json\/wp\/v2\/product_brand?post=2152"},{"taxonomy":"product_cat","embeddable":true,"href":"https:\/\/juanchitoys.com\/index.php\/wp-json\/wp\/v2\/product_cat?post=2152"},{"taxonomy":"product_tag","embeddable":true,"href":"https:\/\/juanchitoys.com\/index.php\/wp-json\/wp\/v2\/product_tag?post=2152"}],"curies":[{"name":"wp","href":"https:\/\/api.w.org\/{rel}","templated":true}]}}