{"id":214,"date":"2024-06-06T11:42:35","date_gmt":"2024-06-06T16:42:35","guid":{"rendered":"https:\/\/juanchitoys.com\/?post_type=product&#038;p=214"},"modified":"2025-01-23T17:02:16","modified_gmt":"2025-01-23T22:02:16","slug":"megumi-fushiguro-2","status":"publish","type":"product","link":"https:\/\/juanchitoys.com\/index.php\/producto\/megumi-fushiguro-2\/","title":{"rendered":"MEGUMI FUSHIGURO"},"content":{"rendered":"<p>MEGUMI ES UN HECHICERO JUJUTSU QUE UTILIZA LA T\u00c9CNICA DE LAS DIEZ SOMBRAS PARA LUCHAR CONTRA LOS DEMONIOS DE LA MALDICI\u00d3N. M\u00c1S ALL\u00c1 DE SU FR\u00cdO EXTERIOR, MEGUMI DESEA PROTEGER A LAS PERSONAS QUE VE COMO BUENAS O AMABLES.<br \/>\n\u00c9L ES, SIN EMBARGO, IMPLACABLE CON LOS CRIMINALES Y ASESINOS Y CREE QUE SON INDIGNOS DE SER SALVADOS.<\/p>\n<p>FICHA TECNICA:<\/p>\n<p>*MARCA SEGA<br \/>\n* JUJUTSU KAISEN: SEGA SENTADO &#8211; MEGUMI<br \/>\n* MATERIAL: PVC<br \/>\n* TAMA\u00d1O 16 CM DE ALTO<br \/>\n* ORIGEN JAPON<\/p>\n","protected":false},"excerpt":{"rendered":"<p>MEGUMI ES UN HECHICERO JUJUTSU QUE UTILIZA LA T\u00c9CNICA DE LAS DIEZ SOMBRAS PARA LUCHAR CONTRA LOS DEMONIOS DE LA MALDICI\u00d3N<\/p>\n","protected":false},"featured_media":215,"comment_status":"open","ping_status":"closed","template":"","meta":[],"product_brand":[],"product_cat":[22],"product_tag":[45],"class_list":{"0":"post-214","1":"product","2":"type-product","3":"status-publish","4":"has-post-thumbnail","6":"product_cat-jujutsu-kaisen","7":"product_tag-sega","9":"first","10":"instock","11":"shipping-taxable","12":"purchasable","13":"product-type-simple"},"_links":{"self":[{"href":"https:\/\/juanchitoys.com\/index.php\/wp-json\/wp\/v2\/product\/214","targetHints":{"allow":["GET"]}}],"collection":[{"href":"https:\/\/juanchitoys.com\/index.php\/wp-json\/wp\/v2\/product"}],"about":[{"href":"https:\/\/juanchitoys.com\/index.php\/wp-json\/wp\/v2\/types\/product"}],"replies":[{"embeddable":true,"href":"https:\/\/juanchitoys.com\/index.php\/wp-json\/wp\/v2\/comments?post=214"}],"wp:featuredmedia":[{"embeddable":true,"href":"https:\/\/juanchitoys.com\/index.php\/wp-json\/wp\/v2\/media\/215"}],"wp:attachment":[{"href":"https:\/\/juanchitoys.com\/index.php\/wp-json\/wp\/v2\/media?parent=214"}],"wp:term":[{"taxonomy":"product_brand","embeddable":true,"href":"https:\/\/juanchitoys.com\/index.php\/wp-json\/wp\/v2\/product_brand?post=214"},{"taxonomy":"product_cat","embeddable":true,"href":"https:\/\/juanchitoys.com\/index.php\/wp-json\/wp\/v2\/product_cat?post=214"},{"taxonomy":"product_tag","embeddable":true,"href":"https:\/\/juanchitoys.com\/index.php\/wp-json\/wp\/v2\/product_tag?post=214"}],"curies":[{"name":"wp","href":"https:\/\/api.w.org\/{rel}","templated":true}]}}