{"id":2110,"date":"2024-06-28T11:17:17","date_gmt":"2024-06-28T16:17:17","guid":{"rendered":"https:\/\/juanchitoys.com\/?post_type=product&#038;p=2110"},"modified":"2024-06-28T11:21:09","modified_gmt":"2024-06-28T16:21:09","slug":"charlie-y-la-fabrica-de-chocolate-willy-wonka","status":"publish","type":"product","link":"https:\/\/juanchitoys.com\/index.php\/producto\/charlie-y-la-fabrica-de-chocolate-willy-wonka\/","title":{"rendered":"CHARLIE Y LA FABRICA DE CHOCOLATE- WILLY WONKA"},"content":{"rendered":"<p><span style=\"vertical-align: inherit;\"><span style=\"vertical-align: inherit;\">LA FIGURA DE ACCI\u00d3N DE WILLY WONKA BASADA EN LA PEL\u00cdCULA &#8220;CHARLIE AND THE CHOCOLATE FACTORY&#8221; (2005), PRODUCIDA POR FUNRISE TOYS, CAPTURA LA ESENCIA DEL EXC\u00c9NTRICO Y MISTERIOSO PERSONAJE INTERPRETADO POR JOHNNY DEPP EN LA VERSI\u00d3N CINEMATOGR\u00c1FICA DIRIGIDA POR TIM BURTON. ESTA FIGURA EST\u00c1 DISE\u00d1ADA PARA REFLEJAR DE MANERA PRECISA LOS DETALLES Y LA EST\u00c9TICA \u00daNICA DE WILLY WONKA EN ESA ADAPTACI\u00d3N ESPEC\u00cdFICA. WILLY WONKA ES REPRESENTADO CON UN TRAJE EXTRAVAGANTE Y COLORIDO, T\u00cdPICAMENTE INSPIRADO EN EL ESTILO DE UN DANDY VICTORIANO MEZCLADO CON TOQUES MODERNOS Y SURREALISTAS. SU CABELLO PEINADO HACIA ATR\u00c1S, SOMBRERO DE COPA Y BAST\u00d3N CARACTER\u00cdSTICO SON ELEMENTOS QUE SUELEN ESTAR PRESENTES EN LA FIGURA DE ACCI\u00d3N PARA CAPTURAR LA IMAGEN IC\u00d3NICA DEL PERSONAJE.<\/span><\/span><\/p>\n<p><span style=\"vertical-align: inherit;\"><span style=\"vertical-align: inherit;\">* MATERIAL: PVC <\/span><\/span><br \/>\n<span style=\"vertical-align: inherit;\"><span style=\"vertical-align: inherit;\">* CHARLIE Y LA F\u00c1BRICA DE CHOCOLATE: FUNRISE 2005\/233 &#8211; WILLY WONKA <\/span><\/span><br \/>\n<span style=\"vertical-align: inherit;\"><span style=\"vertical-align: inherit;\">* TAMA\u00d1O: 17 CM DE ALTURA <\/span><\/span><br \/>\n<span style=\"vertical-align: inherit;\"><span style=\"vertical-align: inherit;\">* ORIGEN: USA<\/span><\/span><\/p>\n<p><span style=\"vertical-align: inherit;\"><span style=\"vertical-align: inherit;\">\u00a1CAJA DA\u00d1ADA! &#8211; \u00a1IMAGEN REFERENCIAL!<\/span><\/span><\/p>\n","protected":false},"excerpt":{"rendered":"<p><span style=\"vertical-align: inherit;\"><span style=\"vertical-align: inherit;\">LA FIGURA DE ACCI\u00d3N DE WILLY WONKA BASADA EN LA PEL\u00cdCULA &#8220;CHARLIE AND THE CHOCOLATE FACTORY&#8221; (2005), PRODUCIDA POR FUNRISE TOYS, CAPTURA LA ESENCIA DEL EXC\u00c9NTRICO Y MISTERIOSO PERSONAJE INTERPRETADO POR JOHNNY DEPP EN LA VERSI\u00d3N CINEMATOGR\u00c1FICA DIRIGIDA POR TIM BURTON.<\/span><\/span><\/p>\n","protected":false},"featured_media":2112,"comment_status":"open","ping_status":"closed","template":"","meta":[],"product_brand":[],"product_cat":[60,75],"product_tag":[],"class_list":{"0":"post-2110","1":"product","2":"type-product","3":"status-publish","4":"has-post-thumbnail","6":"product_cat-peliculas","7":"product_cat-varios","9":"first","10":"instock","11":"shipping-taxable","12":"purchasable","13":"product-type-simple"},"_links":{"self":[{"href":"https:\/\/juanchitoys.com\/index.php\/wp-json\/wp\/v2\/product\/2110","targetHints":{"allow":["GET"]}}],"collection":[{"href":"https:\/\/juanchitoys.com\/index.php\/wp-json\/wp\/v2\/product"}],"about":[{"href":"https:\/\/juanchitoys.com\/index.php\/wp-json\/wp\/v2\/types\/product"}],"replies":[{"embeddable":true,"href":"https:\/\/juanchitoys.com\/index.php\/wp-json\/wp\/v2\/comments?post=2110"}],"wp:featuredmedia":[{"embeddable":true,"href":"https:\/\/juanchitoys.com\/index.php\/wp-json\/wp\/v2\/media\/2112"}],"wp:attachment":[{"href":"https:\/\/juanchitoys.com\/index.php\/wp-json\/wp\/v2\/media?parent=2110"}],"wp:term":[{"taxonomy":"product_brand","embeddable":true,"href":"https:\/\/juanchitoys.com\/index.php\/wp-json\/wp\/v2\/product_brand?post=2110"},{"taxonomy":"product_cat","embeddable":true,"href":"https:\/\/juanchitoys.com\/index.php\/wp-json\/wp\/v2\/product_cat?post=2110"},{"taxonomy":"product_tag","embeddable":true,"href":"https:\/\/juanchitoys.com\/index.php\/wp-json\/wp\/v2\/product_tag?post=2110"}],"curies":[{"name":"wp","href":"https:\/\/api.w.org\/{rel}","templated":true}]}}