{"id":210,"date":"2024-06-06T11:40:20","date_gmt":"2024-06-06T16:40:20","guid":{"rendered":"https:\/\/juanchitoys.com\/?post_type=product&#038;p=210"},"modified":"2025-11-19T13:19:02","modified_gmt":"2025-11-19T18:19:02","slug":"megumi-fushiguro","status":"publish","type":"product","link":"https:\/\/juanchitoys.com\/index.php\/producto\/megumi-fushiguro\/","title":{"rendered":"MEGUMI FUSHIGURO"},"content":{"rendered":"<p>DESCUBRE ESTA INCREIBLE FIGURA DE\u00a0 MEGUMI EN SU LINEA MAXIMATIC!! JUJUTSU KAISEN ES UNA FRANQUICIA DE MEDIOS JAPONESA BASADA EN LA SERIE DE MANGA CREADA POR GEGE AKUTAMI. LA POPULAR FRANQUICIA RECIBI\u00d3 UNA ADAPTACI\u00d3N DE ANIME Y SE HA CONVERTIDO EN UNA DE LAS MARCAS M\u00c1S IMPORTANTES EN EL PANORAMA DE LOS MEDIOS JAPONESES.<\/p>\n<p>FICHA TECNICA:<br \/>\n* JUJUTSU KAISEN: MAXIMATIC &#8211; MEGUMI<br \/>\n* MATERIAL: PVC<br \/>\n* TAMA\u00d1O 16 CM DE ALTO<br \/>\n* ORIGEN JAPON<\/p>\n","protected":false},"excerpt":{"rendered":"<p>DESCUBRE ESTA INCREIBLE FIGURA DE\u00a0 MEGUMI EN SU LINEA MAXIMATIC<\/p>\n","protected":false},"featured_media":212,"comment_status":"open","ping_status":"closed","template":"","meta":[],"product_brand":[],"product_cat":[22],"product_tag":[35,44],"class_list":{"0":"post-210","1":"product","2":"type-product","3":"status-publish","4":"has-post-thumbnail","6":"product_cat-jujutsu-kaisen","7":"product_tag-bandai","8":"product_tag-maximatic","10":"first","11":"outofstock","12":"shipping-taxable","13":"purchasable","14":"product-type-simple"},"_links":{"self":[{"href":"https:\/\/juanchitoys.com\/index.php\/wp-json\/wp\/v2\/product\/210","targetHints":{"allow":["GET"]}}],"collection":[{"href":"https:\/\/juanchitoys.com\/index.php\/wp-json\/wp\/v2\/product"}],"about":[{"href":"https:\/\/juanchitoys.com\/index.php\/wp-json\/wp\/v2\/types\/product"}],"replies":[{"embeddable":true,"href":"https:\/\/juanchitoys.com\/index.php\/wp-json\/wp\/v2\/comments?post=210"}],"wp:featuredmedia":[{"embeddable":true,"href":"https:\/\/juanchitoys.com\/index.php\/wp-json\/wp\/v2\/media\/212"}],"wp:attachment":[{"href":"https:\/\/juanchitoys.com\/index.php\/wp-json\/wp\/v2\/media?parent=210"}],"wp:term":[{"taxonomy":"product_brand","embeddable":true,"href":"https:\/\/juanchitoys.com\/index.php\/wp-json\/wp\/v2\/product_brand?post=210"},{"taxonomy":"product_cat","embeddable":true,"href":"https:\/\/juanchitoys.com\/index.php\/wp-json\/wp\/v2\/product_cat?post=210"},{"taxonomy":"product_tag","embeddable":true,"href":"https:\/\/juanchitoys.com\/index.php\/wp-json\/wp\/v2\/product_tag?post=210"}],"curies":[{"name":"wp","href":"https:\/\/api.w.org\/{rel}","templated":true}]}}