{"id":1891,"date":"2024-06-19T19:32:39","date_gmt":"2024-06-20T00:32:39","guid":{"rendered":"https:\/\/juanchitoys.com\/?post_type=product&#038;p=1891"},"modified":"2025-01-23T17:00:08","modified_gmt":"2025-01-23T22:00:08","slug":"tokyo-revengers-hajime-kokonoi-taito","status":"publish","type":"product","link":"https:\/\/juanchitoys.com\/index.php\/producto\/tokyo-revengers-hajime-kokonoi-taito\/","title":{"rendered":"TOKYO REVENGERS HAJIME KOKONOI TAITO"},"content":{"rendered":"<p>LA FIGURA &#8220;TOKYO REVENGERS HAJIME KOKONOI TAITO&#8221; REPRESENTA A HAJIME KOKONOI, UN PERSONAJE DEL MANGA Y ANIME &#8220;TOKYO REVENGERS&#8221;. ESTA FIGURA CAPTURA A HAJIME EN UNA POSE DIN\u00c1MICA Y DETALLADA, REFLEJANDO SU PERSONALIDAD Y ESTILO CARACTER\u00cdSTICOS. ES UNA OPCI\u00d3N IDEAL PARA LOS FAN\u00c1TICOS DE LA SERIE QUE DESEAN AGREGAR UNA REPRESENTACI\u00d3N FIEL Y AUT\u00c9NTICA DE ESTE PERSONAJE A SU COLECCI\u00d3N DE FIGURAS.<\/p>\n<p>FICHA TECNICA<br \/>\nTAMA\u00d1O 17 CM<br \/>\nMARCA TAITO<br \/>\nORIGEN JAPON<\/p>\n","protected":false},"excerpt":{"rendered":"<p>LA FIGURA &#8220;TOKYO REVENGERS HAJIME KOKONOI TAITO&#8221; REPRESENTA A HAJIME KOKONOI, UN PERSONAJE DEL MANGA Y ANIME &#8220;TOKYO REVENGERS&#8221;. ESTA FIGURA CAPTURA A HAJIME EN UNA POSE DIN\u00c1MICA Y DETALLADA<\/p>\n","protected":false},"featured_media":1893,"comment_status":"open","ping_status":"closed","template":"","meta":[],"product_brand":[],"product_cat":[89,29],"product_tag":[43],"class_list":{"0":"post-1891","1":"product","2":"type-product","3":"status-publish","4":"has-post-thumbnail","6":"product_cat-novedades","7":"product_cat-tokyo-revengers","8":"product_tag-taito","10":"first","11":"instock","12":"sale","13":"shipping-taxable","14":"purchasable","15":"product-type-simple"},"_links":{"self":[{"href":"https:\/\/juanchitoys.com\/index.php\/wp-json\/wp\/v2\/product\/1891","targetHints":{"allow":["GET"]}}],"collection":[{"href":"https:\/\/juanchitoys.com\/index.php\/wp-json\/wp\/v2\/product"}],"about":[{"href":"https:\/\/juanchitoys.com\/index.php\/wp-json\/wp\/v2\/types\/product"}],"replies":[{"embeddable":true,"href":"https:\/\/juanchitoys.com\/index.php\/wp-json\/wp\/v2\/comments?post=1891"}],"wp:featuredmedia":[{"embeddable":true,"href":"https:\/\/juanchitoys.com\/index.php\/wp-json\/wp\/v2\/media\/1893"}],"wp:attachment":[{"href":"https:\/\/juanchitoys.com\/index.php\/wp-json\/wp\/v2\/media?parent=1891"}],"wp:term":[{"taxonomy":"product_brand","embeddable":true,"href":"https:\/\/juanchitoys.com\/index.php\/wp-json\/wp\/v2\/product_brand?post=1891"},{"taxonomy":"product_cat","embeddable":true,"href":"https:\/\/juanchitoys.com\/index.php\/wp-json\/wp\/v2\/product_cat?post=1891"},{"taxonomy":"product_tag","embeddable":true,"href":"https:\/\/juanchitoys.com\/index.php\/wp-json\/wp\/v2\/product_tag?post=1891"}],"curies":[{"name":"wp","href":"https:\/\/api.w.org\/{rel}","templated":true}]}}