{"id":1871,"date":"2024-06-19T19:24:13","date_gmt":"2024-06-20T00:24:13","guid":{"rendered":"https:\/\/juanchitoys.com\/?post_type=product&#038;p=1871"},"modified":"2025-11-19T13:25:31","modified_gmt":"2025-11-19T18:25:31","slug":"spy-x-family-fiona-frost-perching-sega","status":"publish","type":"product","link":"https:\/\/juanchitoys.com\/index.php\/producto\/spy-x-family-fiona-frost-perching-sega\/","title":{"rendered":"SPY X FAMILY FIONA FROST PERCHING SEGA"},"content":{"rendered":"<p>SEGA PREMIUM PERCHING FIGURE: SPY X FAMILY &#8211; FIONA FROST<\/p>\n<p>\u00a1GENIAL!<\/p>\n<p>DIRECTO DE LA SERIE DE MANGA ESCRITA E ILUSTRADA POR TATSUYA END\u014c, SPY X FAMILY, NUESTROS AMIGOS DE SEGA PRESENTAN UNA NUEVA FIGURA COMO PARTE DE LA SERIE DE FIGURAS PREMIUM PERCHING DEDICADA A LA INEXPRESIVA FACIALMENTE, FIONA FROST.<\/p>\n<p>LA FIGURA HA SIDO FABRICADA CON LA M\u00c1S ALTA CALIDAD Y DISE\u00d1ADA MINUCIOSAMENTE PARA NO DEJAR PASAR EL M\u00c1S M\u00cdNIMO DETALLE DEL PERSONAJE ORIGINAL. \u00a1NO OLVIDES AGREGARLA HOY A TU COLOSAL COLECCI\u00d3N DE FIGURAS!<\/p>\n<p>FICHA TECNICA<br \/>\nTAMA\u00d1O 13 CM<br \/>\nMARCA SEGA<br \/>\nORIGEN JAPON<\/p>\n","protected":false},"excerpt":{"rendered":"<p>SEGA PREMIUM PERCHING FIGURE: SPY X FAMILY &#8211; FIONA FROST<\/p>\n","protected":false},"featured_media":1875,"comment_status":"open","ping_status":"closed","template":"","meta":[],"product_brand":[],"product_cat":[89,65],"product_tag":[45],"class_list":{"0":"post-1871","1":"product","2":"type-product","3":"status-publish","4":"has-post-thumbnail","6":"product_cat-novedades","7":"product_cat-spy-x-family","8":"product_tag-sega","10":"first","11":"outofstock","12":"shipping-taxable","13":"purchasable","14":"product-type-simple"},"_links":{"self":[{"href":"https:\/\/juanchitoys.com\/index.php\/wp-json\/wp\/v2\/product\/1871","targetHints":{"allow":["GET"]}}],"collection":[{"href":"https:\/\/juanchitoys.com\/index.php\/wp-json\/wp\/v2\/product"}],"about":[{"href":"https:\/\/juanchitoys.com\/index.php\/wp-json\/wp\/v2\/types\/product"}],"replies":[{"embeddable":true,"href":"https:\/\/juanchitoys.com\/index.php\/wp-json\/wp\/v2\/comments?post=1871"}],"wp:featuredmedia":[{"embeddable":true,"href":"https:\/\/juanchitoys.com\/index.php\/wp-json\/wp\/v2\/media\/1875"}],"wp:attachment":[{"href":"https:\/\/juanchitoys.com\/index.php\/wp-json\/wp\/v2\/media?parent=1871"}],"wp:term":[{"taxonomy":"product_brand","embeddable":true,"href":"https:\/\/juanchitoys.com\/index.php\/wp-json\/wp\/v2\/product_brand?post=1871"},{"taxonomy":"product_cat","embeddable":true,"href":"https:\/\/juanchitoys.com\/index.php\/wp-json\/wp\/v2\/product_cat?post=1871"},{"taxonomy":"product_tag","embeddable":true,"href":"https:\/\/juanchitoys.com\/index.php\/wp-json\/wp\/v2\/product_tag?post=1871"}],"curies":[{"name":"wp","href":"https:\/\/api.w.org\/{rel}","templated":true}]}}