{"id":1850,"date":"2024-06-19T19:07:00","date_gmt":"2024-06-20T00:07:00","guid":{"rendered":"https:\/\/juanchitoys.com\/?post_type=product&#038;p=1850"},"modified":"2024-09-22T13:03:05","modified_gmt":"2024-09-22T18:03:05","slug":"spy-x-family-anya-forger-noodle-stopper-smile","status":"publish","type":"product","link":"https:\/\/juanchitoys.com\/index.php\/producto\/spy-x-family-anya-forger-noodle-stopper-smile\/","title":{"rendered":"SPY X FAMILY ANYA FORGER NOODLE STOPPER SMILE"},"content":{"rendered":"<p>EL &#8220;SPY X FAMILY ANYA FORGER NOODLE STOPPER SMILE&#8221; ES UNA FIGURA QUE REPRESENTA A ANYA FORGER DEL MANGA &#8220;SPY X FAMILY&#8221;. ANYA EST\u00c1 DISE\u00d1ADA EN UN ESTILO &#8220;NOODLE STOPPER&#8221;, IDEAL PARA COLOCAR SOBRE LA TAPA DE UN RECIPIENTE PARA DETENER LOS FIDEOS. ESTA FIGURA CAPTURA LA SONRISA ENCANTADORA Y JUGUETONA DE ANYA, CON DETALLES PRECISOS EN SU VESTIMENTA Y EXPRESI\u00d3N FACIAL. ES PERFECTA PARA LOS FAN\u00c1TICOS DE LA SERIE QUE BUSCAN UNA REPRESENTACI\u00d3N ALEGRE Y DETALLADA DE ESTE PERSONAJE EN SU COLECCI\u00d3N.<\/p>\n<p>FICHA TECNICA<br \/>\nTAMA\u00d1O 11 CM<br \/>\nMARCA FURYU<br \/>\nORIGEN JAPON<\/p>\n","protected":false},"excerpt":{"rendered":"<p>EL &#8220;SPY X FAMILY ANYA FORGER NOODLE STOPPER SMILE&#8221; ES UNA FIGURA QUE REPRESENTA A ANYA FORGER DEL MANGA &#8220;SPY X FAMILY&#8221;. ANYA EST\u00c1 DISE\u00d1ADA EN UN ESTILO &#8220;NOODLE STOPPER&#8221;<\/p>\n","protected":false},"featured_media":1854,"comment_status":"open","ping_status":"closed","template":"","meta":[],"product_brand":[],"product_cat":[89,65],"product_tag":[57],"class_list":{"0":"post-1850","1":"product","2":"type-product","3":"status-publish","4":"has-post-thumbnail","6":"product_cat-novedades","7":"product_cat-spy-x-family","8":"product_tag-furyu","10":"first","11":"instock","12":"shipping-taxable","13":"purchasable","14":"product-type-simple"},"_links":{"self":[{"href":"https:\/\/juanchitoys.com\/index.php\/wp-json\/wp\/v2\/product\/1850","targetHints":{"allow":["GET"]}}],"collection":[{"href":"https:\/\/juanchitoys.com\/index.php\/wp-json\/wp\/v2\/product"}],"about":[{"href":"https:\/\/juanchitoys.com\/index.php\/wp-json\/wp\/v2\/types\/product"}],"replies":[{"embeddable":true,"href":"https:\/\/juanchitoys.com\/index.php\/wp-json\/wp\/v2\/comments?post=1850"}],"wp:featuredmedia":[{"embeddable":true,"href":"https:\/\/juanchitoys.com\/index.php\/wp-json\/wp\/v2\/media\/1854"}],"wp:attachment":[{"href":"https:\/\/juanchitoys.com\/index.php\/wp-json\/wp\/v2\/media?parent=1850"}],"wp:term":[{"taxonomy":"product_brand","embeddable":true,"href":"https:\/\/juanchitoys.com\/index.php\/wp-json\/wp\/v2\/product_brand?post=1850"},{"taxonomy":"product_cat","embeddable":true,"href":"https:\/\/juanchitoys.com\/index.php\/wp-json\/wp\/v2\/product_cat?post=1850"},{"taxonomy":"product_tag","embeddable":true,"href":"https:\/\/juanchitoys.com\/index.php\/wp-json\/wp\/v2\/product_tag?post=1850"}],"curies":[{"name":"wp","href":"https:\/\/api.w.org\/{rel}","templated":true}]}}