{"id":1835,"date":"2024-06-19T18:54:10","date_gmt":"2024-06-19T23:54:10","guid":{"rendered":"https:\/\/juanchitoys.com\/?post_type=product&#038;p=1835"},"modified":"2026-01-13T18:15:15","modified_gmt":"2026-01-13T23:15:15","slug":"re-zero-rem-fluffy-hoodie-yellow-taito","status":"publish","type":"product","link":"https:\/\/juanchitoys.com\/index.php\/producto\/re-zero-rem-fluffy-hoodie-yellow-taito\/","title":{"rendered":"RE ZERO REM FLUFFY HOODIE YELLOW TAITO"},"content":{"rendered":"<p>LA FIGURA &#8220;REM FLUFFY HOODIE YELLOW&#8221; DE TAITO REPRESENTA A REM, UNO DE LOS PERSONAJES PRINCIPALES DE &#8220;RE-ZERO STARTING LIFE IN ANOTHER WORLD&#8221;, EN UNA VERSI\u00d3N CASUAL Y ADORABLE CON UN SU\u00c9TER AMARILLO Y CAPUCHA. ESTA FIGURA CAPTURA LA TERNURA Y EL ENCANTO DE REM EN UN ESTILO M\u00c1S RELAJADO Y COTIDIANO, IDEAL PARA LOS FAN\u00c1TICOS QUE DISFRUTAN DE VER A SUS PERSONAJES FAVORITOS EN ATUENDOS CASUALES. ES UNA PIEZA DE COLECCI\u00d3N ATRACTIVA PARA LOS ENTUSIASTAS DE &#8220;RE-ZERO&#8221; QUE DESEAN TENER UNA REPRESENTACI\u00d3N L\u00daDICA Y ENCANTADORA DE REM EN SU COLECCI\u00d3N.<\/p>\n<p>FICHA TECNICA<br \/>\nTAMA\u00d1O 25 CM<br \/>\nMARCA TAITO<br \/>\nORIGEN JAPON<\/p>\n","protected":false},"excerpt":{"rendered":"<p>LA FIGURA &#8220;REM FLUFFY HOODIE YELLOW&#8221; DE TAITO REPRESENTA A REM, UNO DE LOS PERSONAJES PRINCIPALES DE &#8220;RE-ZERO STARTING LIFE IN ANOTHER WORLD&#8221;, EN UNA VERSI\u00d3N CASUAL Y ADORABLE CON UN SU\u00c9TER AMARILLO Y CAPUCHA.<\/p>\n","protected":false},"featured_media":1839,"comment_status":"open","ping_status":"closed","template":"","meta":[],"product_brand":[],"product_cat":[89,84,26],"product_tag":[43],"class_list":{"0":"post-1835","1":"product","2":"type-product","3":"status-publish","4":"has-post-thumbnail","6":"product_cat-novedades","7":"product_cat-ofertas","8":"product_cat-re-zero","9":"product_tag-taito","11":"first","12":"outofstock","13":"sale","14":"shipping-taxable","15":"purchasable","16":"product-type-simple"},"_links":{"self":[{"href":"https:\/\/juanchitoys.com\/index.php\/wp-json\/wp\/v2\/product\/1835","targetHints":{"allow":["GET"]}}],"collection":[{"href":"https:\/\/juanchitoys.com\/index.php\/wp-json\/wp\/v2\/product"}],"about":[{"href":"https:\/\/juanchitoys.com\/index.php\/wp-json\/wp\/v2\/types\/product"}],"replies":[{"embeddable":true,"href":"https:\/\/juanchitoys.com\/index.php\/wp-json\/wp\/v2\/comments?post=1835"}],"wp:featuredmedia":[{"embeddable":true,"href":"https:\/\/juanchitoys.com\/index.php\/wp-json\/wp\/v2\/media\/1839"}],"wp:attachment":[{"href":"https:\/\/juanchitoys.com\/index.php\/wp-json\/wp\/v2\/media?parent=1835"}],"wp:term":[{"taxonomy":"product_brand","embeddable":true,"href":"https:\/\/juanchitoys.com\/index.php\/wp-json\/wp\/v2\/product_brand?post=1835"},{"taxonomy":"product_cat","embeddable":true,"href":"https:\/\/juanchitoys.com\/index.php\/wp-json\/wp\/v2\/product_cat?post=1835"},{"taxonomy":"product_tag","embeddable":true,"href":"https:\/\/juanchitoys.com\/index.php\/wp-json\/wp\/v2\/product_tag?post=1835"}],"curies":[{"name":"wp","href":"https:\/\/api.w.org\/{rel}","templated":true}]}}